{"id":4375,"date":"2023-12-11T16:36:59","date_gmt":"2023-12-11T16:36:59","guid":{"rendered":"https:\/\/yournordichome.com\/product\/floor-lamp-nature-rubberwood\/"},"modified":"2025-12-18T10:11:31","modified_gmt":"2025-12-18T10:11:31","slug":"stehlampe-natur-gummibaum","status":"publish","type":"product","link":"https:\/\/yournordichome.com\/de\/product\/floor-lamp-nature-rubberwood\/","title":{"rendered":"Stehleuchte, Natur, Gummiholz"},"content":{"rendered":"<p>Die Leonor Stehleuchte von Creative Collection ist aus Kautschukholz in einer langen und schlanken Form gefertigt, die ihr ein elegantes Aussehen verleiht. Der Schirm ist aus Leinen in einer hellen und nat\u00fcrlichen Farbe gefertigt.<\/p>\n<p>Abmessungen des Produkts: T45xH130 cm<br \/>\nGr\u00f6\u00dfe des Lampenschirms: 40x45xH35 cm<br \/>\nFarbe: Natur<br \/>\nZusammensetzung: Gummiholz, Leinen, Eisen<br \/>\nCE-gepr\u00fcft: Ja<br \/>\nEnergieklasse der Gl\u00fchbirne: Alle Klassen<br \/>\nInklusive Gl\u00fchbirne: Nein<br \/>\nForm der Gl\u00fchbirne: Gew\u00f6hnlich<br \/>\nGr\u00f6\u00dfe der Gl\u00fchbirne: E27<br \/>\nGl\u00fchbirnen-Typ: Gew\u00f6hnlich und LED<br \/>\nWattleistung der Gl\u00fchbirne: Max LED 5W \/CFL 9W \/40W<br \/>\nFarbe der Kordel: Klar<br \/>\nKordell\u00e4nge: 200 cm<br \/>\nMaterial der Schnur: Kunststoff<br \/>\nSchalter: Am Kabel<br \/>\nVerwendung im Freien: Nein<\/p>","protected":false},"excerpt":{"rendered":"<p>Stehleuchte im nordischen Stil mit einem klaren Design. Sie ist aus naturfarbenem Gummibaumholz gefertigt und der Schirm ist aus Leinen gefertigt. Ihre subtilen nat\u00fcrlichen Farben machen sie zu einer besonderen Erg\u00e4nzung f\u00fcr Ihr Zuhause.<\/p>","protected":false},"featured_media":4363,"comment_status":"closed","ping_status":"closed","template":"","meta":{"_acf_changed":false,"_kad_post_transparent":"default","_kad_post_title":"","_kad_post_layout":"default","_kad_post_sidebar_id":"","_kad_post_content_style":"default","_kad_post_vertical_padding":"default","_kad_post_feature":"","_kad_post_feature_position":"","_kad_post_header":false,"_kad_post_footer":false,"_kad_post_classname":""},"pwb-brand":[17],"product_brand":[],"product_cat":[176,72],"product_tag":[334,398,397,34,117,396,1059],"gyarto":[],"class_list":{"0":"post-4375","1":"product","2":"type-product","3":"status-publish","4":"has-post-thumbnail","6":"pwb-brand-bloomingville","7":"product_cat-floor-lamp","8":"product_cat-lamp","9":"product_tag-new-arrivals","10":"product_tag-nordic-design","11":"product_tag-nordic-home","12":"product_tag-nordic-interior-design","13":"product_tag-nordic-lamp","14":"product_tag-nordic-style","15":"product_tag-spring-summer-2024","16":"pa_colour-nature","17":"pa_material-rubberwood","19":"first","20":"instock","21":"taxable","22":"shipping-taxable","23":"purchasable","24":"product-type-simple","25":"entry","26":"content-bg","27":"loop-entry"},"acf":[],"brands":[{"id":17,"name":"Bloomingville","slug":"bloomingville"}],"_links":{"self":[{"href":"https:\/\/yournordichome.com\/de\/wp-json\/wp\/v2\/product\/4375","targetHints":{"allow":["GET"]}}],"collection":[{"href":"https:\/\/yournordichome.com\/de\/wp-json\/wp\/v2\/product"}],"about":[{"href":"https:\/\/yournordichome.com\/de\/wp-json\/wp\/v2\/types\/product"}],"replies":[{"embeddable":true,"href":"https:\/\/yournordichome.com\/de\/wp-json\/wp\/v2\/comments?post=4375"}],"wp:featuredmedia":[{"embeddable":true,"href":"https:\/\/yournordichome.com\/de\/wp-json\/wp\/v2\/media\/4363"}],"wp:attachment":[{"href":"https:\/\/yournordichome.com\/de\/wp-json\/wp\/v2\/media?parent=4375"}],"wp:term":[{"taxonomy":"pwb-brand","embeddable":true,"href":"https:\/\/yournordichome.com\/de\/wp-json\/wp\/v2\/pwb-brand?post=4375"},{"taxonomy":"product_brand","embeddable":true,"href":"https:\/\/yournordichome.com\/de\/wp-json\/wp\/v2\/product_brand?post=4375"},{"taxonomy":"product_cat","embeddable":true,"href":"https:\/\/yournordichome.com\/de\/wp-json\/wp\/v2\/product_cat?post=4375"},{"taxonomy":"product_tag","embeddable":true,"href":"https:\/\/yournordichome.com\/de\/wp-json\/wp\/v2\/product_tag?post=4375"},{"taxonomy":"gyarto","embeddable":true,"href":"https:\/\/yournordichome.com\/de\/wp-json\/wp\/v2\/gyarto?post=4375"}],"curies":[{"name":"wp","href":"https:\/\/api.w.org\/{rel}","templated":true}]}}