{"id":4220,"date":"2023-12-03T15:29:16","date_gmt":"2023-12-03T15:29:16","guid":{"rendered":"https:\/\/yournordichome.com\/product\/bench-in-light-boucle-fabric\/"},"modified":"2025-07-30T16:54:57","modified_gmt":"2025-07-30T16:54:57","slug":"bank-aus-hellem-boucle-stoff","status":"publish","type":"product","link":"https:\/\/yournordichome.com\/de\/product\/bench-in-light-boucle-fabric\/","title":{"rendered":"Bank aus hellem Boucl\u00e9-Stoff"},"content":{"rendered":"<p><strong>Die Bobbie-Bank von Bloomingville<\/strong> ist eine organisch geformte Bank aus leichtem Boucl\u00e9-Stoff. Die Bank ist f\u00fcr sich genommen sehr dekorativ, kann aber auch mit Kissen, \u00dcberw\u00fcrfen oder anderen dekorativen Elementen gestaltet werden. Ganz gleich, wie Sie sie verwenden, die Bobbie Bench ist eine sch\u00f6ne und funktionale Erg\u00e4nzung f\u00fcr Ihr Zuhause.<\/p>\n<p>Abmessungen des Produkts: L100xH45xB45 cm<br \/>\nFarbe: Wei\u00df<br \/>\nZusammensetzung: Polyester, Sperrholz, Kiefernholz<br \/>\nPflegehinweise: Fleckenreinigung &amp; Staubsaugen<br \/>\nMaximale Gewichtskapazit\u00e4t: 120 kg<\/p>","protected":false},"excerpt":{"rendered":"<p>Sitzbank aus leichtem Boucl\u00e9-Stoff mit organischer Form.<\/p>","protected":false},"featured_media":4204,"comment_status":"closed","ping_status":"closed","template":"","meta":{"_acf_changed":false,"_kad_post_transparent":"default","_kad_post_title":"","_kad_post_layout":"default","_kad_post_sidebar_id":"","_kad_post_content_style":"default","_kad_post_vertical_padding":"default","_kad_post_feature":"","_kad_post_feature_position":"","_kad_post_header":false,"_kad_post_footer":false,"_kad_post_classname":""},"pwb-brand":[17],"product_brand":[],"product_cat":[171,152],"product_tag":[334,173,398,397,34,396,1059],"gyarto":[],"class_list":{"0":"post-4220","1":"product","2":"type-product","3":"status-publish","4":"has-post-thumbnail","6":"pwb-brand-bloomingville","7":"product_cat-bench","8":"product_cat-chair","9":"product_tag-new-arrivals","10":"product_tag-nordic-bench","11":"product_tag-nordic-design","12":"product_tag-nordic-home","13":"product_tag-nordic-interior-design","14":"product_tag-nordic-style","15":"product_tag-spring-summer-2024","16":"pa_colour-nature","17":"pa_material-polyester","19":"first","20":"instock","21":"taxable","22":"shipping-taxable","23":"purchasable","24":"product-type-simple","25":"entry","26":"content-bg","27":"loop-entry"},"acf":[],"brands":[{"id":17,"name":"Bloomingville","slug":"bloomingville"}],"_links":{"self":[{"href":"https:\/\/yournordichome.com\/de\/wp-json\/wp\/v2\/product\/4220","targetHints":{"allow":["GET"]}}],"collection":[{"href":"https:\/\/yournordichome.com\/de\/wp-json\/wp\/v2\/product"}],"about":[{"href":"https:\/\/yournordichome.com\/de\/wp-json\/wp\/v2\/types\/product"}],"replies":[{"embeddable":true,"href":"https:\/\/yournordichome.com\/de\/wp-json\/wp\/v2\/comments?post=4220"}],"wp:featuredmedia":[{"embeddable":true,"href":"https:\/\/yournordichome.com\/de\/wp-json\/wp\/v2\/media\/4204"}],"wp:attachment":[{"href":"https:\/\/yournordichome.com\/de\/wp-json\/wp\/v2\/media?parent=4220"}],"wp:term":[{"taxonomy":"pwb-brand","embeddable":true,"href":"https:\/\/yournordichome.com\/de\/wp-json\/wp\/v2\/pwb-brand?post=4220"},{"taxonomy":"product_brand","embeddable":true,"href":"https:\/\/yournordichome.com\/de\/wp-json\/wp\/v2\/product_brand?post=4220"},{"taxonomy":"product_cat","embeddable":true,"href":"https:\/\/yournordichome.com\/de\/wp-json\/wp\/v2\/product_cat?post=4220"},{"taxonomy":"product_tag","embeddable":true,"href":"https:\/\/yournordichome.com\/de\/wp-json\/wp\/v2\/product_tag?post=4220"},{"taxonomy":"gyarto","embeddable":true,"href":"https:\/\/yournordichome.com\/de\/wp-json\/wp\/v2\/gyarto?post=4220"}],"curies":[{"name":"wp","href":"https:\/\/api.w.org\/{rel}","templated":true}]}}