{"id":4219,"date":"2023-12-03T15:29:16","date_gmt":"2023-12-03T15:29:16","guid":{"rendered":"https:\/\/yournordichome.com\/product\/bookcase-w-two-shelves-nature-rubberwood\/"},"modified":"2025-07-30T16:55:14","modified_gmt":"2025-07-30T16:55:14","slug":"bucherregal-mit-zwei-einlegeboden-natur-gummiholz","status":"publish","type":"product","link":"https:\/\/yournordichome.com\/de\/product\/bookcase-w-two-shelves-nature-rubberwood\/","title":{"rendered":"B\u00fccherregal mit zwei Einlegeb\u00f6den, Natur, Rubberwood"},"content":{"rendered":"<p><strong>Das Alec B\u00fccherregal von Bloomingville<\/strong> ist aus hellem Gummibaumholz gefertigt. Es hat ein sch\u00f6nes, grafisches Design, das jedem Raum einen modernen Touch verleiht. Das B\u00fccherregal kann auf verschiedene Weise positioniert werden und dient sowohl als traditionelles B\u00fccherregal an der Wand als auch als niedriger Raumteiler. Das Regal ist ideal f\u00fcr die Aufbewahrung von B\u00fcchern und Dekorationsartikeln.<\/p>\n<p>Abmessungen des Produkts: L85xH70xB25 cm<br \/>\nFarbe: Natur<br \/>\nZusammensetzung: Gummiholz<br \/>\nMaximale Tragkraft: 20 kg pro Fachboden<\/p>","protected":false},"excerpt":{"rendered":"<p>B\u00fccherregal mit zwei Einlegeb\u00f6den aus Kautschukholz im Naturdesign.<\/p>","protected":false},"featured_media":4209,"comment_status":"closed","ping_status":"closed","template":"","meta":{"_acf_changed":false,"_kad_post_transparent":"default","_kad_post_title":"","_kad_post_layout":"default","_kad_post_sidebar_id":"","_kad_post_content_style":"default","_kad_post_vertical_padding":"default","_kad_post_feature":"","_kad_post_feature_position":"","_kad_post_header":false,"_kad_post_footer":false,"_kad_post_classname":""},"pwb-brand":[17],"product_brand":[],"product_cat":[94,141],"product_tag":[133,334,398,397,34,396,136,1059],"gyarto":[],"class_list":{"0":"post-4219","1":"product","2":"type-product","3":"status-publish","4":"has-post-thumbnail","6":"pwb-brand-bloomingville","7":"product_cat-furniture","8":"product_cat-shelving-unit","9":"product_tag-bookcase","10":"product_tag-new-arrivals","11":"product_tag-nordic-design","12":"product_tag-nordic-home","13":"product_tag-nordic-interior-design","14":"product_tag-nordic-style","15":"product_tag-shelves","16":"product_tag-spring-summer-2024","17":"pa_colour-nature","18":"pa_material-rubberwood","20":"first","21":"instock","22":"taxable","23":"shipping-taxable","24":"purchasable","25":"product-type-simple","26":"entry","27":"content-bg","28":"loop-entry"},"acf":[],"brands":[{"id":17,"name":"Bloomingville","slug":"bloomingville"}],"_links":{"self":[{"href":"https:\/\/yournordichome.com\/de\/wp-json\/wp\/v2\/product\/4219","targetHints":{"allow":["GET"]}}],"collection":[{"href":"https:\/\/yournordichome.com\/de\/wp-json\/wp\/v2\/product"}],"about":[{"href":"https:\/\/yournordichome.com\/de\/wp-json\/wp\/v2\/types\/product"}],"replies":[{"embeddable":true,"href":"https:\/\/yournordichome.com\/de\/wp-json\/wp\/v2\/comments?post=4219"}],"wp:featuredmedia":[{"embeddable":true,"href":"https:\/\/yournordichome.com\/de\/wp-json\/wp\/v2\/media\/4209"}],"wp:attachment":[{"href":"https:\/\/yournordichome.com\/de\/wp-json\/wp\/v2\/media?parent=4219"}],"wp:term":[{"taxonomy":"pwb-brand","embeddable":true,"href":"https:\/\/yournordichome.com\/de\/wp-json\/wp\/v2\/pwb-brand?post=4219"},{"taxonomy":"product_brand","embeddable":true,"href":"https:\/\/yournordichome.com\/de\/wp-json\/wp\/v2\/product_brand?post=4219"},{"taxonomy":"product_cat","embeddable":true,"href":"https:\/\/yournordichome.com\/de\/wp-json\/wp\/v2\/product_cat?post=4219"},{"taxonomy":"product_tag","embeddable":true,"href":"https:\/\/yournordichome.com\/de\/wp-json\/wp\/v2\/product_tag?post=4219"},{"taxonomy":"gyarto","embeddable":true,"href":"https:\/\/yournordichome.com\/de\/wp-json\/wp\/v2\/gyarto?post=4219"}],"curies":[{"name":"wp","href":"https:\/\/api.w.org\/{rel}","templated":true}]}}