{"id":4194,"date":"2023-12-02T13:19:03","date_gmt":"2023-12-02T13:19:03","guid":{"rendered":"https:\/\/yournordichome.com\/product\/green-wool-rug\/"},"modified":"2025-07-30T16:55:28","modified_gmt":"2025-07-30T16:55:28","slug":"gruner-wollteppich","status":"publish","type":"product","link":"https:\/\/yournordichome.com\/de\/product\/green-wool-rug\/","title":{"rendered":"Gr\u00fcner Wollteppich"},"content":{"rendered":"<p>Der Darlington Rug von Bloomingville ist mit seinen sanften Gr\u00fcnt\u00f6nen eine \u00e4sthetische Bereicherung f\u00fcr jeden Raum. Der Teppich ist aus Wolle gefertigt und verbindet Komfort mit Stil. Sein sch\u00f6nes organisches Muster bringt ein Gef\u00fchl von Ruhe und Harmonie in Ihr Zuhause.<\/p>\n<p>Abmessungen des Produkts: L200xB130 cm<br \/>\nFarbe: Gr\u00fcn<br \/>\nZusammensetzung: 100% Wolle<br \/>\nBleichen: Nein<br \/>\nFarbausf\u00fchrung: Garngef\u00e4rbt<br \/>\nChemische Reinigung: Nein<br \/>\nProduktausf\u00fchrung: Getuftet<br \/>\nWaschanleitung: Nur punktuell reinigen<\/p>","protected":false},"excerpt":{"rendered":"<p>Gr\u00fcner Teppich aus Wolle mit weichem organischem Muster.<\/p>","protected":false},"featured_media":4183,"comment_status":"closed","ping_status":"closed","template":"","meta":{"_acf_changed":false,"_kad_post_transparent":"default","_kad_post_title":"","_kad_post_layout":"default","_kad_post_sidebar_id":"","_kad_post_content_style":"default","_kad_post_vertical_padding":"default","_kad_post_feature":"","_kad_post_feature_position":"","_kad_post_header":false,"_kad_post_footer":false,"_kad_post_classname":""},"pwb-brand":[17],"product_brand":[],"product_cat":[88,65],"product_tag":[334,398,397,34,396,80,1059,89],"gyarto":[],"class_list":{"0":"post-4194","1":"product","2":"type-product","3":"status-publish","4":"has-post-thumbnail","6":"pwb-brand-bloomingville","7":"product_cat-rug","8":"product_cat-rugs-and-textiles","9":"product_tag-new-arrivals","10":"product_tag-nordic-design","11":"product_tag-nordic-home","12":"product_tag-nordic-interior-design","13":"product_tag-nordic-style","14":"product_tag-nordic-style-rug","15":"product_tag-spring-summer-2024","16":"product_tag-wool-rug","17":"pa_colour-green","18":"pa_material-wool","20":"first","21":"instock","22":"taxable","23":"shipping-taxable","24":"purchasable","25":"product-type-simple","26":"entry","27":"content-bg","28":"loop-entry"},"acf":[],"brands":[{"id":17,"name":"Bloomingville","slug":"bloomingville"}],"_links":{"self":[{"href":"https:\/\/yournordichome.com\/de\/wp-json\/wp\/v2\/product\/4194","targetHints":{"allow":["GET"]}}],"collection":[{"href":"https:\/\/yournordichome.com\/de\/wp-json\/wp\/v2\/product"}],"about":[{"href":"https:\/\/yournordichome.com\/de\/wp-json\/wp\/v2\/types\/product"}],"replies":[{"embeddable":true,"href":"https:\/\/yournordichome.com\/de\/wp-json\/wp\/v2\/comments?post=4194"}],"wp:featuredmedia":[{"embeddable":true,"href":"https:\/\/yournordichome.com\/de\/wp-json\/wp\/v2\/media\/4183"}],"wp:attachment":[{"href":"https:\/\/yournordichome.com\/de\/wp-json\/wp\/v2\/media?parent=4194"}],"wp:term":[{"taxonomy":"pwb-brand","embeddable":true,"href":"https:\/\/yournordichome.com\/de\/wp-json\/wp\/v2\/pwb-brand?post=4194"},{"taxonomy":"product_brand","embeddable":true,"href":"https:\/\/yournordichome.com\/de\/wp-json\/wp\/v2\/product_brand?post=4194"},{"taxonomy":"product_cat","embeddable":true,"href":"https:\/\/yournordichome.com\/de\/wp-json\/wp\/v2\/product_cat?post=4194"},{"taxonomy":"product_tag","embeddable":true,"href":"https:\/\/yournordichome.com\/de\/wp-json\/wp\/v2\/product_tag?post=4194"},{"taxonomy":"gyarto","embeddable":true,"href":"https:\/\/yournordichome.com\/de\/wp-json\/wp\/v2\/gyarto?post=4194"}],"curies":[{"name":"wp","href":"https:\/\/api.w.org\/{rel}","templated":true}]}}