{"id":3924,"date":"2023-11-05T14:29:04","date_gmt":"2023-11-05T14:29:04","guid":{"rendered":"https:\/\/yournordichome.com\/product\/table-lamp-grey-stoneware\/"},"modified":"2025-07-30T16:58:51","modified_gmt":"2025-07-30T16:58:51","slug":"tischlampe-grau-steinzeug","status":"publish","type":"product","link":"https:\/\/yournordichome.com\/de\/product\/table-lamp-grey-stoneware\/","title":{"rendered":"Tischleuchte, graues Steingut"},"content":{"rendered":"<p><strong>Isabelle Tischleuchte von Bloomingville<\/strong> ist im Vintage-Look gestaltet, der perfekt in eine nordische Wohnung passt.<\/p>\n<p>Abmessungen des Produkts: T44xH62 cm<br \/>\nFarbe: Grau<br \/>\nZusammensetzung: Steingut, Leinen<br \/>\nCE-gepr\u00fcft: Ja<br \/>\nEnergieklasse der Gl\u00fchbirne: Alle<br \/>\nInklusive Gl\u00fchbirne: Nein<br \/>\nForm der Gl\u00fchbirne: Gew\u00f6hnlich<br \/>\nGr\u00f6\u00dfe der Gl\u00fchbirne: E27<br \/>\nGl\u00fchbirnen-Typ: LED oder Energiesparlampe (CFL)<br \/>\nWattleistung der Gl\u00fchbirne max: Gl\u00fchbirne: 40W \/ LED: 5W \/ CFL: 11W<br \/>\nPflegeanleitung: Mit einem feuchten Tuch abwischen.<br \/>\nFarbe der Kordel: Schwarz<br \/>\nKordell\u00e4nge: 150 cm<br \/>\nMaterial der Schnur: Kunststoff<br \/>\nKabel einschalten.<br \/>\nVerwendung im Freien: Nein<br \/>\nDie Steckdose hat eine Kippfunktion.<\/p>","protected":false},"excerpt":{"rendered":"<p>Tischleuchte mit sch\u00f6nem Sockel aus grauem Steingut mit rustikalem Vintage-Look.<\/p>","protected":false},"featured_media":3894,"comment_status":"closed","ping_status":"closed","template":"","meta":{"_acf_changed":false,"_kad_post_transparent":"default","_kad_post_title":"","_kad_post_layout":"default","_kad_post_sidebar_id":"","_kad_post_content_style":"default","_kad_post_vertical_padding":"default","_kad_post_feature":"","_kad_post_feature_position":"","_kad_post_header":false,"_kad_post_footer":false,"_kad_post_classname":""},"pwb-brand":[17],"product_brand":[],"product_cat":[73,72],"product_tag":[398,397,34,117,396],"gyarto":[],"class_list":{"0":"post-3924","1":"product","2":"type-product","3":"status-publish","4":"has-post-thumbnail","6":"pwb-brand-bloomingville","7":"product_cat-desk-and-table-lamp","8":"product_cat-lamp","9":"product_tag-nordic-design","10":"product_tag-nordic-home","11":"product_tag-nordic-interior-design","12":"product_tag-nordic-lamp","13":"product_tag-nordic-style","14":"pa_colour-grey","15":"pa_material-stoneware","17":"first","18":"instock","19":"taxable","20":"shipping-taxable","21":"purchasable","22":"product-type-simple","23":"entry","24":"content-bg","25":"loop-entry"},"acf":[],"brands":[{"id":17,"name":"Bloomingville","slug":"bloomingville"}],"_links":{"self":[{"href":"https:\/\/yournordichome.com\/de\/wp-json\/wp\/v2\/product\/3924","targetHints":{"allow":["GET"]}}],"collection":[{"href":"https:\/\/yournordichome.com\/de\/wp-json\/wp\/v2\/product"}],"about":[{"href":"https:\/\/yournordichome.com\/de\/wp-json\/wp\/v2\/types\/product"}],"replies":[{"embeddable":true,"href":"https:\/\/yournordichome.com\/de\/wp-json\/wp\/v2\/comments?post=3924"}],"wp:featuredmedia":[{"embeddable":true,"href":"https:\/\/yournordichome.com\/de\/wp-json\/wp\/v2\/media\/3894"}],"wp:attachment":[{"href":"https:\/\/yournordichome.com\/de\/wp-json\/wp\/v2\/media?parent=3924"}],"wp:term":[{"taxonomy":"pwb-brand","embeddable":true,"href":"https:\/\/yournordichome.com\/de\/wp-json\/wp\/v2\/pwb-brand?post=3924"},{"taxonomy":"product_brand","embeddable":true,"href":"https:\/\/yournordichome.com\/de\/wp-json\/wp\/v2\/product_brand?post=3924"},{"taxonomy":"product_cat","embeddable":true,"href":"https:\/\/yournordichome.com\/de\/wp-json\/wp\/v2\/product_cat?post=3924"},{"taxonomy":"product_tag","embeddable":true,"href":"https:\/\/yournordichome.com\/de\/wp-json\/wp\/v2\/product_tag?post=3924"},{"taxonomy":"gyarto","embeddable":true,"href":"https:\/\/yournordichome.com\/de\/wp-json\/wp\/v2\/gyarto?post=3924"}],"curies":[{"name":"wp","href":"https:\/\/api.w.org\/{rel}","templated":true}]}}