{"id":3836,"date":"2023-10-28T17:59:20","date_gmt":"2023-10-28T17:59:20","guid":{"rendered":"https:\/\/yournordichome.com\/product\/cabinet-nature-rubberwood\/"},"modified":"2025-07-30T17:06:34","modified_gmt":"2025-07-30T17:06:34","slug":"schrank-natur-gummibaum","status":"publish","type":"product","link":"https:\/\/yournordichome.com\/de\/product\/cabinet-nature-rubberwood\/","title":{"rendered":"Kabinett, Natur, Gummiholz"},"content":{"rendered":"<p><strong>Kabinett<\/strong> von Bloomingville aus hellem Gummibaumholz mit eleganten Schiebet\u00fcren. Perfekt f\u00fcr die Aufbewahrung im Wohnzimmer und die Pr\u00e4sentation von Dekorationsgegenst\u00e4nden oder als TV-M\u00f6bel.<\/p>\n<p>Abmessungen des Produkts: L90xH50xB35 cm<br \/>\nFarbe: Natur<br \/>\nZusammensetzung: Gummiholz, MDF-Furnier<br \/>\nMaterial des Rahmens: Gummiholz<br \/>\nMaterial des Knopfes: Gummiholz<br \/>\nMaximale Tragkraft: Oberteil 15 kg \/ Fachboden 15 kg<\/p>","protected":false},"excerpt":{"rendered":"<p>Schrank aus leichtem Gummibaumholz mit eleganten Schiebet\u00fcren. Auf der R\u00fcckseite befindet sich eine \u00d6ffnung f\u00fcr Kabel.<\/p>","protected":false},"featured_media":3779,"comment_status":"closed","ping_status":"closed","template":"","meta":{"_acf_changed":false,"_kad_post_transparent":"default","_kad_post_title":"","_kad_post_layout":"default","_kad_post_sidebar_id":"","_kad_post_content_style":"default","_kad_post_vertical_padding":"default","_kad_post_feature":"","_kad_post_feature_position":"","_kad_post_header":false,"_kad_post_footer":false,"_kad_post_classname":""},"pwb-brand":[17],"product_brand":[],"product_cat":[135,94],"product_tag":[398,397,34,396],"gyarto":[],"class_list":{"0":"post-3836","1":"product","2":"type-product","3":"status-publish","4":"has-post-thumbnail","6":"pwb-brand-bloomingville","7":"product_cat-cabinet","8":"product_cat-furniture","9":"product_tag-nordic-design","10":"product_tag-nordic-home","11":"product_tag-nordic-interior-design","12":"product_tag-nordic-style","13":"pa_colour-nature","14":"pa_material-rubberwood","16":"first","17":"instock","18":"taxable","19":"shipping-taxable","20":"purchasable","21":"product-type-simple","22":"entry","23":"content-bg","24":"loop-entry"},"acf":[],"brands":[{"id":17,"name":"Bloomingville","slug":"bloomingville"}],"_links":{"self":[{"href":"https:\/\/yournordichome.com\/de\/wp-json\/wp\/v2\/product\/3836","targetHints":{"allow":["GET"]}}],"collection":[{"href":"https:\/\/yournordichome.com\/de\/wp-json\/wp\/v2\/product"}],"about":[{"href":"https:\/\/yournordichome.com\/de\/wp-json\/wp\/v2\/types\/product"}],"replies":[{"embeddable":true,"href":"https:\/\/yournordichome.com\/de\/wp-json\/wp\/v2\/comments?post=3836"}],"wp:featuredmedia":[{"embeddable":true,"href":"https:\/\/yournordichome.com\/de\/wp-json\/wp\/v2\/media\/3779"}],"wp:attachment":[{"href":"https:\/\/yournordichome.com\/de\/wp-json\/wp\/v2\/media?parent=3836"}],"wp:term":[{"taxonomy":"pwb-brand","embeddable":true,"href":"https:\/\/yournordichome.com\/de\/wp-json\/wp\/v2\/pwb-brand?post=3836"},{"taxonomy":"product_brand","embeddable":true,"href":"https:\/\/yournordichome.com\/de\/wp-json\/wp\/v2\/product_brand?post=3836"},{"taxonomy":"product_cat","embeddable":true,"href":"https:\/\/yournordichome.com\/de\/wp-json\/wp\/v2\/product_cat?post=3836"},{"taxonomy":"product_tag","embeddable":true,"href":"https:\/\/yournordichome.com\/de\/wp-json\/wp\/v2\/product_tag?post=3836"},{"taxonomy":"gyarto","embeddable":true,"href":"https:\/\/yournordichome.com\/de\/wp-json\/wp\/v2\/gyarto?post=3836"}],"curies":[{"name":"wp","href":"https:\/\/api.w.org\/{rel}","templated":true}]}}