{"id":3828,"date":"2023-10-28T17:59:20","date_gmt":"2023-10-28T17:59:20","guid":{"rendered":"https:\/\/yournordichome.com\/product\/round-rug-blue-cotton\/"},"modified":"2025-12-01T00:19:06","modified_gmt":"2025-12-01T00:19:06","slug":"runder-teppich-blau-baumwolle","status":"publish","type":"product","link":"https:\/\/yournordichome.com\/de\/product\/round-rug-blue-cotton\/","title":{"rendered":"Runder Teppich, Blau, Baumwolle"},"content":{"rendered":"<p><strong>Runder Teppich<\/strong> by Bloomingville MINI ist ein runder Teppich aus Baumwolle mit einem s\u00fc\u00dfen L\u00f6wenkopf. Der Teppich ist getuftet und gem\u00fctlich mit kleinen Fransen am Rand. Das Baumwollmaterial macht den Teppich langlebig - perfekt f\u00fcr das Kinderzimmer.<\/p>\n<p>Abmessungen des Produkts: D130 cm<br \/>\nFarbe: Blau<br \/>\nZusammensetzung: 100% Baumwolle<br \/>\nBleichen: Nein<br \/>\nFarbausf\u00fchrung: Garngef\u00e4rbt<br \/>\nChemische Reinigung: Nein<br \/>\nB\u00fcgeln: Keine<br \/>\nAusf\u00fchrung des Produkts: Gewebte<br \/>\nAndere Spezifikationen: Getuftet<\/p>","protected":false},"excerpt":{"rendered":"<p>Runder Teppich aus Baumwolle mit einem sch\u00f6nen L\u00f6wenkopf.<\/p>","protected":false},"featured_media":3816,"comment_status":"closed","ping_status":"closed","template":"","meta":{"_acf_changed":false,"_kad_post_transparent":"default","_kad_post_title":"","_kad_post_layout":"default","_kad_post_sidebar_id":"","_kad_post_content_style":"default","_kad_post_vertical_padding":"default","_kad_post_feature":"","_kad_post_feature_position":"","_kad_post_header":false,"_kad_post_footer":false,"_kad_post_classname":""},"pwb-brand":[17],"product_brand":[],"product_cat":[88,65],"product_tag":[82,79,1109,398,397,34,396,80],"gyarto":[],"class_list":{"0":"post-3828","1":"product","2":"type-product","3":"status-publish","4":"has-post-thumbnail","6":"pwb-brand-bloomingville","7":"product_cat-rug","8":"product_cat-rugs-and-textiles","9":"product_tag-carpet","10":"product_tag-cotton-rug","11":"product_tag-last-item-in-stock","12":"product_tag-nordic-design","13":"product_tag-nordic-home","14":"product_tag-nordic-interior-design","15":"product_tag-nordic-style","16":"product_tag-nordic-style-rug","17":"pa_colour-multi","18":"pa_material-cotton","20":"first","21":"instock","22":"taxable","23":"shipping-taxable","24":"purchasable","25":"product-type-simple","26":"entry","27":"content-bg","28":"loop-entry"},"acf":[],"brands":[{"id":17,"name":"Bloomingville","slug":"bloomingville"}],"_links":{"self":[{"href":"https:\/\/yournordichome.com\/de\/wp-json\/wp\/v2\/product\/3828","targetHints":{"allow":["GET"]}}],"collection":[{"href":"https:\/\/yournordichome.com\/de\/wp-json\/wp\/v2\/product"}],"about":[{"href":"https:\/\/yournordichome.com\/de\/wp-json\/wp\/v2\/types\/product"}],"replies":[{"embeddable":true,"href":"https:\/\/yournordichome.com\/de\/wp-json\/wp\/v2\/comments?post=3828"}],"wp:featuredmedia":[{"embeddable":true,"href":"https:\/\/yournordichome.com\/de\/wp-json\/wp\/v2\/media\/3816"}],"wp:attachment":[{"href":"https:\/\/yournordichome.com\/de\/wp-json\/wp\/v2\/media?parent=3828"}],"wp:term":[{"taxonomy":"pwb-brand","embeddable":true,"href":"https:\/\/yournordichome.com\/de\/wp-json\/wp\/v2\/pwb-brand?post=3828"},{"taxonomy":"product_brand","embeddable":true,"href":"https:\/\/yournordichome.com\/de\/wp-json\/wp\/v2\/product_brand?post=3828"},{"taxonomy":"product_cat","embeddable":true,"href":"https:\/\/yournordichome.com\/de\/wp-json\/wp\/v2\/product_cat?post=3828"},{"taxonomy":"product_tag","embeddable":true,"href":"https:\/\/yournordichome.com\/de\/wp-json\/wp\/v2\/product_tag?post=3828"},{"taxonomy":"gyarto","embeddable":true,"href":"https:\/\/yournordichome.com\/de\/wp-json\/wp\/v2\/gyarto?post=3828"}],"curies":[{"name":"wp","href":"https:\/\/api.w.org\/{rel}","templated":true}]}}