{"id":3761,"date":"2023-10-28T12:05:52","date_gmt":"2023-10-28T12:05:52","guid":{"rendered":"https:\/\/yournordichome.com\/product\/dog-basket-brown-cotton\/"},"modified":"2025-07-30T17:08:27","modified_gmt":"2025-07-30T17:08:27","slug":"hundekorb-braun-baumwolle","status":"publish","type":"product","link":"https:\/\/yournordichome.com\/de\/product\/dog-basket-brown-cotton\/","title":{"rendered":"Hundekorb, Braun, Baumwolle"},"content":{"rendered":"<p><strong>Hundekorb<\/strong> von Bloomingville ist aus Baumwolle in br\u00e4unlichen Farbt\u00f6nen gefertigt. Das Kissen ist mit einem gem\u00fctlichen Blumenmuster verziert, wodurch es in jedes Zuhause passt und Ihr Hund den ganzen Tag darauf liegen m\u00f6chte.<\/p>\n<p>Abmessungen des Produkts: D60xH15 cm<br \/>\nFarbe: Braun<br \/>\nZusammensetzung: 100% Baumwolle, F\u00fcllung: 100% Polyester<br \/>\nRei\u00dfverschluss: Kunststoff<br \/>\nBleichen: Nein<br \/>\nFarbige Ausf\u00fchrung: Druck<br \/>\nChemische Reinigung: Nein<br \/>\nTrocknungs-Tumbler: Niedrig<br \/>\nB\u00fcgeln: Mittel<br \/>\nAusf\u00fchrung des Produkts: Gewebte<br \/>\nWaschanleitung: Maschinenw\u00e4sche 40 Grad<\/p>","protected":false},"excerpt":{"rendered":"<p>Hundekorb aus Baumwolle in br\u00e4unlichen T\u00f6nen. Ein gem\u00fctliches Pl\u00e4tzchen f\u00fcr Ihr Haustier, eine sch\u00f6ne Dekoration f\u00fcr Ihr Zuhause.<\/p>","protected":false},"featured_media":3723,"comment_status":"closed","ping_status":"closed","template":"","meta":{"_acf_changed":false,"_kad_post_transparent":"default","_kad_post_title":"","_kad_post_layout":"default","_kad_post_sidebar_id":"","_kad_post_content_style":"default","_kad_post_vertical_padding":"default","_kad_post_feature":"","_kad_post_feature_position":"","_kad_post_header":false,"_kad_post_footer":false,"_kad_post_classname":""},"pwb-brand":[17],"product_brand":[],"product_cat":[94,108],"product_tag":[398,397,34,396],"gyarto":[],"class_list":{"0":"post-3761","1":"product","2":"type-product","3":"status-publish","4":"has-post-thumbnail","6":"pwb-brand-bloomingville","7":"product_cat-furniture","8":"product_cat-home-accesories-furniture","9":"product_tag-nordic-design","10":"product_tag-nordic-home","11":"product_tag-nordic-interior-design","12":"product_tag-nordic-style","13":"pa_colour-multi","14":"pa_material-cotton","16":"first","17":"instock","18":"taxable","19":"shipping-taxable","20":"purchasable","21":"product-type-simple","22":"entry","23":"content-bg","24":"loop-entry"},"acf":[],"brands":[{"id":17,"name":"Bloomingville","slug":"bloomingville"}],"_links":{"self":[{"href":"https:\/\/yournordichome.com\/de\/wp-json\/wp\/v2\/product\/3761","targetHints":{"allow":["GET"]}}],"collection":[{"href":"https:\/\/yournordichome.com\/de\/wp-json\/wp\/v2\/product"}],"about":[{"href":"https:\/\/yournordichome.com\/de\/wp-json\/wp\/v2\/types\/product"}],"replies":[{"embeddable":true,"href":"https:\/\/yournordichome.com\/de\/wp-json\/wp\/v2\/comments?post=3761"}],"wp:featuredmedia":[{"embeddable":true,"href":"https:\/\/yournordichome.com\/de\/wp-json\/wp\/v2\/media\/3723"}],"wp:attachment":[{"href":"https:\/\/yournordichome.com\/de\/wp-json\/wp\/v2\/media?parent=3761"}],"wp:term":[{"taxonomy":"pwb-brand","embeddable":true,"href":"https:\/\/yournordichome.com\/de\/wp-json\/wp\/v2\/pwb-brand?post=3761"},{"taxonomy":"product_brand","embeddable":true,"href":"https:\/\/yournordichome.com\/de\/wp-json\/wp\/v2\/product_brand?post=3761"},{"taxonomy":"product_cat","embeddable":true,"href":"https:\/\/yournordichome.com\/de\/wp-json\/wp\/v2\/product_cat?post=3761"},{"taxonomy":"product_tag","embeddable":true,"href":"https:\/\/yournordichome.com\/de\/wp-json\/wp\/v2\/product_tag?post=3761"},{"taxonomy":"gyarto","embeddable":true,"href":"https:\/\/yournordichome.com\/de\/wp-json\/wp\/v2\/gyarto?post=3761"}],"curies":[{"name":"wp","href":"https:\/\/api.w.org\/{rel}","templated":true}]}}