{"id":3535,"date":"2023-10-23T14:35:20","date_gmt":"2023-10-23T14:35:20","guid":{"rendered":"https:\/\/yournordichome.com\/product\/pendant-lamp-clear-glass-2\/"},"modified":"2025-07-31T13:12:54","modified_gmt":"2025-07-31T13:12:54","slug":"hangeleuchte-klarglas-2","status":"publish","type":"product","link":"https:\/\/yournordichome.com\/de\/product\/pendant-lamp-clear-glass-2\/","title":{"rendered":"Pendelleuchte, Klar, Glas"},"content":{"rendered":"<p><strong>H\u00e4ngeleuchte<\/strong> von Bloomingville ist ein elegantes St\u00fcck aus Glas und Eisen. Stellen Sie mehr als eine \u00fcber Ihren Esstisch, um Ihre Abende zu erhellen.<\/p>\n<p>Abmessungen des Produkts: T20xH34 cm<br \/>\nFarbe: Klar<br \/>\nZusammensetzung: Glas, Eisen<br \/>\nCE-gepr\u00fcft: Ja<br \/>\nEnergieklasse der Gl\u00fchbirne: Alle<br \/>\nInklusive Gl\u00fchbirne: Nein<br \/>\nForm der Gl\u00fchbirne: Gew\u00f6hnlich<br \/>\nGr\u00f6\u00dfe der Gl\u00fchbirne: E27<br \/>\nGl\u00fchbirnen-Typ: LED oder Energiesparlampe (CFL)<br \/>\nWattleistung der Gl\u00fchbirne max: Gl\u00fchbirne: 40W<br \/>\nDeckentasse: Ja<br \/>\nFarbe der Kordel: Klar<br \/>\nKordell\u00e4nge: 180 cm<br \/>\nMaterial der Schnur: Kunststoff<br \/>\nBeschl\u00e4ge: Ja<br \/>\nVerwendung im Freien: Nein<br \/>\nPflegehinweise: Mit einem feuchten Tuch abwischen.<\/p>","protected":false},"excerpt":{"rendered":"<p>H\u00e4ngeleuchte aus Glas mit einer k\u00fchlen, organischen Form, die ein gem\u00fctliches Licht spendet.<\/p>","protected":false},"featured_media":3510,"comment_status":"closed","ping_status":"closed","template":"","meta":{"_acf_changed":false,"_kad_post_transparent":"default","_kad_post_title":"","_kad_post_layout":"default","_kad_post_sidebar_id":"","_kad_post_content_style":"default","_kad_post_vertical_padding":"default","_kad_post_feature":"","_kad_post_feature_position":"","_kad_post_header":false,"_kad_post_footer":false,"_kad_post_classname":""},"pwb-brand":[17],"product_brand":[],"product_cat":[72,114],"product_tag":[116,324,398,397,34,117,396],"gyarto":[],"class_list":{"0":"post-3535","1":"product","2":"type-product","3":"status-publish","4":"has-post-thumbnail","6":"pwb-brand-bloomingville","7":"product_cat-lamp","8":"product_cat-pendant-lamp","9":"product_tag-ceiling-lamp","10":"product_tag-glass-lamp","11":"product_tag-nordic-design","12":"product_tag-nordic-home","13":"product_tag-nordic-interior-design","14":"product_tag-nordic-lamp","15":"product_tag-nordic-style","16":"pa_colour-clear","17":"pa_material-glass","19":"first","20":"instock","21":"taxable","22":"shipping-taxable","23":"purchasable","24":"product-type-simple","25":"entry","26":"content-bg","27":"loop-entry"},"acf":[],"brands":[{"id":17,"name":"Bloomingville","slug":"bloomingville"}],"_links":{"self":[{"href":"https:\/\/yournordichome.com\/de\/wp-json\/wp\/v2\/product\/3535","targetHints":{"allow":["GET"]}}],"collection":[{"href":"https:\/\/yournordichome.com\/de\/wp-json\/wp\/v2\/product"}],"about":[{"href":"https:\/\/yournordichome.com\/de\/wp-json\/wp\/v2\/types\/product"}],"replies":[{"embeddable":true,"href":"https:\/\/yournordichome.com\/de\/wp-json\/wp\/v2\/comments?post=3535"}],"wp:featuredmedia":[{"embeddable":true,"href":"https:\/\/yournordichome.com\/de\/wp-json\/wp\/v2\/media\/3510"}],"wp:attachment":[{"href":"https:\/\/yournordichome.com\/de\/wp-json\/wp\/v2\/media?parent=3535"}],"wp:term":[{"taxonomy":"pwb-brand","embeddable":true,"href":"https:\/\/yournordichome.com\/de\/wp-json\/wp\/v2\/pwb-brand?post=3535"},{"taxonomy":"product_brand","embeddable":true,"href":"https:\/\/yournordichome.com\/de\/wp-json\/wp\/v2\/product_brand?post=3535"},{"taxonomy":"product_cat","embeddable":true,"href":"https:\/\/yournordichome.com\/de\/wp-json\/wp\/v2\/product_cat?post=3535"},{"taxonomy":"product_tag","embeddable":true,"href":"https:\/\/yournordichome.com\/de\/wp-json\/wp\/v2\/product_tag?post=3535"},{"taxonomy":"gyarto","embeddable":true,"href":"https:\/\/yournordichome.com\/de\/wp-json\/wp\/v2\/gyarto?post=3535"}],"curies":[{"name":"wp","href":"https:\/\/api.w.org\/{rel}","templated":true}]}}