{"id":2949,"date":"2023-08-16T15:23:19","date_gmt":"2023-08-16T15:23:19","guid":{"rendered":"https:\/\/yournordichome.com\/product\/fabric-foot-stool\/"},"modified":"2025-07-31T13:56:52","modified_gmt":"2025-07-31T13:56:52","slug":"fushocker-aus-stoff","status":"publish","type":"product","link":"https:\/\/yournordichome.com\/de\/product\/fabric-foot-stool\/","title":{"rendered":"Fu\u00dfhocker aus Stoff"},"content":{"rendered":"<p>Fu\u00dfhocker aus Stoff in Naturfarben. Verwenden Sie ihn als zus\u00e4tzliche Sitzgelegenheit oder als dekorative Erg\u00e4nzung zu Ihrem Interieur. Dieser vielseitige Hocker wird jedem Raum in Ihrem Zuhause ein gem\u00fctliches und stilvolles Element hinzuf\u00fcgen.<\/p>\n<p>Abmessungen des Produkts: L70xH45xB40 cm<br \/>\nFarbe: Natur<br \/>\nZusammensetzung: 95% Polyester, 5% Acryllic, Kiefernholz, Sperrholz<br \/>\nPflegehinweise: Fleckenreinigung &amp; Staubsaugen<br \/>\nHaltbarkeit des Gewebes (Martindale): 80.000<br \/>\nMaximale Gewichtskapazit\u00e4t: 120 kg<\/p>","protected":false},"excerpt":{"rendered":"<p>Ein organisch geformter Hocker aus cremefarbenem Boucl\u00e9-Stoff.<\/p>","protected":false},"featured_media":2806,"comment_status":"closed","ping_status":"closed","template":"","meta":{"_acf_changed":false,"_kad_post_transparent":"default","_kad_post_title":"","_kad_post_layout":"default","_kad_post_sidebar_id":"","_kad_post_content_style":"default","_kad_post_vertical_padding":"default","_kad_post_feature":"","_kad_post_feature_position":"","_kad_post_header":false,"_kad_post_footer":false,"_kad_post_classname":""},"pwb-brand":[17],"product_brand":[],"product_cat":[152,233],"product_tag":[424,398,397,34,396],"gyarto":[],"class_list":{"0":"post-2949","1":"product","2":"type-product","3":"status-publish","4":"has-post-thumbnail","6":"pwb-brand-bloomingville","7":"product_cat-chair","8":"product_cat-stool","9":"product_tag-foot-stool","10":"product_tag-nordic-design","11":"product_tag-nordic-home","12":"product_tag-nordic-interior-design","13":"product_tag-nordic-style","14":"pa_colour-nature","15":"pa_material-polyester","17":"first","18":"instock","19":"taxable","20":"shipping-taxable","21":"purchasable","22":"product-type-simple","23":"entry","24":"content-bg","25":"loop-entry"},"acf":[],"brands":[{"id":17,"name":"Bloomingville","slug":"bloomingville"}],"_links":{"self":[{"href":"https:\/\/yournordichome.com\/de\/wp-json\/wp\/v2\/product\/2949","targetHints":{"allow":["GET"]}}],"collection":[{"href":"https:\/\/yournordichome.com\/de\/wp-json\/wp\/v2\/product"}],"about":[{"href":"https:\/\/yournordichome.com\/de\/wp-json\/wp\/v2\/types\/product"}],"replies":[{"embeddable":true,"href":"https:\/\/yournordichome.com\/de\/wp-json\/wp\/v2\/comments?post=2949"}],"wp:featuredmedia":[{"embeddable":true,"href":"https:\/\/yournordichome.com\/de\/wp-json\/wp\/v2\/media\/2806"}],"wp:attachment":[{"href":"https:\/\/yournordichome.com\/de\/wp-json\/wp\/v2\/media?parent=2949"}],"wp:term":[{"taxonomy":"pwb-brand","embeddable":true,"href":"https:\/\/yournordichome.com\/de\/wp-json\/wp\/v2\/pwb-brand?post=2949"},{"taxonomy":"product_brand","embeddable":true,"href":"https:\/\/yournordichome.com\/de\/wp-json\/wp\/v2\/product_brand?post=2949"},{"taxonomy":"product_cat","embeddable":true,"href":"https:\/\/yournordichome.com\/de\/wp-json\/wp\/v2\/product_cat?post=2949"},{"taxonomy":"product_tag","embeddable":true,"href":"https:\/\/yournordichome.com\/de\/wp-json\/wp\/v2\/product_tag?post=2949"},{"taxonomy":"gyarto","embeddable":true,"href":"https:\/\/yournordichome.com\/de\/wp-json\/wp\/v2\/gyarto?post=2949"}],"curies":[{"name":"wp","href":"https:\/\/api.w.org\/{rel}","templated":true}]}}