{"id":2948,"date":"2023-08-16T15:23:19","date_gmt":"2023-08-16T15:23:19","guid":{"rendered":"https:\/\/yournordichome.com\/product\/lounge-chair-brown\/"},"modified":"2025-07-15T16:17:24","modified_gmt":"2025-07-15T16:17:24","slug":"loungesessel-braun","status":"publish","type":"product","link":"https:\/\/yournordichome.com\/de\/product\/lounge-chair-brown\/","title":{"rendered":"Loungesessel braun"},"content":{"rendered":"<p>Loungesessel in Braun mit schlanken Metallbeinen, die dem Sessel ein modernes und schlankes Design verleihen. Dieser Loungesessel ist die perfekte Wahl, um eine gem\u00fctliche Atmosph\u00e4re in jedem Raum in Ihrem Haus zu schaffen, in dem Sie sich entspannen k\u00f6nnen.<\/p>\n<p>Abmessungen des Produkts: L78xH71xB76 cm<br \/>\nSitzh\u00f6he: 40 cm<br \/>\nSitztiefe: 52 cm<br \/>\nArmh\u00f6he: 71 cm<br \/>\nH\u00f6he der Beine: 19 cm<br \/>\nFarbe: Braun<br \/>\nZusammensetzung: Polyester, Buchenholz, Eisen<br \/>\nPflegehinweise: Fleckenreinigung &amp; Staubsaugen<br \/>\nZusammensetzung des Gewebes: 100% Polyester<br \/>\nHaltbarkeit des Gewebes (Martindale): 40.000<br \/>\nMaximale Gewichtskapazit\u00e4t: 150 kg<br \/>\nVerwendung im Freien: Nein<\/p>","protected":false},"excerpt":{"rendered":"<p>Loungesessel aus weichem und flauschigem Polyestergewebe mit einem kleinen Kissen, das den R\u00fccken zus\u00e4tzlich st\u00fctzt.<\/p>","protected":false},"featured_media":2822,"comment_status":"closed","ping_status":"closed","template":"","meta":{"_acf_changed":false,"_kad_post_transparent":"default","_kad_post_title":"","_kad_post_layout":"default","_kad_post_sidebar_id":"","_kad_post_content_style":"default","_kad_post_vertical_padding":"default","_kad_post_feature":"","_kad_post_feature_position":"","_kad_post_header":false,"_kad_post_footer":false,"_kad_post_classname":""},"pwb-brand":[17],"product_brand":[],"product_cat":[152,153],"product_tag":[398,397,34,396],"gyarto":[],"class_list":{"0":"post-2948","1":"product","2":"type-product","3":"status-publish","4":"has-post-thumbnail","6":"pwb-brand-bloomingville","7":"product_cat-chair","8":"product_cat-lounge-chair","9":"product_tag-nordic-design","10":"product_tag-nordic-home","11":"product_tag-nordic-interior-design","12":"product_tag-nordic-style","13":"pa_colour-brown","14":"pa_material-polyester","16":"first","17":"outofstock","18":"taxable","19":"shipping-taxable","20":"purchasable","21":"product-type-simple","22":"entry","23":"content-bg","24":"loop-entry"},"acf":[],"brands":[{"id":17,"name":"Bloomingville","slug":"bloomingville"}],"_links":{"self":[{"href":"https:\/\/yournordichome.com\/de\/wp-json\/wp\/v2\/product\/2948","targetHints":{"allow":["GET"]}}],"collection":[{"href":"https:\/\/yournordichome.com\/de\/wp-json\/wp\/v2\/product"}],"about":[{"href":"https:\/\/yournordichome.com\/de\/wp-json\/wp\/v2\/types\/product"}],"replies":[{"embeddable":true,"href":"https:\/\/yournordichome.com\/de\/wp-json\/wp\/v2\/comments?post=2948"}],"wp:featuredmedia":[{"embeddable":true,"href":"https:\/\/yournordichome.com\/de\/wp-json\/wp\/v2\/media\/2822"}],"wp:attachment":[{"href":"https:\/\/yournordichome.com\/de\/wp-json\/wp\/v2\/media?parent=2948"}],"wp:term":[{"taxonomy":"pwb-brand","embeddable":true,"href":"https:\/\/yournordichome.com\/de\/wp-json\/wp\/v2\/pwb-brand?post=2948"},{"taxonomy":"product_brand","embeddable":true,"href":"https:\/\/yournordichome.com\/de\/wp-json\/wp\/v2\/product_brand?post=2948"},{"taxonomy":"product_cat","embeddable":true,"href":"https:\/\/yournordichome.com\/de\/wp-json\/wp\/v2\/product_cat?post=2948"},{"taxonomy":"product_tag","embeddable":true,"href":"https:\/\/yournordichome.com\/de\/wp-json\/wp\/v2\/product_tag?post=2948"},{"taxonomy":"gyarto","embeddable":true,"href":"https:\/\/yournordichome.com\/de\/wp-json\/wp\/v2\/gyarto?post=2948"}],"curies":[{"name":"wp","href":"https:\/\/api.w.org\/{rel}","templated":true}]}}