{"id":2941,"date":"2023-08-16T15:23:19","date_gmt":"2023-08-16T15:23:19","guid":{"rendered":"https:\/\/yournordichome.com\/product\/wall-shelf-nature-mango\/"},"modified":"2025-07-31T13:51:24","modified_gmt":"2025-07-31T13:51:24","slug":"wandregal-natur-mango","status":"publish","type":"product","link":"https:\/\/yournordichome.com\/de\/product\/wall-shelf-nature-mango\/","title":{"rendered":"Wandregal Natur Mango"},"content":{"rendered":"<p>Wandregal aus Mangoholz in einem sch\u00f6nen, raffinierten Design.<\/p>\n<p>Abmessungen des Produkts: L96xH110,5xW28 cm<br \/>\nFarbe: Natur<br \/>\nZusammensetzung: Mango-Holz<br \/>\nPflegehinweise: Mit einem feuchten Tuch abwischen<br \/>\nMaximale Tragkraft: 20 kg pro Fachboden<\/p>","protected":false},"excerpt":{"rendered":"<p>Wandregal aus Mangoholz mit nat\u00fcrlicher Farbe. Sie k\u00f6nnen B\u00fccher und Ornamente im Wohnzimmer oder Schlafzimmer darauf stellen und es mit Tassen und Schalen in der K\u00fcche dekorieren.<\/p>","protected":false},"featured_media":2849,"comment_status":"closed","ping_status":"closed","template":"","meta":{"_acf_changed":false,"_kad_post_transparent":"default","_kad_post_title":"","_kad_post_layout":"default","_kad_post_sidebar_id":"","_kad_post_content_style":"default","_kad_post_vertical_padding":"default","_kad_post_feature":"","_kad_post_feature_position":"","_kad_post_header":false,"_kad_post_footer":false,"_kad_post_classname":""},"pwb-brand":[17],"product_brand":[],"product_cat":[94,167],"product_tag":[398,397,34,396],"gyarto":[],"class_list":{"0":"post-2941","1":"product","2":"type-product","3":"status-publish","4":"has-post-thumbnail","6":"pwb-brand-bloomingville","7":"product_cat-furniture","8":"product_cat-wall-shelf","9":"product_tag-nordic-design","10":"product_tag-nordic-home","11":"product_tag-nordic-interior-design","12":"product_tag-nordic-style","13":"pa_colour-nature","14":"pa_material-mango-wood","16":"first","17":"instock","18":"taxable","19":"shipping-taxable","20":"purchasable","21":"product-type-simple","22":"entry","23":"content-bg","24":"loop-entry"},"acf":[],"brands":[{"id":17,"name":"Bloomingville","slug":"bloomingville"}],"_links":{"self":[{"href":"https:\/\/yournordichome.com\/de\/wp-json\/wp\/v2\/product\/2941","targetHints":{"allow":["GET"]}}],"collection":[{"href":"https:\/\/yournordichome.com\/de\/wp-json\/wp\/v2\/product"}],"about":[{"href":"https:\/\/yournordichome.com\/de\/wp-json\/wp\/v2\/types\/product"}],"replies":[{"embeddable":true,"href":"https:\/\/yournordichome.com\/de\/wp-json\/wp\/v2\/comments?post=2941"}],"wp:featuredmedia":[{"embeddable":true,"href":"https:\/\/yournordichome.com\/de\/wp-json\/wp\/v2\/media\/2849"}],"wp:attachment":[{"href":"https:\/\/yournordichome.com\/de\/wp-json\/wp\/v2\/media?parent=2941"}],"wp:term":[{"taxonomy":"pwb-brand","embeddable":true,"href":"https:\/\/yournordichome.com\/de\/wp-json\/wp\/v2\/pwb-brand?post=2941"},{"taxonomy":"product_brand","embeddable":true,"href":"https:\/\/yournordichome.com\/de\/wp-json\/wp\/v2\/product_brand?post=2941"},{"taxonomy":"product_cat","embeddable":true,"href":"https:\/\/yournordichome.com\/de\/wp-json\/wp\/v2\/product_cat?post=2941"},{"taxonomy":"product_tag","embeddable":true,"href":"https:\/\/yournordichome.com\/de\/wp-json\/wp\/v2\/product_tag?post=2941"},{"taxonomy":"gyarto","embeddable":true,"href":"https:\/\/yournordichome.com\/de\/wp-json\/wp\/v2\/gyarto?post=2941"}],"curies":[{"name":"wp","href":"https:\/\/api.w.org\/{rel}","templated":true}]}}