{"id":2763,"date":"2023-06-18T14:55:39","date_gmt":"2023-06-18T14:55:39","guid":{"rendered":"https:\/\/yournordichome.com\/product\/candleholder-house-brass-3\/"},"modified":"2025-07-31T14:07:15","modified_gmt":"2025-07-31T14:07:15","slug":"kerzenhalter-haus-messing-3","status":"publish","type":"product","link":"https:\/\/yournordichome.com\/de\/product\/candleholder-house-brass-3\/","title":{"rendered":"Kerzenhalter Haus Messing"},"content":{"rendered":"<p>Kerzenhalter Haus aus Metall in antikem Messing gemacht. Seine raffinierte Muster zeigt T\u00fcren und Dekor auf dem Haus, das Licht filtert durch die Fenster. Stellt die Stimmung f\u00fcr einen gem\u00fctlichen Abend.<\/p>\n<p>Erh\u00e4ltlich in drei Formen, k\u00f6nnen Sie bei dieser Bestellung das im Bild eingekreiste St\u00fcck w\u00e4hlen.<\/p>\n<p>Abmessungen des Produkts: H27 \/ B12,5 \/ L12 cm<br \/>\nFarbe: antikes Messing<br \/>\nMaterial: Metall<\/p>","protected":false},"excerpt":{"rendered":"<p>Kerzenhalter aus Metall in antikem Messing mit der Form eines aus der niederl\u00e4ndischen Architektur bekannten Hauses. Stellen Sie die Kerze oder ein Teelicht auf der R\u00fcckseite, das Licht filtert sch\u00f6n durch die Fenster.<\/p>","protected":false},"featured_media":2661,"comment_status":"closed","ping_status":"closed","template":"","meta":{"_acf_changed":false,"_kad_post_transparent":"default","_kad_post_title":"","_kad_post_layout":"default","_kad_post_sidebar_id":"","_kad_post_content_style":"default","_kad_post_vertical_padding":"default","_kad_post_feature":"","_kad_post_feature_position":"","_kad_post_header":false,"_kad_post_footer":false,"_kad_post_classname":""},"pwb-brand":[19],"product_brand":[],"product_cat":[123,23],"product_tag":[346,347],"gyarto":[],"class_list":{"0":"post-2763","1":"product","2":"type-product","3":"status-publish","4":"has-post-thumbnail","6":"pwb-brand-chic-antique","7":"product_cat-decorative-accessories","8":"product_cat-home-decor","9":"product_tag-candle-holder","10":"product_tag-candlestick","11":"pa_colour-antique-brass","12":"pa_material-metal","14":"first","15":"instock","16":"taxable","17":"shipping-taxable","18":"purchasable","19":"product-type-simple","20":"entry","21":"content-bg","22":"loop-entry"},"acf":[],"brands":[{"id":19,"name":"Schick antik","slug":"schicke-antiquitat"}],"_links":{"self":[{"href":"https:\/\/yournordichome.com\/de\/wp-json\/wp\/v2\/product\/2763","targetHints":{"allow":["GET"]}}],"collection":[{"href":"https:\/\/yournordichome.com\/de\/wp-json\/wp\/v2\/product"}],"about":[{"href":"https:\/\/yournordichome.com\/de\/wp-json\/wp\/v2\/types\/product"}],"replies":[{"embeddable":true,"href":"https:\/\/yournordichome.com\/de\/wp-json\/wp\/v2\/comments?post=2763"}],"wp:featuredmedia":[{"embeddable":true,"href":"https:\/\/yournordichome.com\/de\/wp-json\/wp\/v2\/media\/2661"}],"wp:attachment":[{"href":"https:\/\/yournordichome.com\/de\/wp-json\/wp\/v2\/media?parent=2763"}],"wp:term":[{"taxonomy":"pwb-brand","embeddable":true,"href":"https:\/\/yournordichome.com\/de\/wp-json\/wp\/v2\/pwb-brand?post=2763"},{"taxonomy":"product_brand","embeddable":true,"href":"https:\/\/yournordichome.com\/de\/wp-json\/wp\/v2\/product_brand?post=2763"},{"taxonomy":"product_cat","embeddable":true,"href":"https:\/\/yournordichome.com\/de\/wp-json\/wp\/v2\/product_cat?post=2763"},{"taxonomy":"product_tag","embeddable":true,"href":"https:\/\/yournordichome.com\/de\/wp-json\/wp\/v2\/product_tag?post=2763"},{"taxonomy":"gyarto","embeddable":true,"href":"https:\/\/yournordichome.com\/de\/wp-json\/wp\/v2\/gyarto?post=2763"}],"curies":[{"name":"wp","href":"https:\/\/api.w.org\/{rel}","templated":true}]}}