{"id":2509,"date":"2023-06-16T15:22:19","date_gmt":"2023-06-16T15:22:19","guid":{"rendered":"https:\/\/yournordichome.com\/product\/pixy-elfie-in-matchbox\/"},"modified":"2023-12-12T13:18:05","modified_gmt":"2023-12-12T13:18:05","slug":"wichtelmannchen-in-streichholzschachtel","status":"publish","type":"product","link":"https:\/\/yournordichome.com\/de\/product\/pixy-elfie-in-matchbox\/","title":{"rendered":"Pixy Elfie in Streichholzschachtel"},"content":{"rendered":"<p>Pixy Elfie in Streichholzschachtel von Maileg mit einer h\u00fcbschen roten M\u00fctze. Sie freut sich, jederzeit zum Spielen aus der Streichholzschachtel zu kommen. Kinder m\u00f6gen sie besonders, weil sie eine m\u00e4rchenhafte Welt zum Leben erweckt, um die sich leicht eine Fantasiegeschichte aufbauen l\u00e4sst.<\/p>\n<p>Das sorgf\u00e4ltig gefertigte, wundersch\u00f6ne Spielzeug des d\u00e4nischen Herstellers Maileg enth\u00e4lt alles Zubeh\u00f6r, das man f\u00fcr das Spiel braucht, l\u00e4sst aber dennoch Raum f\u00fcr die Fantasie der Kinder.<\/p>\n<p>H\u00f6he: 14 cm<br \/>\nMaterial: Baumwolle<br \/>\nF\u00fcllung: Recyceltes Polyester<br \/>\nWaschen: 30\u00b0C<\/p>","protected":false},"excerpt":{"rendered":"<p>Eine bezaubernde kleine Elfe, die in einer gem\u00fctlich ausgekleideten Streichholzschachtel wohnt. Ihre h\u00fcbsche rote M\u00fctze h\u00e4lt sie auch im k\u00e4ltesten Wetter warm, und in ihrem bezaubernden Rock nimmt sie fr\u00f6hlich am Spiel teil. Wer h\u00e4tte nicht gerne eine echte Elfe in seinem Freundeskreis?<\/p>","protected":false},"featured_media":2492,"comment_status":"closed","ping_status":"closed","template":"","meta":{"_acf_changed":false,"_kad_post_transparent":"","_kad_post_title":"","_kad_post_layout":"","_kad_post_sidebar_id":"","_kad_post_content_style":"","_kad_post_vertical_padding":"","_kad_post_feature":"","_kad_post_feature_position":"","_kad_post_header":false,"_kad_post_footer":false,"_kad_post_classname":""},"pwb-brand":[18],"product_brand":[],"product_cat":[47,48],"product_tag":[],"gyarto":[],"class_list":{"0":"post-2509","1":"product","2":"type-product","3":"status-publish","4":"has-post-thumbnail","6":"pwb-brand-maileg","7":"product_cat-kids","8":"product_cat-toy","9":"pa_colour-multi","10":"pa_material-cotton","12":"first","13":"outofstock","14":"taxable","15":"shipping-taxable","16":"purchasable","17":"product-type-simple","18":"entry","19":"content-bg","20":"loop-entry"},"acf":[],"brands":[{"id":18,"name":"Maileg","slug":"maileg"}],"_links":{"self":[{"href":"https:\/\/yournordichome.com\/de\/wp-json\/wp\/v2\/product\/2509","targetHints":{"allow":["GET"]}}],"collection":[{"href":"https:\/\/yournordichome.com\/de\/wp-json\/wp\/v2\/product"}],"about":[{"href":"https:\/\/yournordichome.com\/de\/wp-json\/wp\/v2\/types\/product"}],"replies":[{"embeddable":true,"href":"https:\/\/yournordichome.com\/de\/wp-json\/wp\/v2\/comments?post=2509"}],"wp:featuredmedia":[{"embeddable":true,"href":"https:\/\/yournordichome.com\/de\/wp-json\/wp\/v2\/media\/2492"}],"wp:attachment":[{"href":"https:\/\/yournordichome.com\/de\/wp-json\/wp\/v2\/media?parent=2509"}],"wp:term":[{"taxonomy":"pwb-brand","embeddable":true,"href":"https:\/\/yournordichome.com\/de\/wp-json\/wp\/v2\/pwb-brand?post=2509"},{"taxonomy":"product_brand","embeddable":true,"href":"https:\/\/yournordichome.com\/de\/wp-json\/wp\/v2\/product_brand?post=2509"},{"taxonomy":"product_cat","embeddable":true,"href":"https:\/\/yournordichome.com\/de\/wp-json\/wp\/v2\/product_cat?post=2509"},{"taxonomy":"product_tag","embeddable":true,"href":"https:\/\/yournordichome.com\/de\/wp-json\/wp\/v2\/product_tag?post=2509"},{"taxonomy":"gyarto","embeddable":true,"href":"https:\/\/yournordichome.com\/de\/wp-json\/wp\/v2\/gyarto?post=2509"}],"curies":[{"name":"wp","href":"https:\/\/api.w.org\/{rel}","templated":true}]}}