{"id":2326,"date":"2023-06-14T17:27:16","date_gmt":"2023-06-14T17:27:16","guid":{"rendered":"https:\/\/yournordichome.com\/product\/black-white-vase\/"},"modified":"2025-07-31T14:47:16","modified_gmt":"2025-07-31T14:47:16","slug":"schwarz-weise-vase","status":"publish","type":"product","link":"https:\/\/yournordichome.com\/de\/product\/black-white-vase\/","title":{"rendered":"Schwarz-wei\u00dfe Vase"},"content":{"rendered":"<p>Schwarz-wei\u00dfe Vase aus Steingut. Mit der Form eines Kruges verleiht diese Vase jedem Raum, in dem sie aufgestellt wird, eine gem\u00fctliche Note. Fast wie bei den besonderen Anl\u00e4ssen und Feiern, bei denen man so viele Blumen bekommt, dass einem die Vasen ausgehen und man anf\u00e4ngt, auch Kr\u00fcge als Vasen zu verwenden. Aber das schwarze Steingut und die kontrastierenden wei\u00dfen Linien sorgen daf\u00fcr, dass kein Zweifel daran besteht, dass es sich um eine Vase handelt, und zwar um eine sch\u00f6ne, und nicht um irgendetwas, das Sie im Schrank hatten.<\/p>\n<p>Abmessungen des Produkts: D7,5xH17xB11 cm<br \/>\nFarbe: Schwarz<br \/>\nZusammensetzung: Steingut<\/p>","protected":false},"excerpt":{"rendered":"<p>Schwarz-wei\u00dfe Vase aus Steingut mit klassischem nordischem Design. Sie sieht sowohl in monochromen als auch in farbenfrohen Wohnungen sch\u00f6n aus.<\/p>","protected":false},"featured_media":2277,"comment_status":"closed","ping_status":"closed","template":"","meta":{"_acf_changed":false,"_kad_post_transparent":"default","_kad_post_title":"","_kad_post_layout":"default","_kad_post_sidebar_id":"","_kad_post_content_style":"default","_kad_post_vertical_padding":"default","_kad_post_feature":"","_kad_post_feature_position":"","_kad_post_header":false,"_kad_post_footer":false,"_kad_post_classname":""},"pwb-brand":[17],"product_brand":[],"product_cat":[23,357],"product_tag":[26],"gyarto":[],"class_list":{"0":"post-2326","1":"product","2":"type-product","3":"status-publish","4":"has-post-thumbnail","6":"pwb-brand-bloomingville","7":"product_cat-home-decor","8":"product_cat-vase","9":"product_tag-nordic-home-decor","10":"pa_colour-black","11":"pa_material-stoneware","13":"first","14":"instock","15":"taxable","16":"shipping-taxable","17":"purchasable","18":"product-type-simple","19":"entry","20":"content-bg","21":"loop-entry"},"acf":[],"brands":[{"id":17,"name":"Bloomingville","slug":"bloomingville"}],"_links":{"self":[{"href":"https:\/\/yournordichome.com\/de\/wp-json\/wp\/v2\/product\/2326","targetHints":{"allow":["GET"]}}],"collection":[{"href":"https:\/\/yournordichome.com\/de\/wp-json\/wp\/v2\/product"}],"about":[{"href":"https:\/\/yournordichome.com\/de\/wp-json\/wp\/v2\/types\/product"}],"replies":[{"embeddable":true,"href":"https:\/\/yournordichome.com\/de\/wp-json\/wp\/v2\/comments?post=2326"}],"wp:featuredmedia":[{"embeddable":true,"href":"https:\/\/yournordichome.com\/de\/wp-json\/wp\/v2\/media\/2277"}],"wp:attachment":[{"href":"https:\/\/yournordichome.com\/de\/wp-json\/wp\/v2\/media?parent=2326"}],"wp:term":[{"taxonomy":"pwb-brand","embeddable":true,"href":"https:\/\/yournordichome.com\/de\/wp-json\/wp\/v2\/pwb-brand?post=2326"},{"taxonomy":"product_brand","embeddable":true,"href":"https:\/\/yournordichome.com\/de\/wp-json\/wp\/v2\/product_brand?post=2326"},{"taxonomy":"product_cat","embeddable":true,"href":"https:\/\/yournordichome.com\/de\/wp-json\/wp\/v2\/product_cat?post=2326"},{"taxonomy":"product_tag","embeddable":true,"href":"https:\/\/yournordichome.com\/de\/wp-json\/wp\/v2\/product_tag?post=2326"},{"taxonomy":"gyarto","embeddable":true,"href":"https:\/\/yournordichome.com\/de\/wp-json\/wp\/v2\/gyarto?post=2326"}],"curies":[{"name":"wp","href":"https:\/\/api.w.org\/{rel}","templated":true}]}}