{"id":2269,"date":"2023-06-12T18:39:24","date_gmt":"2023-06-12T18:39:24","guid":{"rendered":"https:\/\/yournordichome.com\/product\/paper-towel-holder\/"},"modified":"2025-11-17T20:45:03","modified_gmt":"2025-11-17T20:45:03","slug":"papierhandtuchhalter","status":"publish","type":"product","link":"https:\/\/yournordichome.com\/de\/product\/paper-towel-holder\/","title":{"rendered":"Papierhandtuchhalter"},"content":{"rendered":"<p>Papierhandtuchhalter mit Keramiksockel, dekorativem, handgemaltem Muster. Machen Sie auch aus einfachen Werkzeugen etwas Besonderes, verwenden Sie Accessoires in der K\u00fcche, die Sie gl\u00fccklich machen!<\/p>\n<p>Abmessungen: ? 16 x 32 cm<br \/>\nMaterial: Steingut, Bambus<br \/>\nHandgestempelt<\/p>\n<p>Einsparung von Ressourcen<br \/>\nMit diesem Produkt kaufen Sie eine nachhaltige und umweltfreundliche Alternative zu herk\u00f6mmlichen Produkten. Die Verpackung wurde auf ein Minimum reduziert.<\/p>\n<p>Messe &amp; Soziales<br \/>\nDie Herstellerpartner von Tranquillo sind Mitglieder der Business Social Compliance Initiative (BSCI), die sich f\u00fcr die Verbesserung der Arbeitsbedingungen weltweit einsetzt. Tranquillo und seine Partner definieren und verfolgen gemeinsam Ziele, die die Herstellung von nachhaltigen Produkten unter ethisch einwandfreien Bedingungen sicherstellen. Die Einhaltung des BSCI-Verhaltenskodex wird regelm\u00e4\u00dfig von einer unabh\u00e4ngigen Pr\u00fcforganisation kontrolliert.<\/p>","protected":false},"excerpt":{"rendered":"<p>Mit dem K\u00fcchenrollenhalter haben Sie frisches K\u00fcchenpapier immer in Reichweite, ein idealer Helfer in Ihrer K\u00fcche. Der Halter besteht aus einer runden Platte aus Steingut mit detaillierten Aufdrucken f\u00fcr gute Stabilit\u00e4t und einem hohen Bambusstab, \u00fcber den die K\u00fcchenrolle gelegt wird.<\/p>","protected":false},"featured_media":2215,"comment_status":"closed","ping_status":"closed","template":"","meta":{"_acf_changed":false,"_kad_post_transparent":"default","_kad_post_title":"","_kad_post_layout":"default","_kad_post_sidebar_id":"","_kad_post_content_style":"default","_kad_post_vertical_padding":"default","_kad_post_feature":"","_kad_post_feature_position":"","_kad_post_header":false,"_kad_post_footer":false,"_kad_post_classname":""},"pwb-brand":[345],"product_brand":[],"product_cat":[299,36],"product_tag":[350,352,351],"gyarto":[],"class_list":{"0":"post-2269","1":"product","2":"type-product","3":"status-publish","4":"has-post-thumbnail","6":"pwb-brand-tranquillo","7":"product_cat-kitchen-accessories","8":"product_cat-kitchen-and-dining","9":"product_tag-kitchen-accessories","10":"product_tag-kitchen-ceramics","11":"product_tag-nordic-kitchen","12":"pa_colour-multi","13":"pa_material-stoneware","15":"first","16":"outofstock","17":"taxable","18":"shipping-taxable","19":"purchasable","20":"product-type-simple","21":"entry","22":"content-bg","23":"loop-entry"},"acf":[],"brands":[{"id":345,"name":"Tranquillo","slug":"tranquillo"}],"_links":{"self":[{"href":"https:\/\/yournordichome.com\/de\/wp-json\/wp\/v2\/product\/2269","targetHints":{"allow":["GET"]}}],"collection":[{"href":"https:\/\/yournordichome.com\/de\/wp-json\/wp\/v2\/product"}],"about":[{"href":"https:\/\/yournordichome.com\/de\/wp-json\/wp\/v2\/types\/product"}],"replies":[{"embeddable":true,"href":"https:\/\/yournordichome.com\/de\/wp-json\/wp\/v2\/comments?post=2269"}],"wp:featuredmedia":[{"embeddable":true,"href":"https:\/\/yournordichome.com\/de\/wp-json\/wp\/v2\/media\/2215"}],"wp:attachment":[{"href":"https:\/\/yournordichome.com\/de\/wp-json\/wp\/v2\/media?parent=2269"}],"wp:term":[{"taxonomy":"pwb-brand","embeddable":true,"href":"https:\/\/yournordichome.com\/de\/wp-json\/wp\/v2\/pwb-brand?post=2269"},{"taxonomy":"product_brand","embeddable":true,"href":"https:\/\/yournordichome.com\/de\/wp-json\/wp\/v2\/product_brand?post=2269"},{"taxonomy":"product_cat","embeddable":true,"href":"https:\/\/yournordichome.com\/de\/wp-json\/wp\/v2\/product_cat?post=2269"},{"taxonomy":"product_tag","embeddable":true,"href":"https:\/\/yournordichome.com\/de\/wp-json\/wp\/v2\/product_tag?post=2269"},{"taxonomy":"gyarto","embeddable":true,"href":"https:\/\/yournordichome.com\/de\/wp-json\/wp\/v2\/gyarto?post=2269"}],"curies":[{"name":"wp","href":"https:\/\/api.w.org\/{rel}","templated":true}]}}