{"id":2184,"date":"2023-06-12T18:12:29","date_gmt":"2023-06-12T18:12:29","guid":{"rendered":"https:\/\/yournordichome.com\/product\/coffee-table-white-stone\/"},"modified":"2025-07-31T14:56:34","modified_gmt":"2025-07-31T14:56:34","slug":"couchtisch-weiser-stein","status":"publish","type":"product","link":"https:\/\/yournordichome.com\/de\/product\/coffee-table-white-stone\/","title":{"rendered":"Couchtisch wei\u00dfer Stein"},"content":{"rendered":"<p><strong>Couchtisch<\/strong> mit schwarzen Metallbeinen und einer quadratischen Tischplatte mit wei\u00dfem Keramikdesign. Die monochrome Farbgebung passt sowohl in bunte als auch in schwarz-wei\u00dfe Wohnungen.<\/p>\n<p>Abmessungen des Produkts: L60xH45xB60 cm<br \/>\nFarbe: Wei\u00df<br \/>\nZusammensetzung: Stein, Keramik, Metall<br \/>\nPflegehinweise: Mit einem feuchten Tuch abwischen.<br \/>\nMaximale Gewichtskapazit\u00e4t: 20 kg<br \/>\nVerwendung im Freien: Nein<\/p>","protected":false},"excerpt":{"rendered":"<p>Couchtisch mit minimalistischem Design. Der Tisch ist aus Metall mit einer Platte aus Stein und wei\u00dfer Keramik gefertigt. Der Couchtisch pr\u00e4sentiert ein sch\u00f6nes Off-White-Design auf der Tischplatte Fliesen, die perfekt mit der Leichtigkeit der Struktur kontrastiert.<\/p>","protected":false},"featured_media":2110,"comment_status":"closed","ping_status":"closed","template":"","meta":{"_acf_changed":false,"_kad_post_transparent":"default","_kad_post_title":"","_kad_post_layout":"default","_kad_post_sidebar_id":"","_kad_post_content_style":"default","_kad_post_vertical_padding":"default","_kad_post_feature":"","_kad_post_feature_position":"","_kad_post_header":false,"_kad_post_footer":false,"_kad_post_classname":""},"pwb-brand":[17],"product_brand":[],"product_cat":[158,157],"product_tag":[285,34],"gyarto":[],"class_list":{"0":"post-2184","1":"product","2":"type-product","3":"status-publish","4":"has-post-thumbnail","6":"pwb-brand-bloomingville","7":"product_cat-coffee-table","8":"product_cat-table","9":"product_tag-minimalist-furniture","10":"product_tag-nordic-interior-design","11":"pa_colour-white","12":"pa_material-metal","13":"pa_material-stone","15":"first","16":"instock","17":"taxable","18":"shipping-taxable","19":"purchasable","20":"product-type-simple","21":"entry","22":"content-bg","23":"loop-entry"},"acf":[],"brands":[{"id":17,"name":"Bloomingville","slug":"bloomingville"}],"_links":{"self":[{"href":"https:\/\/yournordichome.com\/de\/wp-json\/wp\/v2\/product\/2184","targetHints":{"allow":["GET"]}}],"collection":[{"href":"https:\/\/yournordichome.com\/de\/wp-json\/wp\/v2\/product"}],"about":[{"href":"https:\/\/yournordichome.com\/de\/wp-json\/wp\/v2\/types\/product"}],"replies":[{"embeddable":true,"href":"https:\/\/yournordichome.com\/de\/wp-json\/wp\/v2\/comments?post=2184"}],"wp:featuredmedia":[{"embeddable":true,"href":"https:\/\/yournordichome.com\/de\/wp-json\/wp\/v2\/media\/2110"}],"wp:attachment":[{"href":"https:\/\/yournordichome.com\/de\/wp-json\/wp\/v2\/media?parent=2184"}],"wp:term":[{"taxonomy":"pwb-brand","embeddable":true,"href":"https:\/\/yournordichome.com\/de\/wp-json\/wp\/v2\/pwb-brand?post=2184"},{"taxonomy":"product_brand","embeddable":true,"href":"https:\/\/yournordichome.com\/de\/wp-json\/wp\/v2\/product_brand?post=2184"},{"taxonomy":"product_cat","embeddable":true,"href":"https:\/\/yournordichome.com\/de\/wp-json\/wp\/v2\/product_cat?post=2184"},{"taxonomy":"product_tag","embeddable":true,"href":"https:\/\/yournordichome.com\/de\/wp-json\/wp\/v2\/product_tag?post=2184"},{"taxonomy":"gyarto","embeddable":true,"href":"https:\/\/yournordichome.com\/de\/wp-json\/wp\/v2\/gyarto?post=2184"}],"curies":[{"name":"wp","href":"https:\/\/api.w.org\/{rel}","templated":true}]}}