{"id":2175,"date":"2023-06-12T18:12:29","date_gmt":"2023-06-12T18:12:29","guid":{"rendered":"https:\/\/yournordichome.com\/product\/round-black-rug-seagrass\/"},"modified":"2025-07-31T14:55:36","modified_gmt":"2025-07-31T14:55:36","slug":"runder-schwarzer-teppich-seagrass","status":"publish","type":"product","link":"https:\/\/yournordichome.com\/de\/product\/round-black-rug-seagrass\/","title":{"rendered":"Runder schwarzer Teppich aus Seegras"},"content":{"rendered":"<p>Runder Teppich aus 100% Jute in runder Form mit schwarzen Streifen gewebt. Perfekt unter einem Tisch, in der gem\u00fctlichen Ecke oder vielleicht im Badezimmer f\u00fcr eine gem\u00fctliche und nat\u00fcrliche Note. Der Teppich wird eine ruhige und entspannende Atmosph\u00e4re schaffen, wo immer Sie ihn platzieren.<\/p>\n<p>Abmessungen des Produkts: T120 cm<br \/>\nFarbe: Schwarz<br \/>\nMaterial: Seegras<br \/>\nZusammensetzung: 100% Jute<\/p>","protected":false},"excerpt":{"rendered":"<p>Runde Jute aus Seegras mit einem kreisf\u00f6rmigen Muster aus Schwarz und Natur. Das Jutematerial sorgt f\u00fcr ein angenehmes Gef\u00fchl an den F\u00fc\u00dfen und tr\u00e4gt gleichzeitig zu einem nat\u00fcrlichen Look und Stil bei.<\/p>","protected":false},"featured_media":2141,"comment_status":"closed","ping_status":"closed","template":"","meta":{"_acf_changed":false,"_kad_post_transparent":"default","_kad_post_title":"","_kad_post_layout":"default","_kad_post_sidebar_id":"","_kad_post_content_style":"default","_kad_post_vertical_padding":"default","_kad_post_feature":"","_kad_post_feature_position":"","_kad_post_header":false,"_kad_post_footer":false,"_kad_post_classname":""},"pwb-brand":[17],"product_brand":[],"product_cat":[88,65],"product_tag":[82,112,34,80],"gyarto":[],"class_list":{"0":"post-2175","1":"product","2":"type-product","3":"status-publish","4":"has-post-thumbnail","6":"pwb-brand-bloomingville","7":"product_cat-rug","8":"product_cat-rugs-and-textiles","9":"product_tag-carpet","10":"product_tag-jute-rug","11":"product_tag-nordic-interior-design","12":"product_tag-nordic-style-rug","13":"pa_colour-black","14":"pa_material-seagrass","16":"first","17":"instock","18":"taxable","19":"shipping-taxable","20":"purchasable","21":"product-type-simple","22":"entry","23":"content-bg","24":"loop-entry"},"acf":[],"brands":[{"id":17,"name":"Bloomingville","slug":"bloomingville"}],"_links":{"self":[{"href":"https:\/\/yournordichome.com\/de\/wp-json\/wp\/v2\/product\/2175","targetHints":{"allow":["GET"]}}],"collection":[{"href":"https:\/\/yournordichome.com\/de\/wp-json\/wp\/v2\/product"}],"about":[{"href":"https:\/\/yournordichome.com\/de\/wp-json\/wp\/v2\/types\/product"}],"replies":[{"embeddable":true,"href":"https:\/\/yournordichome.com\/de\/wp-json\/wp\/v2\/comments?post=2175"}],"wp:featuredmedia":[{"embeddable":true,"href":"https:\/\/yournordichome.com\/de\/wp-json\/wp\/v2\/media\/2141"}],"wp:attachment":[{"href":"https:\/\/yournordichome.com\/de\/wp-json\/wp\/v2\/media?parent=2175"}],"wp:term":[{"taxonomy":"pwb-brand","embeddable":true,"href":"https:\/\/yournordichome.com\/de\/wp-json\/wp\/v2\/pwb-brand?post=2175"},{"taxonomy":"product_brand","embeddable":true,"href":"https:\/\/yournordichome.com\/de\/wp-json\/wp\/v2\/product_brand?post=2175"},{"taxonomy":"product_cat","embeddable":true,"href":"https:\/\/yournordichome.com\/de\/wp-json\/wp\/v2\/product_cat?post=2175"},{"taxonomy":"product_tag","embeddable":true,"href":"https:\/\/yournordichome.com\/de\/wp-json\/wp\/v2\/product_tag?post=2175"},{"taxonomy":"gyarto","embeddable":true,"href":"https:\/\/yournordichome.com\/de\/wp-json\/wp\/v2\/gyarto?post=2175"}],"curies":[{"name":"wp","href":"https:\/\/api.w.org\/{rel}","templated":true}]}}