{"id":2172,"date":"2023-06-12T18:12:29","date_gmt":"2023-06-12T18:12:29","guid":{"rendered":"https:\/\/yournordichome.com\/product\/mini-stove-w-sink\/"},"modified":"2025-07-31T14:53:43","modified_gmt":"2025-07-31T14:53:43","slug":"mini-ofen-mit-spule","status":"publish","type":"product","link":"https:\/\/yournordichome.com\/de\/product\/mini-stove-w-sink\/","title":{"rendered":"Mini-Ofen mit Sp\u00fcle"},"content":{"rendered":"<p>Mini-Herd mit Sp\u00fcle f\u00fcr die Kinder. Er hat alles, was eine kleine K\u00f6chin oder ein kleiner Koch braucht: auf vier Kochplatten Essen zubereiten, in der Sp\u00fcle abwaschen. Ein gemusterter Vorhang verdeckt einen Schrank mit Regalen. In das offene Regal k\u00f6nnen kleine Kochb\u00fccher gestellt werden.<\/p>\n<p>Abmessungen des Produkts: L40xH57,5xW26 cm<br \/>\nFarbe: Braun<br \/>\nZusammensetzung: MDF, Lotusholz<br \/>\nDieses Spielzeug muss vor dem Gebrauch von einem Erwachsenen zusammengebaut werden.<br \/>\nEmpfohlenes Alter: +24 Monate<\/p>","protected":false},"excerpt":{"rendered":"<p>Mini-Herd mit Sp\u00fcle aus Lotusholz f\u00fcr die kleinsten K\u00f6che. Diese tolle Spielk\u00fcche hat viele Funktionen und regt zu vielen Spielstunden an.<\/p>","protected":false},"featured_media":2128,"comment_status":"closed","ping_status":"closed","template":"","meta":{"_acf_changed":false,"_kad_post_transparent":"default","_kad_post_title":"","_kad_post_layout":"default","_kad_post_sidebar_id":"","_kad_post_content_style":"default","_kad_post_vertical_padding":"default","_kad_post_feature":"","_kad_post_feature_position":"","_kad_post_header":false,"_kad_post_footer":false,"_kad_post_classname":""},"pwb-brand":[17],"product_brand":[],"product_cat":[47,48],"product_tag":[34],"gyarto":[],"class_list":{"0":"post-2172","1":"product","2":"type-product","3":"status-publish","4":"has-post-thumbnail","6":"pwb-brand-bloomingville","7":"product_cat-kids","8":"product_cat-toy","9":"product_tag-nordic-interior-design","10":"pa_colour-brown","11":"pa_material-lotus-wood","13":"first","14":"instock","15":"taxable","16":"shipping-taxable","17":"purchasable","18":"product-type-simple","19":"entry","20":"content-bg","21":"loop-entry"},"acf":[],"brands":[{"id":17,"name":"Bloomingville","slug":"bloomingville"}],"_links":{"self":[{"href":"https:\/\/yournordichome.com\/de\/wp-json\/wp\/v2\/product\/2172","targetHints":{"allow":["GET"]}}],"collection":[{"href":"https:\/\/yournordichome.com\/de\/wp-json\/wp\/v2\/product"}],"about":[{"href":"https:\/\/yournordichome.com\/de\/wp-json\/wp\/v2\/types\/product"}],"replies":[{"embeddable":true,"href":"https:\/\/yournordichome.com\/de\/wp-json\/wp\/v2\/comments?post=2172"}],"wp:featuredmedia":[{"embeddable":true,"href":"https:\/\/yournordichome.com\/de\/wp-json\/wp\/v2\/media\/2128"}],"wp:attachment":[{"href":"https:\/\/yournordichome.com\/de\/wp-json\/wp\/v2\/media?parent=2172"}],"wp:term":[{"taxonomy":"pwb-brand","embeddable":true,"href":"https:\/\/yournordichome.com\/de\/wp-json\/wp\/v2\/pwb-brand?post=2172"},{"taxonomy":"product_brand","embeddable":true,"href":"https:\/\/yournordichome.com\/de\/wp-json\/wp\/v2\/product_brand?post=2172"},{"taxonomy":"product_cat","embeddable":true,"href":"https:\/\/yournordichome.com\/de\/wp-json\/wp\/v2\/product_cat?post=2172"},{"taxonomy":"product_tag","embeddable":true,"href":"https:\/\/yournordichome.com\/de\/wp-json\/wp\/v2\/product_tag?post=2172"},{"taxonomy":"gyarto","embeddable":true,"href":"https:\/\/yournordichome.com\/de\/wp-json\/wp\/v2\/gyarto?post=2172"}],"curies":[{"name":"wp","href":"https:\/\/api.w.org\/{rel}","templated":true}]}}