{"id":2168,"date":"2023-06-12T18:12:29","date_gmt":"2023-06-12T18:12:29","guid":{"rendered":"https:\/\/yournordichome.com\/product\/rattan-stool-with-storage\/"},"modified":"2025-07-31T14:54:48","modified_gmt":"2025-07-31T14:54:48","slug":"rattanhocker-mit-ablage","status":"publish","type":"product","link":"https:\/\/yournordichome.com\/de\/product\/rattan-stool-with-storage\/","title":{"rendered":"Rattanhocker mit Ablage"},"content":{"rendered":"<p>Rattanhocker mit Stauraum, ein multifunktionales Nashorn, das sich sowohl zur Dekoration als auch zur Aufbewahrung und zum Spielen im Wohnzimmer oder im Kinderzimmer eignet.<\/p>\n<p>Abmessungen des Produkts: L53xH30xB24 cm<br \/>\nSitztiefe: 26 cm<br \/>\nSitzh\u00f6he: 30 cm<br \/>\nFarbe: Natur<br \/>\nZusammensetzung: Rattan<br \/>\nPflegehinweise: Mit einem feuchten Tuch abwischen.<br \/>\nMaximale Gewichtskapazit\u00e4t: 40 kg<br \/>\nVerwendung im Freien: Nein<\/p>","protected":false},"excerpt":{"rendered":"<p>S\u00fc\u00dfe kleine Nashornbank aus Rattan mit Kopf und Schwanz. \u00d6ffnen Sie den Schwanz und verstauen Sie all Ihre Lieblingsspielzeuge darin.<\/p>","protected":false},"featured_media":2135,"comment_status":"closed","ping_status":"closed","template":"","meta":{"_acf_changed":false,"_kad_post_transparent":"default","_kad_post_title":"","_kad_post_layout":"default","_kad_post_sidebar_id":"","_kad_post_content_style":"default","_kad_post_vertical_padding":"default","_kad_post_feature":"","_kad_post_feature_position":"","_kad_post_header":false,"_kad_post_footer":false,"_kad_post_classname":""},"pwb-brand":[17],"product_brand":[],"product_cat":[77,47],"product_tag":[148,34,134],"gyarto":[],"class_list":{"0":"post-2168","1":"product","2":"type-product","3":"status-publish","4":"has-post-thumbnail","6":"pwb-brand-bloomingville","7":"product_cat-childrens-furniture","8":"product_cat-kids","9":"product_tag-kids-room-storage","10":"product_tag-nordic-interior-design","11":"product_tag-rattan-furniture","12":"pa_colour-nature","13":"pa_material-rattan","15":"first","16":"instock","17":"taxable","18":"shipping-taxable","19":"purchasable","20":"product-type-simple","21":"entry","22":"content-bg","23":"loop-entry"},"acf":[],"brands":[{"id":17,"name":"Bloomingville","slug":"bloomingville"}],"_links":{"self":[{"href":"https:\/\/yournordichome.com\/de\/wp-json\/wp\/v2\/product\/2168","targetHints":{"allow":["GET"]}}],"collection":[{"href":"https:\/\/yournordichome.com\/de\/wp-json\/wp\/v2\/product"}],"about":[{"href":"https:\/\/yournordichome.com\/de\/wp-json\/wp\/v2\/types\/product"}],"replies":[{"embeddable":true,"href":"https:\/\/yournordichome.com\/de\/wp-json\/wp\/v2\/comments?post=2168"}],"wp:featuredmedia":[{"embeddable":true,"href":"https:\/\/yournordichome.com\/de\/wp-json\/wp\/v2\/media\/2135"}],"wp:attachment":[{"href":"https:\/\/yournordichome.com\/de\/wp-json\/wp\/v2\/media?parent=2168"}],"wp:term":[{"taxonomy":"pwb-brand","embeddable":true,"href":"https:\/\/yournordichome.com\/de\/wp-json\/wp\/v2\/pwb-brand?post=2168"},{"taxonomy":"product_brand","embeddable":true,"href":"https:\/\/yournordichome.com\/de\/wp-json\/wp\/v2\/product_brand?post=2168"},{"taxonomy":"product_cat","embeddable":true,"href":"https:\/\/yournordichome.com\/de\/wp-json\/wp\/v2\/product_cat?post=2168"},{"taxonomy":"product_tag","embeddable":true,"href":"https:\/\/yournordichome.com\/de\/wp-json\/wp\/v2\/product_tag?post=2168"},{"taxonomy":"gyarto","embeddable":true,"href":"https:\/\/yournordichome.com\/de\/wp-json\/wp\/v2\/gyarto?post=2168"}],"curies":[{"name":"wp","href":"https:\/\/api.w.org\/{rel}","templated":true}]}}