{"id":2035,"date":"2023-06-04T13:16:44","date_gmt":"2023-06-04T13:16:44","guid":{"rendered":"https:\/\/yournordichome.com\/product\/round-coffee-table-brass\/"},"modified":"2025-07-31T15:08:54","modified_gmt":"2025-07-31T15:08:54","slug":"runder-couchtisch-messing","status":"publish","type":"product","link":"https:\/\/yournordichome.com\/de\/product\/round-coffee-table-brass\/","title":{"rendered":"Runder Couchtisch Messing"},"content":{"rendered":"<p>Runder Couchtisch aus Metall in der Farbe Messing antik. Seine Besonderheit ist, dass er ein Set bildet, indem zwei Tischplatten zusammengef\u00fcgt werden. Dies erm\u00f6glicht ein luftiges und leichtes Erscheinungsbild. Die obere Tischplatte ist mit einem sch\u00f6nen Muster versehen, die untere Tischplatte ist eine feste Oberfl\u00e4che.<\/p>\n<p>Abmessungen des Produkts: H50\/L59\/W40 cm<br \/>\nMaterial: Eisen<br \/>\nFarbe: antikes Messing<\/p>","protected":false},"excerpt":{"rendered":"<p>Runder Couchtisch mit zwei Tischplatten in Messing aus Metall. Ein sch\u00f6nes und einzigartiges Set, das sch\u00f6n dekoriert werden kann.<\/p>","protected":false},"featured_media":2011,"comment_status":"closed","ping_status":"closed","template":"","meta":{"_acf_changed":false,"_kad_post_transparent":"default","_kad_post_title":"","_kad_post_layout":"default","_kad_post_sidebar_id":"","_kad_post_content_style":"default","_kad_post_vertical_padding":"default","_kad_post_feature":"","_kad_post_feature_position":"","_kad_post_header":false,"_kad_post_footer":false,"_kad_post_classname":""},"pwb-brand":[19],"product_brand":[],"product_cat":[158,157],"product_tag":[25],"gyarto":[],"class_list":{"0":"post-2035","1":"product","2":"type-product","3":"status-publish","4":"has-post-thumbnail","6":"pwb-brand-chic-antique","7":"product_cat-coffee-table","8":"product_cat-table","9":"product_tag-shabby-chic","10":"pa_colour-brass","11":"pa_material-metal","13":"first","14":"instock","15":"taxable","16":"shipping-taxable","17":"purchasable","18":"product-type-simple","19":"entry","20":"content-bg","21":"loop-entry"},"acf":[],"brands":[{"id":19,"name":"Schick antik","slug":"schicke-antiquitat"}],"_links":{"self":[{"href":"https:\/\/yournordichome.com\/de\/wp-json\/wp\/v2\/product\/2035","targetHints":{"allow":["GET"]}}],"collection":[{"href":"https:\/\/yournordichome.com\/de\/wp-json\/wp\/v2\/product"}],"about":[{"href":"https:\/\/yournordichome.com\/de\/wp-json\/wp\/v2\/types\/product"}],"replies":[{"embeddable":true,"href":"https:\/\/yournordichome.com\/de\/wp-json\/wp\/v2\/comments?post=2035"}],"wp:featuredmedia":[{"embeddable":true,"href":"https:\/\/yournordichome.com\/de\/wp-json\/wp\/v2\/media\/2011"}],"wp:attachment":[{"href":"https:\/\/yournordichome.com\/de\/wp-json\/wp\/v2\/media?parent=2035"}],"wp:term":[{"taxonomy":"pwb-brand","embeddable":true,"href":"https:\/\/yournordichome.com\/de\/wp-json\/wp\/v2\/pwb-brand?post=2035"},{"taxonomy":"product_brand","embeddable":true,"href":"https:\/\/yournordichome.com\/de\/wp-json\/wp\/v2\/product_brand?post=2035"},{"taxonomy":"product_cat","embeddable":true,"href":"https:\/\/yournordichome.com\/de\/wp-json\/wp\/v2\/product_cat?post=2035"},{"taxonomy":"product_tag","embeddable":true,"href":"https:\/\/yournordichome.com\/de\/wp-json\/wp\/v2\/product_tag?post=2035"},{"taxonomy":"gyarto","embeddable":true,"href":"https:\/\/yournordichome.com\/de\/wp-json\/wp\/v2\/gyarto?post=2035"}],"curies":[{"name":"wp","href":"https:\/\/api.w.org\/{rel}","templated":true}]}}