{"id":1974,"date":"2023-06-04T10:19:44","date_gmt":"2023-06-04T10:19:44","guid":{"rendered":"https:\/\/yournordichome.com\/product\/cappuccino-coffee-table\/"},"modified":"2025-07-31T15:11:58","modified_gmt":"2025-07-31T15:11:58","slug":"cappuccino-couchtisch","status":"publish","type":"product","link":"https:\/\/yournordichome.com\/de\/product\/cappuccino-coffee-table\/","title":{"rendered":"Cappuccino Couchtisch"},"content":{"rendered":"<p>Couchtisch-Set aus schwarzem und nat\u00fcrlichem Bambus, ein besonderes St\u00fcck skandinavischer Eleganz. Nebeneinander platziert bilden sie eine sch\u00f6ne Kombination, aber Sie k\u00f6nnen die beiden Tische auch einzeln verwenden.<\/p>\n<p>Produktabmessungen: T40xH43\/D60xH50 cm, 2er-Set<br \/>\nFarbe: Schwarz<br \/>\nZusammensetzung: Bambus<br \/>\nNiederschlagung: Ja<br \/>\nBeinfarbe: Schwarz<br \/>\nMaterial der Beine: Bambus<br \/>\nMaximale Gewichtskapazit\u00e4t: 20 kg.<br \/>\nVerwendung im Freien: Nein<\/p>","protected":false},"excerpt":{"rendered":"<p>Der Cappuccino Couchtisch ist ein Set aus 2 wundersch\u00f6nen Tischen in zwei Gr\u00f6\u00dfen. Sie sind aus Bambus in einem sch\u00f6nen schwarzen Farbmix gefertigt. Stellen Sie sie nebeneinander vor Ihre Couch oder verwenden Sie einen als Couchtisch und einen als Beistelltisch.<\/p>","protected":false},"featured_media":1881,"comment_status":"closed","ping_status":"closed","template":"","meta":{"_acf_changed":false,"_kad_post_transparent":"default","_kad_post_title":"","_kad_post_layout":"default","_kad_post_sidebar_id":"","_kad_post_content_style":"default","_kad_post_vertical_padding":"default","_kad_post_feature":"","_kad_post_feature_position":"","_kad_post_header":false,"_kad_post_footer":false,"_kad_post_classname":""},"pwb-brand":[17],"product_brand":[],"product_cat":[158,157],"product_tag":[160,34],"gyarto":[],"class_list":{"0":"post-1974","1":"product","2":"type-product","3":"status-publish","4":"has-post-thumbnail","6":"pwb-brand-bloomingville","7":"product_cat-coffee-table","8":"product_cat-table","9":"product_tag-bamboo-furniture","10":"product_tag-nordic-interior-design","11":"pa_colour-black","12":"pa_material-bamboo","14":"first","15":"instock","16":"taxable","17":"shipping-taxable","18":"purchasable","19":"product-type-simple","20":"entry","21":"content-bg","22":"loop-entry"},"acf":[],"brands":[{"id":17,"name":"Bloomingville","slug":"bloomingville"}],"_links":{"self":[{"href":"https:\/\/yournordichome.com\/de\/wp-json\/wp\/v2\/product\/1974","targetHints":{"allow":["GET"]}}],"collection":[{"href":"https:\/\/yournordichome.com\/de\/wp-json\/wp\/v2\/product"}],"about":[{"href":"https:\/\/yournordichome.com\/de\/wp-json\/wp\/v2\/types\/product"}],"replies":[{"embeddable":true,"href":"https:\/\/yournordichome.com\/de\/wp-json\/wp\/v2\/comments?post=1974"}],"wp:featuredmedia":[{"embeddable":true,"href":"https:\/\/yournordichome.com\/de\/wp-json\/wp\/v2\/media\/1881"}],"wp:attachment":[{"href":"https:\/\/yournordichome.com\/de\/wp-json\/wp\/v2\/media?parent=1974"}],"wp:term":[{"taxonomy":"pwb-brand","embeddable":true,"href":"https:\/\/yournordichome.com\/de\/wp-json\/wp\/v2\/pwb-brand?post=1974"},{"taxonomy":"product_brand","embeddable":true,"href":"https:\/\/yournordichome.com\/de\/wp-json\/wp\/v2\/product_brand?post=1974"},{"taxonomy":"product_cat","embeddable":true,"href":"https:\/\/yournordichome.com\/de\/wp-json\/wp\/v2\/product_cat?post=1974"},{"taxonomy":"product_tag","embeddable":true,"href":"https:\/\/yournordichome.com\/de\/wp-json\/wp\/v2\/product_tag?post=1974"},{"taxonomy":"gyarto","embeddable":true,"href":"https:\/\/yournordichome.com\/de\/wp-json\/wp\/v2\/gyarto?post=1974"}],"curies":[{"name":"wp","href":"https:\/\/api.w.org\/{rel}","templated":true}]}}