{"id":1971,"date":"2023-06-04T10:19:44","date_gmt":"2023-06-04T10:19:44","guid":{"rendered":"https:\/\/yournordichome.com\/product\/brown-shelf-mango\/"},"modified":"2025-07-31T15:11:31","modified_gmt":"2025-07-31T15:11:31","slug":"braunes-regal-mango","status":"publish","type":"product","link":"https:\/\/yournordichome.com\/de\/product\/brown-shelf-mango\/","title":{"rendered":"Braunes Regal Mango"},"content":{"rendered":"<p>Braunes Regal aus Mangoholz, in einer sch\u00f6nen dunklen Farbe gebeizt. Es hat 24 kleine F\u00e4cher auf 6 Regalb\u00f6den. Sch\u00f6nes dunkelbraunes Regal, das einen perfekten Kontrast zu den Accessoires bietet, die Sie darin aufbewahren.<\/p>\n<p>Abmessungen des Produkts: L48,5xH82,5xB11,5 cm<br \/>\nAbstand zwischen den Einlegeb\u00f6den: 12 cm<br \/>\nDie Gr\u00f6\u00dfe der F\u00e4cher: 10 cm<br \/>\nMaterial: Mango-Holz<br \/>\nPflegehinweis: mit einem feuchten Tuch abwischen.<\/p>","protected":false},"excerpt":{"rendered":"<p>Wandregal aus Mangoholz in sch\u00f6ner dunkelbrauner Farbe mit kleinen F\u00e4chern. Perfekt f\u00fcr Ihre Sammlung von einzigartigen Tassen oder kleinen Dekoartikeln f\u00fcr ein pers\u00f6nliches Styling in einem nordischen Ambiente.<\/p>","protected":false},"featured_media":1877,"comment_status":"closed","ping_status":"closed","template":"","meta":{"_acf_changed":false,"_kad_post_transparent":"default","_kad_post_title":"","_kad_post_layout":"default","_kad_post_sidebar_id":"","_kad_post_content_style":"default","_kad_post_vertical_padding":"default","_kad_post_feature":"","_kad_post_feature_position":"","_kad_post_header":false,"_kad_post_footer":false,"_kad_post_classname":""},"pwb-brand":[17],"product_brand":[],"product_cat":[94,167],"product_tag":[136],"gyarto":[],"class_list":{"0":"post-1971","1":"product","2":"type-product","3":"status-publish","4":"has-post-thumbnail","6":"pwb-brand-bloomingville","7":"product_cat-furniture","8":"product_cat-wall-shelf","9":"product_tag-shelves","10":"pa_colour-brown","11":"pa_material-mango-wood","13":"first","14":"instock","15":"taxable","16":"shipping-taxable","17":"purchasable","18":"product-type-simple","19":"entry","20":"content-bg","21":"loop-entry"},"acf":[],"brands":[{"id":17,"name":"Bloomingville","slug":"bloomingville"}],"_links":{"self":[{"href":"https:\/\/yournordichome.com\/de\/wp-json\/wp\/v2\/product\/1971","targetHints":{"allow":["GET"]}}],"collection":[{"href":"https:\/\/yournordichome.com\/de\/wp-json\/wp\/v2\/product"}],"about":[{"href":"https:\/\/yournordichome.com\/de\/wp-json\/wp\/v2\/types\/product"}],"replies":[{"embeddable":true,"href":"https:\/\/yournordichome.com\/de\/wp-json\/wp\/v2\/comments?post=1971"}],"wp:featuredmedia":[{"embeddable":true,"href":"https:\/\/yournordichome.com\/de\/wp-json\/wp\/v2\/media\/1877"}],"wp:attachment":[{"href":"https:\/\/yournordichome.com\/de\/wp-json\/wp\/v2\/media?parent=1971"}],"wp:term":[{"taxonomy":"pwb-brand","embeddable":true,"href":"https:\/\/yournordichome.com\/de\/wp-json\/wp\/v2\/pwb-brand?post=1971"},{"taxonomy":"product_brand","embeddable":true,"href":"https:\/\/yournordichome.com\/de\/wp-json\/wp\/v2\/product_brand?post=1971"},{"taxonomy":"product_cat","embeddable":true,"href":"https:\/\/yournordichome.com\/de\/wp-json\/wp\/v2\/product_cat?post=1971"},{"taxonomy":"product_tag","embeddable":true,"href":"https:\/\/yournordichome.com\/de\/wp-json\/wp\/v2\/product_tag?post=1971"},{"taxonomy":"gyarto","embeddable":true,"href":"https:\/\/yournordichome.com\/de\/wp-json\/wp\/v2\/gyarto?post=1971"}],"curies":[{"name":"wp","href":"https:\/\/api.w.org\/{rel}","templated":true}]}}