{"id":1860,"date":"2023-06-02T17:50:25","date_gmt":"2023-06-02T17:50:25","guid":{"rendered":"https:\/\/yournordichome.com\/product\/grey-rug\/"},"modified":"2023-12-21T07:51:15","modified_gmt":"2023-12-21T07:51:15","slug":"grauer-teppich","status":"publish","type":"product","link":"https:\/\/yournordichome.com\/de\/product\/grey-rug\/","title":{"rendered":"Grauer Vorleger"},"content":{"rendered":"<p>Grauer Teppich aus Baumwolle, ein sch\u00f6ner nat\u00fcrlicher Stoff und Farbton. Legen Sie ihn neben das Bett im Schlafzimmer oder in den Flur. Mit seinem dezenten Farbton schafft er einen zur\u00fcckhaltenden Kontrast auf dem Boden, ein elegantes St\u00fcck in einem monochromen Interieur und einen sanften Kontrapunkt in einer bunt eingerichteten Wohnung.<\/p>\n<p>Abmessungen des Produkts: L150xB90 cm<br \/>\nFarbe: Grau<br \/>\nZusammensetzung: 45% Plolyester, 43% Baumwolle, 8% Wolle, 4% OF<br \/>\nBleichen: Nein<br \/>\nChemische Reinigung: Nein<br \/>\nTrocknen: Nein<br \/>\nB\u00fcgeln: Nein<\/p>","protected":false},"excerpt":{"rendered":"<p>Grauer Teppich aus Baumwolle mit einem sch\u00f6nen Naturton, der eine gem\u00fctliche Atmosph\u00e4re in Ihr Zuhause bringt. Der Teppich hat kleine Fransen an jedem Ende.<\/p>","protected":false},"featured_media":1825,"comment_status":"closed","ping_status":"closed","template":"","meta":{"_acf_changed":false,"_kad_post_transparent":"","_kad_post_title":"","_kad_post_layout":"","_kad_post_sidebar_id":"","_kad_post_content_style":"","_kad_post_vertical_padding":"","_kad_post_feature":"","_kad_post_feature_position":"","_kad_post_header":false,"_kad_post_footer":false,"_kad_post_classname":""},"pwb-brand":[17],"product_brand":[],"product_cat":[88,65],"product_tag":[79,34,80,262],"gyarto":[],"class_list":{"0":"post-1860","1":"product","2":"type-product","3":"status-publish","4":"has-post-thumbnail","6":"pwb-brand-bloomingville","7":"product_cat-rug","8":"product_cat-rugs-and-textiles","9":"product_tag-cotton-rug","10":"product_tag-nordic-interior-design","11":"product_tag-nordic-style-rug","12":"product_tag-runner-rug","13":"pa_colour-grey","14":"pa_material-cotton","15":"pa_material-wool","17":"first","18":"outofstock","19":"taxable","20":"shipping-taxable","21":"purchasable","22":"product-type-simple","23":"entry","24":"content-bg","25":"loop-entry"},"acf":[],"brands":[{"id":17,"name":"Bloomingville","slug":"bloomingville"}],"_links":{"self":[{"href":"https:\/\/yournordichome.com\/de\/wp-json\/wp\/v2\/product\/1860","targetHints":{"allow":["GET"]}}],"collection":[{"href":"https:\/\/yournordichome.com\/de\/wp-json\/wp\/v2\/product"}],"about":[{"href":"https:\/\/yournordichome.com\/de\/wp-json\/wp\/v2\/types\/product"}],"replies":[{"embeddable":true,"href":"https:\/\/yournordichome.com\/de\/wp-json\/wp\/v2\/comments?post=1860"}],"wp:featuredmedia":[{"embeddable":true,"href":"https:\/\/yournordichome.com\/de\/wp-json\/wp\/v2\/media\/1825"}],"wp:attachment":[{"href":"https:\/\/yournordichome.com\/de\/wp-json\/wp\/v2\/media?parent=1860"}],"wp:term":[{"taxonomy":"pwb-brand","embeddable":true,"href":"https:\/\/yournordichome.com\/de\/wp-json\/wp\/v2\/pwb-brand?post=1860"},{"taxonomy":"product_brand","embeddable":true,"href":"https:\/\/yournordichome.com\/de\/wp-json\/wp\/v2\/product_brand?post=1860"},{"taxonomy":"product_cat","embeddable":true,"href":"https:\/\/yournordichome.com\/de\/wp-json\/wp\/v2\/product_cat?post=1860"},{"taxonomy":"product_tag","embeddable":true,"href":"https:\/\/yournordichome.com\/de\/wp-json\/wp\/v2\/product_tag?post=1860"},{"taxonomy":"gyarto","embeddable":true,"href":"https:\/\/yournordichome.com\/de\/wp-json\/wp\/v2\/gyarto?post=1860"}],"curies":[{"name":"wp","href":"https:\/\/api.w.org\/{rel}","templated":true}]}}