{"id":1848,"date":"2023-06-02T17:50:25","date_gmt":"2023-06-02T17:50:25","guid":{"rendered":"https:\/\/yournordichome.com\/product\/table-lamp-bamboo\/"},"modified":"2025-12-18T11:27:23","modified_gmt":"2025-12-18T11:27:23","slug":"tischlampe-bamboo","status":"publish","type":"product","link":"https:\/\/yournordichome.com\/de\/product\/table-lamp-bamboo\/","title":{"rendered":"Tischlampe Bambus"},"content":{"rendered":"<p>Tischlampe aus Bambus und Metall. Ein Accessoire im nordischen Stil mit otganischen Eigenschaften.<\/p>\n<p>Abmessungen des Produkts: D28xH52 cm<br \/>\nFarbe: Natur<br \/>\nZusammensetzung: Eisen, Bambus<br \/>\nGr\u00f6\u00dfe der Gl\u00fchbirne: E27<br \/>\nGl\u00fchbirnen-Typ: LED oder Energiesparlampe (CFL)<br \/>\nWattzahl der Gl\u00fchbirne: Max: Gl\u00fchbirne: 20W \/ LED: 3W \/ CFL: 7W<br \/>\nGl\u00fchbirne nicht enthalten.<br \/>\nPflegehinweise: Mit einem feuchten Tuch abwischen.<br \/>\nFarbe der Kordel: Schwarz<br \/>\nKordell\u00e4nge: 180 cm<br \/>\nMaterial der Kordel: Stoff<br \/>\nVerwendung im Freien: Nein<br \/>\nSchalter: Am Kabel<\/p>","protected":false},"excerpt":{"rendered":"<p>Tischleuchte mit d\u00fcnn geschnitztem Bambusschirm und Metallsockel mit klassischer Form. Die perfekte Lampe f\u00fcr den Nachttisch oder den Konsolentisch.<\/p>","protected":false},"featured_media":1835,"comment_status":"closed","ping_status":"closed","template":"","meta":{"_acf_changed":false,"_kad_post_transparent":"default","_kad_post_title":"","_kad_post_layout":"default","_kad_post_sidebar_id":"","_kad_post_content_style":"default","_kad_post_vertical_padding":"default","_kad_post_feature":"","_kad_post_feature_position":"","_kad_post_header":false,"_kad_post_footer":false,"_kad_post_classname":""},"pwb-brand":[17],"product_brand":[],"product_cat":[73,72],"product_tag":[160,285,117],"gyarto":[],"class_list":{"0":"post-1848","1":"product","2":"type-product","3":"status-publish","4":"has-post-thumbnail","6":"pwb-brand-bloomingville","7":"product_cat-desk-and-table-lamp","8":"product_cat-lamp","9":"product_tag-bamboo-furniture","10":"product_tag-minimalist-furniture","11":"product_tag-nordic-lamp","12":"pa_colour-black","13":"pa_colour-nature","14":"pa_material-bamboo","15":"pa_material-metal","17":"first","18":"outofstock","19":"taxable","20":"shipping-taxable","21":"purchasable","22":"product-type-simple","23":"entry","24":"content-bg","25":"loop-entry"},"acf":[],"brands":[{"id":17,"name":"Bloomingville","slug":"bloomingville"}],"_links":{"self":[{"href":"https:\/\/yournordichome.com\/de\/wp-json\/wp\/v2\/product\/1848","targetHints":{"allow":["GET"]}}],"collection":[{"href":"https:\/\/yournordichome.com\/de\/wp-json\/wp\/v2\/product"}],"about":[{"href":"https:\/\/yournordichome.com\/de\/wp-json\/wp\/v2\/types\/product"}],"replies":[{"embeddable":true,"href":"https:\/\/yournordichome.com\/de\/wp-json\/wp\/v2\/comments?post=1848"}],"wp:featuredmedia":[{"embeddable":true,"href":"https:\/\/yournordichome.com\/de\/wp-json\/wp\/v2\/media\/1835"}],"wp:attachment":[{"href":"https:\/\/yournordichome.com\/de\/wp-json\/wp\/v2\/media?parent=1848"}],"wp:term":[{"taxonomy":"pwb-brand","embeddable":true,"href":"https:\/\/yournordichome.com\/de\/wp-json\/wp\/v2\/pwb-brand?post=1848"},{"taxonomy":"product_brand","embeddable":true,"href":"https:\/\/yournordichome.com\/de\/wp-json\/wp\/v2\/product_brand?post=1848"},{"taxonomy":"product_cat","embeddable":true,"href":"https:\/\/yournordichome.com\/de\/wp-json\/wp\/v2\/product_cat?post=1848"},{"taxonomy":"product_tag","embeddable":true,"href":"https:\/\/yournordichome.com\/de\/wp-json\/wp\/v2\/product_tag?post=1848"},{"taxonomy":"gyarto","embeddable":true,"href":"https:\/\/yournordichome.com\/de\/wp-json\/wp\/v2\/gyarto?post=1848"}],"curies":[{"name":"wp","href":"https:\/\/api.w.org\/{rel}","templated":true}]}}