{"id":1786,"date":"2023-06-01T20:38:55","date_gmt":"2023-06-01T20:38:55","guid":{"rendered":"https:\/\/yournordichome.com\/product\/pendant-lamp-of-seagrass\/"},"modified":"2025-08-01T17:10:39","modified_gmt":"2025-08-01T17:10:39","slug":"hangeleuchte-aus-seegras","status":"publish","type":"product","link":"https:\/\/yournordichome.com\/de\/product\/pendant-lamp-of-seagrass\/","title":{"rendered":"H\u00e4ngeleuchte aus Seegras"},"content":{"rendered":"<p>H\u00e4ngeleuchte aus Seegras in nat\u00fcrlichen Farben, mit einer spannenden Mischung aus hellen und dunklen Fasern. Der Lampenschirm ist sehr einfach und klassisch geformt und mit nat\u00fcrlichem Seegras gewebt.<\/p>\n<p>Abmessungen des Produkts: D27xH40 cm<br \/>\nFarbe: Natur<br \/>\nMaterial: Seegras, Eisen<br \/>\nGr\u00f6\u00dfe der Gl\u00fchbirne: E27<br \/>\nGl\u00fchbirnen-Typ: LED oder Energiesparlampe (CFL)<br \/>\nWattzahl der Gl\u00fchbirne: Max: Gl\u00fchbirne: 40W \/ LED: 5W \/ CFL: 14W<br \/>\nGl\u00fchbirne nicht enthalten.<br \/>\nPflegehinweise: Mit einem feuchten Tuch abwischen.<br \/>\nDeckentasse: Ja<br \/>\nFarbe der Kordel: Schwarz<br \/>\nKordell\u00e4nge: 250 cm<br \/>\nMaterial der Kordel: Stoff<br \/>\nBeschl\u00e4ge: Ja<br \/>\nVerwendung im Freien: Nein<br \/>\nWechseln: Nein<\/p>","protected":false},"excerpt":{"rendered":"<p>H\u00e4ngeleuchte aus Seegras in nat\u00fcrlichen Farben mit einem sch\u00f6nen Kontrast von hell- und dunkelbrauner Farbe. Ein Lampenschirm mit den organischen Merkmalen der Natur, die ein interessantes Spiel des Lichts bieten, wenn die Lampe beleuchtet ist.<\/p>","protected":false},"featured_media":1753,"comment_status":"closed","ping_status":"closed","template":"","meta":{"_acf_changed":false,"_kad_post_transparent":"default","_kad_post_title":"","_kad_post_layout":"default","_kad_post_sidebar_id":"","_kad_post_content_style":"default","_kad_post_vertical_padding":"default","_kad_post_feature":"","_kad_post_feature_position":"","_kad_post_header":false,"_kad_post_footer":false,"_kad_post_classname":""},"pwb-brand":[17],"product_brand":[],"product_cat":[72,114],"product_tag":[116,34,255],"gyarto":[],"class_list":{"0":"post-1786","1":"product","2":"type-product","3":"status-publish","4":"has-post-thumbnail","6":"pwb-brand-bloomingville","7":"product_cat-lamp","8":"product_cat-pendant-lamp","9":"product_tag-ceiling-lamp","10":"product_tag-nordic-interior-design","11":"product_tag-seagrass-furniture","12":"pa_colour-nature","13":"pa_material-metal","14":"pa_material-seagrass","16":"first","17":"instock","18":"taxable","19":"shipping-taxable","20":"purchasable","21":"product-type-simple","22":"entry","23":"content-bg","24":"loop-entry"},"acf":[],"brands":[{"id":17,"name":"Bloomingville","slug":"bloomingville"}],"_links":{"self":[{"href":"https:\/\/yournordichome.com\/de\/wp-json\/wp\/v2\/product\/1786","targetHints":{"allow":["GET"]}}],"collection":[{"href":"https:\/\/yournordichome.com\/de\/wp-json\/wp\/v2\/product"}],"about":[{"href":"https:\/\/yournordichome.com\/de\/wp-json\/wp\/v2\/types\/product"}],"replies":[{"embeddable":true,"href":"https:\/\/yournordichome.com\/de\/wp-json\/wp\/v2\/comments?post=1786"}],"wp:featuredmedia":[{"embeddable":true,"href":"https:\/\/yournordichome.com\/de\/wp-json\/wp\/v2\/media\/1753"}],"wp:attachment":[{"href":"https:\/\/yournordichome.com\/de\/wp-json\/wp\/v2\/media?parent=1786"}],"wp:term":[{"taxonomy":"pwb-brand","embeddable":true,"href":"https:\/\/yournordichome.com\/de\/wp-json\/wp\/v2\/pwb-brand?post=1786"},{"taxonomy":"product_brand","embeddable":true,"href":"https:\/\/yournordichome.com\/de\/wp-json\/wp\/v2\/product_brand?post=1786"},{"taxonomy":"product_cat","embeddable":true,"href":"https:\/\/yournordichome.com\/de\/wp-json\/wp\/v2\/product_cat?post=1786"},{"taxonomy":"product_tag","embeddable":true,"href":"https:\/\/yournordichome.com\/de\/wp-json\/wp\/v2\/product_tag?post=1786"},{"taxonomy":"gyarto","embeddable":true,"href":"https:\/\/yournordichome.com\/de\/wp-json\/wp\/v2\/gyarto?post=1786"}],"curies":[{"name":"wp","href":"https:\/\/api.w.org\/{rel}","templated":true}]}}