{"id":1633,"date":"2023-05-30T16:15:12","date_gmt":"2023-05-30T16:15:12","guid":{"rendered":"https:\/\/yournordichome.com\/product\/black-metal-coffee-table\/"},"modified":"2023-09-15T13:04:49","modified_gmt":"2023-09-15T13:04:49","slug":"couchtisch-aus-schwarzem-metall","status":"publish","type":"product","link":"https:\/\/yournordichome.com\/de\/product\/black-metal-coffee-table\/","title":{"rendered":"Schwarzer Metall-Couchtisch"},"content":{"rendered":"<p>Schwarzer Metall-Couchtisch mit einer runden Tischplatte mit erodierter Oberfl\u00e4che f\u00fcr einen coolen, rohen Look. Die endg\u00fcltige Gestaltung der Oberfl\u00e4che der Tischplatte erfolgt von Hand, daher kann es Unterschiede in der Farbe der fertigen St\u00fccke geben.<\/p>\n<p>Gr\u00f6\u00dfe<br \/>\nH\u00f6he: 40,5 cm<br \/>\nDurchmesser: 63,5 cm<br \/>\nMaterial: Eisen<br \/>\nFarbe: Schwarz<br \/>\nMaximale Gewichtskapazit\u00e4t: 20 kg<br \/>\nPflegeanleitung: Mit einem feuchten Tuch abwischen.<br \/>\nVerwendung im Freien: Nein<\/p>","protected":false},"excerpt":{"rendered":"<p>Couchtisch aus Metall mit schwarzer, runder Tischplatte mit erodierter Oberfl\u00e4che.<\/p>","protected":false},"featured_media":1566,"comment_status":"closed","ping_status":"closed","template":"","meta":{"_acf_changed":false,"_kad_post_transparent":"","_kad_post_title":"","_kad_post_layout":"","_kad_post_sidebar_id":"","_kad_post_content_style":"","_kad_post_vertical_padding":"","_kad_post_feature":"","_kad_post_feature_position":"","_kad_post_header":false,"_kad_post_footer":false,"_kad_post_classname":""},"pwb-brand":[17],"product_brand":[],"product_cat":[158,157],"product_tag":[178,177,34],"gyarto":[],"class_list":{"0":"post-1633","1":"product","2":"type-product","3":"status-publish","4":"has-post-thumbnail","6":"pwb-brand-bloomingville","7":"product_cat-coffee-table","8":"product_cat-table","9":"product_tag-factory-style","10":"product_tag-industrial-style","11":"product_tag-nordic-interior-design","12":"pa_colour-black","13":"pa_material-metal","15":"first","16":"outofstock","17":"taxable","18":"shipping-taxable","19":"purchasable","20":"product-type-simple","21":"entry","22":"content-bg","23":"loop-entry"},"acf":[],"brands":[{"id":17,"name":"Bloomingville","slug":"bloomingville"}],"_links":{"self":[{"href":"https:\/\/yournordichome.com\/de\/wp-json\/wp\/v2\/product\/1633","targetHints":{"allow":["GET"]}}],"collection":[{"href":"https:\/\/yournordichome.com\/de\/wp-json\/wp\/v2\/product"}],"about":[{"href":"https:\/\/yournordichome.com\/de\/wp-json\/wp\/v2\/types\/product"}],"replies":[{"embeddable":true,"href":"https:\/\/yournordichome.com\/de\/wp-json\/wp\/v2\/comments?post=1633"}],"wp:featuredmedia":[{"embeddable":true,"href":"https:\/\/yournordichome.com\/de\/wp-json\/wp\/v2\/media\/1566"}],"wp:attachment":[{"href":"https:\/\/yournordichome.com\/de\/wp-json\/wp\/v2\/media?parent=1633"}],"wp:term":[{"taxonomy":"pwb-brand","embeddable":true,"href":"https:\/\/yournordichome.com\/de\/wp-json\/wp\/v2\/pwb-brand?post=1633"},{"taxonomy":"product_brand","embeddable":true,"href":"https:\/\/yournordichome.com\/de\/wp-json\/wp\/v2\/product_brand?post=1633"},{"taxonomy":"product_cat","embeddable":true,"href":"https:\/\/yournordichome.com\/de\/wp-json\/wp\/v2\/product_cat?post=1633"},{"taxonomy":"product_tag","embeddable":true,"href":"https:\/\/yournordichome.com\/de\/wp-json\/wp\/v2\/product_tag?post=1633"},{"taxonomy":"gyarto","embeddable":true,"href":"https:\/\/yournordichome.com\/de\/wp-json\/wp\/v2\/gyarto?post=1633"}],"curies":[{"name":"wp","href":"https:\/\/api.w.org\/{rel}","templated":true}]}}