{"id":1622,"date":"2023-05-30T16:15:12","date_gmt":"2023-05-30T16:15:12","guid":{"rendered":"https:\/\/yournordichome.com\/product\/white-glass-pendant-lamp\/"},"modified":"2025-08-07T15:25:52","modified_gmt":"2025-08-07T15:25:52","slug":"pendelleuchte-aus-weisem-glas","status":"publish","type":"product","link":"https:\/\/yournordichome.com\/de\/product\/white-glass-pendant-lamp\/","title":{"rendered":"H\u00e4ngeleuchte aus wei\u00dfem Glas"},"content":{"rendered":"<p>H\u00e4ngeleuchte aus wei\u00dfem Glas, die ein warmes Licht spendet. Es ist eine gro\u00dfartige Idee, mehr als eine \u00fcber Ihrem Esstisch zu platzieren, um Ihre Abende zu beleuchten.<\/p>\n<p>Abmessungen des Produkts: T25xH34 cm<br \/>\nFarbe: Wei\u00df<br \/>\nZusammensetzung: Glas, Eisen<br \/>\nCE-gepr\u00fcft: Ja<br \/>\nEnergieklasse der Gl\u00fchbirne: Alle<br \/>\nInklusive Gl\u00fchbirne: Nein<br \/>\nGr\u00f6\u00dfe der Gl\u00fchbirne: E27<br \/>\nGl\u00fchbirnen-Typ: LED oder Energiesparlampe (CFL)<br \/>\nWattzahl der Gl\u00fchbirne: Max: Gl\u00fchbirne: 40W \/ LED: W \/ CFL: W<br \/>\nPflegeanweisung: Mit einem feuchten Tuch abwischen.<br \/>\nDeckentasse: Ja<br \/>\nFarbe der Kordel: Schwarz<br \/>\nKordell\u00e4nge: 250 cm<br \/>\nMaterial der Kordel: Stoff<br \/>\nBeschl\u00e4ge: Ja<br \/>\nVerwendung im Freien: Nein<br \/>\nGr\u00f6\u00dfe des Schirms cm: \u00df25xH30 cm<br \/>\nWechseln: Nein<\/p>","protected":false},"excerpt":{"rendered":"<p>H\u00e4ngeleuchte mit elegantem Design aus wei\u00dfem Glas und Eisen.<\/p>","protected":false},"featured_media":1613,"comment_status":"closed","ping_status":"closed","template":"","meta":{"_acf_changed":false,"_kad_post_transparent":"default","_kad_post_title":"","_kad_post_layout":"default","_kad_post_sidebar_id":"","_kad_post_content_style":"default","_kad_post_vertical_padding":"default","_kad_post_feature":"","_kad_post_feature_position":"","_kad_post_header":false,"_kad_post_footer":false,"_kad_post_classname":""},"pwb-brand":[17],"product_brand":[],"product_cat":[72,114],"product_tag":[116,34,117],"gyarto":[],"class_list":{"0":"post-1622","1":"product","2":"type-product","3":"status-publish","4":"has-post-thumbnail","6":"pwb-brand-bloomingville","7":"product_cat-lamp","8":"product_cat-pendant-lamp","9":"product_tag-ceiling-lamp","10":"product_tag-nordic-interior-design","11":"product_tag-nordic-lamp","12":"pa_colour-white","13":"pa_material-glass","15":"first","16":"instock","17":"taxable","18":"shipping-taxable","19":"purchasable","20":"product-type-simple","21":"entry","22":"content-bg","23":"loop-entry"},"acf":[],"brands":[{"id":17,"name":"Bloomingville","slug":"bloomingville"}],"_links":{"self":[{"href":"https:\/\/yournordichome.com\/de\/wp-json\/wp\/v2\/product\/1622","targetHints":{"allow":["GET"]}}],"collection":[{"href":"https:\/\/yournordichome.com\/de\/wp-json\/wp\/v2\/product"}],"about":[{"href":"https:\/\/yournordichome.com\/de\/wp-json\/wp\/v2\/types\/product"}],"replies":[{"embeddable":true,"href":"https:\/\/yournordichome.com\/de\/wp-json\/wp\/v2\/comments?post=1622"}],"wp:featuredmedia":[{"embeddable":true,"href":"https:\/\/yournordichome.com\/de\/wp-json\/wp\/v2\/media\/1613"}],"wp:attachment":[{"href":"https:\/\/yournordichome.com\/de\/wp-json\/wp\/v2\/media?parent=1622"}],"wp:term":[{"taxonomy":"pwb-brand","embeddable":true,"href":"https:\/\/yournordichome.com\/de\/wp-json\/wp\/v2\/pwb-brand?post=1622"},{"taxonomy":"product_brand","embeddable":true,"href":"https:\/\/yournordichome.com\/de\/wp-json\/wp\/v2\/product_brand?post=1622"},{"taxonomy":"product_cat","embeddable":true,"href":"https:\/\/yournordichome.com\/de\/wp-json\/wp\/v2\/product_cat?post=1622"},{"taxonomy":"product_tag","embeddable":true,"href":"https:\/\/yournordichome.com\/de\/wp-json\/wp\/v2\/product_tag?post=1622"},{"taxonomy":"gyarto","embeddable":true,"href":"https:\/\/yournordichome.com\/de\/wp-json\/wp\/v2\/gyarto?post=1622"}],"curies":[{"name":"wp","href":"https:\/\/api.w.org\/{rel}","templated":true}]}}