{"id":1453,"date":"2023-05-29T14:16:20","date_gmt":"2023-05-29T14:16:20","guid":{"rendered":"https:\/\/yournordichome.com\/product\/black-jute-rug\/"},"modified":"2025-08-01T17:18:13","modified_gmt":"2025-08-01T17:18:13","slug":"schwarzer-juteteppich","status":"publish","type":"product","link":"https:\/\/yournordichome.com\/de\/product\/black-jute-rug\/","title":{"rendered":"Schwarzer Juteteppich"},"content":{"rendered":"<p>Schwarzer Juteteppich, der sich wunderbar mit einer nat\u00fcrlichen Dekoration im nordischen Stil kombinieren l\u00e4sst. Mit seinem feinen Muster und dem speziellen Webmuster eignet er sich hervorragend f\u00fcr das Wohn- und Schlafzimmer.<\/p>\n<p>Gr\u00f6\u00dfe<br \/>\nL\u00e4nge: 245 cm<br \/>\nBreite: 150 cm<br \/>\nMaterial: 100% Jute<br \/>\nFarbe: Schwarz<br \/>\nBleichen: Nein<br \/>\nFarbausf\u00fchrung: Garngef\u00e4rbt<br \/>\nChemische Reinigung: Nein<br \/>\nTrocknen: Nein<br \/>\nB\u00fcgeln: Nein<br \/>\nProduktausf\u00fchrung: Gewebt<\/p>","protected":false},"excerpt":{"rendered":"<p>Auffallend gro\u00dfer Teppich aus nat\u00fcrlicher Jute mit einem sch\u00f6nen gewebten Muster. Die diagonalen Linien und schwarzen Rauten verleihen Ihrer Einrichtung einen sehr modernen Touch.<\/p>","protected":false},"featured_media":1401,"comment_status":"closed","ping_status":"closed","template":"","meta":{"_acf_changed":false,"_kad_post_transparent":"default","_kad_post_title":"","_kad_post_layout":"default","_kad_post_sidebar_id":"","_kad_post_content_style":"default","_kad_post_vertical_padding":"default","_kad_post_feature":"","_kad_post_feature_position":"","_kad_post_header":false,"_kad_post_footer":false,"_kad_post_classname":""},"pwb-brand":[17],"product_brand":[],"product_cat":[88,65],"product_tag":[112,34,80],"gyarto":[],"class_list":{"0":"post-1453","1":"product","2":"type-product","3":"status-publish","4":"has-post-thumbnail","6":"pwb-brand-bloomingville","7":"product_cat-rug","8":"product_cat-rugs-and-textiles","9":"product_tag-jute-rug","10":"product_tag-nordic-interior-design","11":"product_tag-nordic-style-rug","12":"pa_colour-black","13":"pa_material-jute","15":"first","16":"instock","17":"taxable","18":"shipping-taxable","19":"purchasable","20":"product-type-simple","21":"entry","22":"content-bg","23":"loop-entry"},"acf":[],"brands":[{"id":17,"name":"Bloomingville","slug":"bloomingville"}],"_links":{"self":[{"href":"https:\/\/yournordichome.com\/de\/wp-json\/wp\/v2\/product\/1453","targetHints":{"allow":["GET"]}}],"collection":[{"href":"https:\/\/yournordichome.com\/de\/wp-json\/wp\/v2\/product"}],"about":[{"href":"https:\/\/yournordichome.com\/de\/wp-json\/wp\/v2\/types\/product"}],"replies":[{"embeddable":true,"href":"https:\/\/yournordichome.com\/de\/wp-json\/wp\/v2\/comments?post=1453"}],"wp:featuredmedia":[{"embeddable":true,"href":"https:\/\/yournordichome.com\/de\/wp-json\/wp\/v2\/media\/1401"}],"wp:attachment":[{"href":"https:\/\/yournordichome.com\/de\/wp-json\/wp\/v2\/media?parent=1453"}],"wp:term":[{"taxonomy":"pwb-brand","embeddable":true,"href":"https:\/\/yournordichome.com\/de\/wp-json\/wp\/v2\/pwb-brand?post=1453"},{"taxonomy":"product_brand","embeddable":true,"href":"https:\/\/yournordichome.com\/de\/wp-json\/wp\/v2\/product_brand?post=1453"},{"taxonomy":"product_cat","embeddable":true,"href":"https:\/\/yournordichome.com\/de\/wp-json\/wp\/v2\/product_cat?post=1453"},{"taxonomy":"product_tag","embeddable":true,"href":"https:\/\/yournordichome.com\/de\/wp-json\/wp\/v2\/product_tag?post=1453"},{"taxonomy":"gyarto","embeddable":true,"href":"https:\/\/yournordichome.com\/de\/wp-json\/wp\/v2\/gyarto?post=1453"}],"curies":[{"name":"wp","href":"https:\/\/api.w.org\/{rel}","templated":true}]}}