{"id":1308,"date":"2023-05-29T11:12:07","date_gmt":"2023-05-29T11:12:07","guid":{"rendered":"https:\/\/yournordichome.com\/product\/old-wall-fountain-for-decoration-white\/"},"modified":"2025-01-23T16:07:19","modified_gmt":"2025-01-23T16:07:19","slug":"alter-wandbrunnen-zur-dekoration-weis","status":"publish","type":"product","link":"https:\/\/yournordichome.com\/de\/product\/old-wall-fountain-for-decoration-white\/","title":{"rendered":"Alter Wandbrunnen zur Dekoration - wei\u00df"},"content":{"rendered":"<p>Alter Wandbrunnen zur Dekoration. Dieser wirklich authentische Wandbrunnen schafft eine rustikale Atmosph\u00e4re im Garten und auf der Terrasse. Er ist an sich schon eine sch\u00f6ne Dekoration, aber Sie k\u00f6nnen auch Pflanzen hineinstellen und eine Komposition schaffen.<\/p>\n<p>H\u00f6he: 54 cm<br \/>\nMaterial: Eisen<br \/>\nFarbe: wei\u00df<\/p>","protected":false},"excerpt":{"rendered":"<p>Alter Wandbrunnen im franz\u00f6sischen Stil - Dekoration, Blumenst\u00e4nder.<\/p>","protected":false},"featured_media":699,"comment_status":"closed","ping_status":"closed","template":"","meta":{"_acf_changed":false,"_kad_post_transparent":"default","_kad_post_title":"","_kad_post_layout":"default","_kad_post_sidebar_id":"","_kad_post_content_style":"default","_kad_post_vertical_padding":"default","_kad_post_feature":"","_kad_post_feature_position":"","_kad_post_header":false,"_kad_post_footer":false,"_kad_post_classname":""},"pwb-brand":[19],"product_brand":[],"product_cat":[31,23],"product_tag":[34,33,98],"gyarto":[],"class_list":{"0":"post-1308","1":"product","2":"type-product","3":"status-publish","4":"has-post-thumbnail","6":"pwb-brand-chic-antique","7":"product_cat-flower-stand","8":"product_cat-home-decor","9":"product_tag-nordic-interior-design","10":"product_tag-outdoor-furniture","11":"product_tag-vintage-style","12":"pa_colour-antique-cream","13":"pa_material-metal","15":"first","16":"outofstock","17":"taxable","18":"shipping-taxable","19":"purchasable","20":"product-type-simple","21":"entry","22":"content-bg","23":"loop-entry"},"acf":[],"brands":[{"id":19,"name":"Schick antik","slug":"schicke-antiquitat"}],"_links":{"self":[{"href":"https:\/\/yournordichome.com\/de\/wp-json\/wp\/v2\/product\/1308","targetHints":{"allow":["GET"]}}],"collection":[{"href":"https:\/\/yournordichome.com\/de\/wp-json\/wp\/v2\/product"}],"about":[{"href":"https:\/\/yournordichome.com\/de\/wp-json\/wp\/v2\/types\/product"}],"replies":[{"embeddable":true,"href":"https:\/\/yournordichome.com\/de\/wp-json\/wp\/v2\/comments?post=1308"}],"wp:featuredmedia":[{"embeddable":true,"href":"https:\/\/yournordichome.com\/de\/wp-json\/wp\/v2\/media\/699"}],"wp:attachment":[{"href":"https:\/\/yournordichome.com\/de\/wp-json\/wp\/v2\/media?parent=1308"}],"wp:term":[{"taxonomy":"pwb-brand","embeddable":true,"href":"https:\/\/yournordichome.com\/de\/wp-json\/wp\/v2\/pwb-brand?post=1308"},{"taxonomy":"product_brand","embeddable":true,"href":"https:\/\/yournordichome.com\/de\/wp-json\/wp\/v2\/product_brand?post=1308"},{"taxonomy":"product_cat","embeddable":true,"href":"https:\/\/yournordichome.com\/de\/wp-json\/wp\/v2\/product_cat?post=1308"},{"taxonomy":"product_tag","embeddable":true,"href":"https:\/\/yournordichome.com\/de\/wp-json\/wp\/v2\/product_tag?post=1308"},{"taxonomy":"gyarto","embeddable":true,"href":"https:\/\/yournordichome.com\/de\/wp-json\/wp\/v2\/gyarto?post=1308"}],"curies":[{"name":"wp","href":"https:\/\/api.w.org\/{rel}","templated":true}]}}