{"id":1282,"date":"2023-05-29T10:46:59","date_gmt":"2023-05-29T10:46:59","guid":{"rendered":"https:\/\/yournordichome.com\/product\/pendant-lamp-raffia\/"},"modified":"2025-08-01T17:25:22","modified_gmt":"2025-08-01T17:25:22","slug":"hangeleuchte-bast","status":"publish","type":"product","link":"https:\/\/yournordichome.com\/de\/product\/pendant-lamp-raffia\/","title":{"rendered":"H\u00e4ngelampe Raffia"},"content":{"rendered":"<p>H\u00e4ngeleuchte aus Bast im b\u00f6hmischen Stil. Schafft einen Brennpunkt des Raumes. Es ist von Hand gewebt, was auch bedeutet, dass es Abweichungen in Farbe und Form auftreten k\u00f6nnen.<\/p>\n<p>Gr\u00f6\u00dfe<br \/>\nH\u00f6he: 99 cm<br \/>\nDurchmesser: 40 cm<br \/>\nMaterial: Raffia, Metall<br \/>\nGl\u00fchbirne: E27; 25W, LED: 3-5W, CFL:7W<br \/>\nFarbe der Kordel: Wei\u00df<br \/>\nKordell\u00e4nge: 250 cm<br \/>\nMaterial der Schnur: Kunststoff<br \/>\nArmaturen (nur Wand- und Deckenlampen): Ja<br \/>\nSchalter: Am Kabel<br \/>\nVerwendung im Freien: Nein<\/p>","protected":false},"excerpt":{"rendered":"<p>H\u00e4ngeleuchte mit nat\u00fcrlichem Design im Boh\u00e8me-Stil. Lange Bastfasern spannen den Schleier, so dass er auch in gr\u00f6\u00dferen R\u00e4umen gut aussieht. Erhellen Sie Ihren Raum mit dieser sch\u00f6nen Lampe!<\/p>","protected":false},"featured_media":499,"comment_status":"closed","ping_status":"closed","template":"","meta":{"_acf_changed":false,"_kad_post_transparent":"default","_kad_post_title":"","_kad_post_layout":"default","_kad_post_sidebar_id":"","_kad_post_content_style":"default","_kad_post_vertical_padding":"default","_kad_post_feature":"","_kad_post_feature_position":"","_kad_post_header":false,"_kad_post_footer":false,"_kad_post_classname":""},"pwb-brand":[17],"product_brand":[],"product_cat":[72,114],"product_tag":[116,146,34,117],"gyarto":[],"class_list":{"0":"post-1282","1":"product","2":"type-product","3":"status-publish","4":"has-post-thumbnail","6":"pwb-brand-bloomingville","7":"product_cat-lamp","8":"product_cat-pendant-lamp","9":"product_tag-ceiling-lamp","10":"product_tag-ethno-style","11":"product_tag-nordic-interior-design","12":"product_tag-nordic-lamp","13":"pa_colour-nature","14":"pa_material-raffia","16":"first","17":"instock","18":"taxable","19":"shipping-taxable","20":"purchasable","21":"product-type-simple","22":"entry","23":"content-bg","24":"loop-entry"},"acf":[],"brands":[{"id":17,"name":"Bloomingville","slug":"bloomingville"}],"_links":{"self":[{"href":"https:\/\/yournordichome.com\/de\/wp-json\/wp\/v2\/product\/1282","targetHints":{"allow":["GET"]}}],"collection":[{"href":"https:\/\/yournordichome.com\/de\/wp-json\/wp\/v2\/product"}],"about":[{"href":"https:\/\/yournordichome.com\/de\/wp-json\/wp\/v2\/types\/product"}],"replies":[{"embeddable":true,"href":"https:\/\/yournordichome.com\/de\/wp-json\/wp\/v2\/comments?post=1282"}],"wp:featuredmedia":[{"embeddable":true,"href":"https:\/\/yournordichome.com\/de\/wp-json\/wp\/v2\/media\/499"}],"wp:attachment":[{"href":"https:\/\/yournordichome.com\/de\/wp-json\/wp\/v2\/media?parent=1282"}],"wp:term":[{"taxonomy":"pwb-brand","embeddable":true,"href":"https:\/\/yournordichome.com\/de\/wp-json\/wp\/v2\/pwb-brand?post=1282"},{"taxonomy":"product_brand","embeddable":true,"href":"https:\/\/yournordichome.com\/de\/wp-json\/wp\/v2\/product_brand?post=1282"},{"taxonomy":"product_cat","embeddable":true,"href":"https:\/\/yournordichome.com\/de\/wp-json\/wp\/v2\/product_cat?post=1282"},{"taxonomy":"product_tag","embeddable":true,"href":"https:\/\/yournordichome.com\/de\/wp-json\/wp\/v2\/product_tag?post=1282"},{"taxonomy":"gyarto","embeddable":true,"href":"https:\/\/yournordichome.com\/de\/wp-json\/wp\/v2\/gyarto?post=1282"}],"curies":[{"name":"wp","href":"https:\/\/api.w.org\/{rel}","templated":true}]}}