{"id":1240,"date":"2023-05-29T09:57:03","date_gmt":"2023-05-29T09:57:03","guid":{"rendered":"https:\/\/yournordichome.com\/product\/coffee-table-concrete\/"},"modified":"2025-08-01T17:28:01","modified_gmt":"2025-08-01T17:28:01","slug":"couchtisch-beton","status":"publish","type":"product","link":"https:\/\/yournordichome.com\/de\/product\/coffee-table-concrete\/","title":{"rendered":"Couchtisch Beton"},"content":{"rendered":"<p>Couchtisch aus Beton auf Metallbeinen. Sowohl f\u00fcr den Innen- als auch f\u00fcr den Au\u00dfenbereich geeignet. Sie k\u00f6nnen die gro\u00dfe Tischplatte praktisch nutzen.<\/p>\n<p>Abmessungen des Produkts: L90xH42xB60 cm<br \/>\nZusammensetzung: Zement, Metall<br \/>\nMaximale Gewichtskapazit\u00e4t: 30 lg<br \/>\nAu\u00dfeneinsatz: Ja<br \/>\nWasserabweisend<\/p>","protected":false},"excerpt":{"rendered":"<p>Couchtisch mit Betontischplatte auf Metallbeinen. Verwenden Sie ihn als Beistelltisch oder stellen Sie mehrere Tische zusammen, um eine gr\u00f6\u00dfere Fl\u00e4che zu erhalten. Der Couchtisch ist perfekt f\u00fcr Ihre Terrasse oder Ihren Garten.<\/p>","protected":false},"featured_media":258,"comment_status":"closed","ping_status":"closed","template":"","meta":{"_acf_changed":false,"_kad_post_transparent":"default","_kad_post_title":"","_kad_post_layout":"default","_kad_post_sidebar_id":"","_kad_post_content_style":"default","_kad_post_vertical_padding":"default","_kad_post_feature":"","_kad_post_feature_position":"","_kad_post_header":false,"_kad_post_footer":false,"_kad_post_classname":""},"pwb-brand":[17],"product_brand":[],"product_cat":[94,174],"product_tag":[243,34,33],"gyarto":[],"class_list":{"0":"post-1240","1":"product","2":"type-product","3":"status-publish","4":"has-post-thumbnail","6":"pwb-brand-bloomingville","7":"product_cat-furniture","8":"product_cat-garden-furniture","9":"product_tag-concrete-furniture","10":"product_tag-nordic-interior-design","11":"product_tag-outdoor-furniture","12":"pa_colour-grey","13":"pa_material-concrete","15":"first","16":"instock","17":"taxable","18":"shipping-taxable","19":"purchasable","20":"product-type-simple","21":"entry","22":"content-bg","23":"loop-entry"},"acf":[],"brands":[{"id":17,"name":"Bloomingville","slug":"bloomingville"}],"_links":{"self":[{"href":"https:\/\/yournordichome.com\/de\/wp-json\/wp\/v2\/product\/1240","targetHints":{"allow":["GET"]}}],"collection":[{"href":"https:\/\/yournordichome.com\/de\/wp-json\/wp\/v2\/product"}],"about":[{"href":"https:\/\/yournordichome.com\/de\/wp-json\/wp\/v2\/types\/product"}],"replies":[{"embeddable":true,"href":"https:\/\/yournordichome.com\/de\/wp-json\/wp\/v2\/comments?post=1240"}],"wp:featuredmedia":[{"embeddable":true,"href":"https:\/\/yournordichome.com\/de\/wp-json\/wp\/v2\/media\/258"}],"wp:attachment":[{"href":"https:\/\/yournordichome.com\/de\/wp-json\/wp\/v2\/media?parent=1240"}],"wp:term":[{"taxonomy":"pwb-brand","embeddable":true,"href":"https:\/\/yournordichome.com\/de\/wp-json\/wp\/v2\/pwb-brand?post=1240"},{"taxonomy":"product_brand","embeddable":true,"href":"https:\/\/yournordichome.com\/de\/wp-json\/wp\/v2\/product_brand?post=1240"},{"taxonomy":"product_cat","embeddable":true,"href":"https:\/\/yournordichome.com\/de\/wp-json\/wp\/v2\/product_cat?post=1240"},{"taxonomy":"product_tag","embeddable":true,"href":"https:\/\/yournordichome.com\/de\/wp-json\/wp\/v2\/product_tag?post=1240"},{"taxonomy":"gyarto","embeddable":true,"href":"https:\/\/yournordichome.com\/de\/wp-json\/wp\/v2\/gyarto?post=1240"}],"curies":[{"name":"wp","href":"https:\/\/api.w.org\/{rel}","templated":true}]}}