{"id":1225,"date":"2023-05-27T12:19:05","date_gmt":"2023-05-27T12:19:05","guid":{"rendered":"https:\/\/yournordichome.com\/product\/shelf-made-of-paulownia-wood\/"},"modified":"2025-08-03T10:30:22","modified_gmt":"2025-08-03T10:30:22","slug":"regal-aus-paulownia-holz","status":"publish","type":"product","link":"https:\/\/yournordichome.com\/de\/product\/shelf-made-of-paulownia-wood\/","title":{"rendered":"Regal aus Paulownia-Holz"},"content":{"rendered":"<p>Regal aus Paulownia-Holz mit nat\u00fcrlichen Farben. Passt perfekt in ein minimalistisches, modernes Haus im nordischen Stil. Das Regal hat einen schwarzen Metallrahmen, der einen sch\u00f6nen Kontrast zu den sechs ger\u00e4umigen F\u00e4chern aus Paulownia-Holz bildet. Nat\u00fcrlicher und doch eleganter Look f\u00fcr Ihr Zuhause.<\/p>\n<p>Abmessungen des Produkts: L65xH177xB17 cm<br \/>\nZusammensetzung: Eisen, Paulownia<br \/>\nPflegeanleitung: Mit einem feuchten Tuch abwischen.<br \/>\nMaximale Gewichtskapazit\u00e4t: 5 kg pro Fachboden<\/p>","protected":false},"excerpt":{"rendered":"<p>Regal aus Holz und Metall f\u00fcr einen minimalistischen nordischen Stil. Die sechs Einlegeb\u00f6den in dem schwarzen Metallrahmen sind aus Paulownia-Holz gefertigt.<\/p>","protected":false},"featured_media":606,"comment_status":"closed","ping_status":"closed","template":"","meta":{"_acf_changed":false,"_kad_post_transparent":"default","_kad_post_title":"","_kad_post_layout":"default","_kad_post_sidebar_id":"","_kad_post_content_style":"default","_kad_post_vertical_padding":"default","_kad_post_feature":"","_kad_post_feature_position":"","_kad_post_header":false,"_kad_post_footer":false,"_kad_post_classname":""},"pwb-brand":[17],"product_brand":[],"product_cat":[94,167],"product_tag":[136],"gyarto":[],"class_list":{"0":"post-1225","1":"product","2":"type-product","3":"status-publish","4":"has-post-thumbnail","6":"pwb-brand-bloomingville","7":"product_cat-furniture","8":"product_cat-wall-shelf","9":"product_tag-shelves","10":"pa_colour-nature","11":"pa_material-paulownia-wood","12":"pa_material-wood","14":"first","15":"instock","16":"taxable","17":"shipping-taxable","18":"purchasable","19":"product-type-simple","20":"entry","21":"content-bg","22":"loop-entry"},"acf":[],"brands":[{"id":17,"name":"Bloomingville","slug":"bloomingville"}],"_links":{"self":[{"href":"https:\/\/yournordichome.com\/de\/wp-json\/wp\/v2\/product\/1225","targetHints":{"allow":["GET"]}}],"collection":[{"href":"https:\/\/yournordichome.com\/de\/wp-json\/wp\/v2\/product"}],"about":[{"href":"https:\/\/yournordichome.com\/de\/wp-json\/wp\/v2\/types\/product"}],"replies":[{"embeddable":true,"href":"https:\/\/yournordichome.com\/de\/wp-json\/wp\/v2\/comments?post=1225"}],"wp:featuredmedia":[{"embeddable":true,"href":"https:\/\/yournordichome.com\/de\/wp-json\/wp\/v2\/media\/606"}],"wp:attachment":[{"href":"https:\/\/yournordichome.com\/de\/wp-json\/wp\/v2\/media?parent=1225"}],"wp:term":[{"taxonomy":"pwb-brand","embeddable":true,"href":"https:\/\/yournordichome.com\/de\/wp-json\/wp\/v2\/pwb-brand?post=1225"},{"taxonomy":"product_brand","embeddable":true,"href":"https:\/\/yournordichome.com\/de\/wp-json\/wp\/v2\/product_brand?post=1225"},{"taxonomy":"product_cat","embeddable":true,"href":"https:\/\/yournordichome.com\/de\/wp-json\/wp\/v2\/product_cat?post=1225"},{"taxonomy":"product_tag","embeddable":true,"href":"https:\/\/yournordichome.com\/de\/wp-json\/wp\/v2\/product_tag?post=1225"},{"taxonomy":"gyarto","embeddable":true,"href":"https:\/\/yournordichome.com\/de\/wp-json\/wp\/v2\/gyarto?post=1225"}],"curies":[{"name":"wp","href":"https:\/\/api.w.org\/{rel}","templated":true}]}}