{"id":1221,"date":"2023-05-27T12:19:05","date_gmt":"2023-05-27T12:19:05","guid":{"rendered":"https:\/\/yournordichome.com\/product\/pendant-lamp-bamboo-nature\/"},"modified":"2025-08-03T10:30:34","modified_gmt":"2025-08-03T10:30:34","slug":"hangeleuchte-bambus-natur","status":"publish","type":"product","link":"https:\/\/yournordichome.com\/de\/product\/pendant-lamp-bamboo-nature\/","title":{"rendered":"H\u00e4ngeleuchte Bambus natur"},"content":{"rendered":"<p>H\u00e4ngeleuchte aus Bambus mit nat\u00fcrlichem Aussehen. Passt zu allen Innenr\u00e4umen mit jedem Farbschema dekoriert.<\/p>\n<p>Abmessungen des Produkts: D42xH30 cm<br \/>\nFarbe: Natur<br \/>\nZusammensetzung: Bambus<br \/>\nCE-gepr\u00fcft: Ja<br \/>\nEnergieklasse der Gl\u00fchbirne: Alle<br \/>\nInklusive Gl\u00fchbirne: Nein<br \/>\nForm der Gl\u00fchbirne: Gew\u00f6hnlich<br \/>\nGr\u00f6\u00dfe der Gl\u00fchbirne: E27<br \/>\nGl\u00fchbirnen-Typ: Energiesparlampe<br \/>\nWattleistung der Gl\u00fchbirne: Max 40W<br \/>\nPflegeanleitung: Mit einem feuchten Tuch abwischen.<br \/>\nDeckentasse: Ja<br \/>\nFarbe der Kordel: Schwarz<br \/>\nKordell\u00e4nge: 175 cm<br \/>\nMaterial der Kordel: Stoff<br \/>\nArmaturen: Nein<br \/>\nVerwendung im Freien: Nein<br \/>\nWechseln: Nein<br \/>\nMaterialbedingte Schwankungen sind m\u00f6glich.<\/p>","protected":false},"excerpt":{"rendered":"<p>H\u00e4ngeleuchte aus Bambus in nat\u00fcrlicher Farbe. Sie verleiht dem Zuhause W\u00e4rme und spendet mit ihrem leichten Design hervorragendes Licht.<\/p>","protected":false},"featured_media":496,"comment_status":"closed","ping_status":"closed","template":"","meta":{"_acf_changed":false,"_kad_post_transparent":"default","_kad_post_title":"","_kad_post_layout":"default","_kad_post_sidebar_id":"","_kad_post_content_style":"default","_kad_post_vertical_padding":"default","_kad_post_feature":"","_kad_post_feature_position":"","_kad_post_header":false,"_kad_post_footer":false,"_kad_post_classname":""},"pwb-brand":[17],"product_brand":[],"product_cat":[72,114],"product_tag":[160,116,34,117],"gyarto":[],"class_list":{"0":"post-1221","1":"product","2":"type-product","3":"status-publish","4":"has-post-thumbnail","6":"pwb-brand-bloomingville","7":"product_cat-lamp","8":"product_cat-pendant-lamp","9":"product_tag-bamboo-furniture","10":"product_tag-ceiling-lamp","11":"product_tag-nordic-interior-design","12":"product_tag-nordic-lamp","13":"pa_colour-nature","14":"pa_material-bamboo","16":"first","17":"instock","18":"taxable","19":"shipping-taxable","20":"purchasable","21":"product-type-simple","22":"entry","23":"content-bg","24":"loop-entry"},"acf":[],"brands":[{"id":17,"name":"Bloomingville","slug":"bloomingville"}],"_links":{"self":[{"href":"https:\/\/yournordichome.com\/de\/wp-json\/wp\/v2\/product\/1221","targetHints":{"allow":["GET"]}}],"collection":[{"href":"https:\/\/yournordichome.com\/de\/wp-json\/wp\/v2\/product"}],"about":[{"href":"https:\/\/yournordichome.com\/de\/wp-json\/wp\/v2\/types\/product"}],"replies":[{"embeddable":true,"href":"https:\/\/yournordichome.com\/de\/wp-json\/wp\/v2\/comments?post=1221"}],"wp:featuredmedia":[{"embeddable":true,"href":"https:\/\/yournordichome.com\/de\/wp-json\/wp\/v2\/media\/496"}],"wp:attachment":[{"href":"https:\/\/yournordichome.com\/de\/wp-json\/wp\/v2\/media?parent=1221"}],"wp:term":[{"taxonomy":"pwb-brand","embeddable":true,"href":"https:\/\/yournordichome.com\/de\/wp-json\/wp\/v2\/pwb-brand?post=1221"},{"taxonomy":"product_brand","embeddable":true,"href":"https:\/\/yournordichome.com\/de\/wp-json\/wp\/v2\/product_brand?post=1221"},{"taxonomy":"product_cat","embeddable":true,"href":"https:\/\/yournordichome.com\/de\/wp-json\/wp\/v2\/product_cat?post=1221"},{"taxonomy":"product_tag","embeddable":true,"href":"https:\/\/yournordichome.com\/de\/wp-json\/wp\/v2\/product_tag?post=1221"},{"taxonomy":"gyarto","embeddable":true,"href":"https:\/\/yournordichome.com\/de\/wp-json\/wp\/v2\/gyarto?post=1221"}],"curies":[{"name":"wp","href":"https:\/\/api.w.org\/{rel}","templated":true}]}}