{"id":1209,"date":"2023-05-27T12:19:05","date_gmt":"2023-05-27T12:19:05","guid":{"rendered":"https:\/\/yournordichome.com\/product\/large-seagrass-rug\/"},"modified":"2025-08-03T10:28:43","modified_gmt":"2025-08-03T10:28:43","slug":"groser-seegras-teppich","status":"publish","type":"product","link":"https:\/\/yournordichome.com\/de\/product\/large-seagrass-rug\/","title":{"rendered":"Gro\u00dfer Seegras-Teppich"},"content":{"rendered":"<p>Gro\u00dfer Seegras-Teppich, der mit seinem nat\u00fcrlichen Material eine gem\u00fctliche Erg\u00e4nzung f\u00fcr H\u00e4user im nordischen Stil darstellt. Seegras ist ein nat\u00fcrliches Material, das dank seiner Strapazierf\u00e4higkeit gut zu Teppichen passt. Ein Teppich aus Seegras verleiht dem Raum ein gem\u00fctliches, nat\u00fcrliches Gef\u00fchl.<\/p>\n<p>Aus \u00f6kologischer Sicht ist Seegras eine sehr gute Materialwahl. Es ist vollst\u00e4ndig biologisch abbaubar und kann recycelt werden.<\/p>\n<p>Die Stiche k\u00f6nnen locker sein, da sie von Hand angebracht werden.<\/p>\n<p>Produktabmessungen: L245xH0,5xW150 cm<br \/>\nFarbe: Natur<br \/>\nZusammensetzung: Wasserhyazinthe, Seegras<br \/>\nPflegehinweise: Staubsaugen empfohlen.<\/p>","protected":false},"excerpt":{"rendered":"<p>Rechteckiger Seegrassteppich aus von Hand zusammengen\u00e4hten Quadraten. Sein besonderes Merkmal ist das unterschiedliche Muster. Der Seegras-Teppich verleiht dem Raum eine nat\u00fcrliche Atmosph\u00e4re.<\/p>","protected":false},"featured_media":418,"comment_status":"closed","ping_status":"closed","template":"","meta":{"_acf_changed":false,"_kad_post_transparent":"default","_kad_post_title":"","_kad_post_layout":"default","_kad_post_sidebar_id":"","_kad_post_content_style":"default","_kad_post_vertical_padding":"default","_kad_post_feature":"","_kad_post_feature_position":"","_kad_post_header":false,"_kad_post_footer":false,"_kad_post_classname":""},"pwb-brand":[17],"product_brand":[],"product_cat":[88,65],"product_tag":[146,34,80],"gyarto":[],"class_list":{"0":"post-1209","1":"product","2":"type-product","3":"status-publish","4":"has-post-thumbnail","6":"pwb-brand-bloomingville","7":"product_cat-rug","8":"product_cat-rugs-and-textiles","9":"product_tag-ethno-style","10":"product_tag-nordic-interior-design","11":"product_tag-nordic-style-rug","12":"pa_colour-nature","13":"pa_material-seagrass","15":"first","16":"instock","17":"taxable","18":"shipping-taxable","19":"purchasable","20":"product-type-simple","21":"entry","22":"content-bg","23":"loop-entry"},"acf":[],"brands":[{"id":17,"name":"Bloomingville","slug":"bloomingville"}],"_links":{"self":[{"href":"https:\/\/yournordichome.com\/de\/wp-json\/wp\/v2\/product\/1209","targetHints":{"allow":["GET"]}}],"collection":[{"href":"https:\/\/yournordichome.com\/de\/wp-json\/wp\/v2\/product"}],"about":[{"href":"https:\/\/yournordichome.com\/de\/wp-json\/wp\/v2\/types\/product"}],"replies":[{"embeddable":true,"href":"https:\/\/yournordichome.com\/de\/wp-json\/wp\/v2\/comments?post=1209"}],"wp:featuredmedia":[{"embeddable":true,"href":"https:\/\/yournordichome.com\/de\/wp-json\/wp\/v2\/media\/418"}],"wp:attachment":[{"href":"https:\/\/yournordichome.com\/de\/wp-json\/wp\/v2\/media?parent=1209"}],"wp:term":[{"taxonomy":"pwb-brand","embeddable":true,"href":"https:\/\/yournordichome.com\/de\/wp-json\/wp\/v2\/pwb-brand?post=1209"},{"taxonomy":"product_brand","embeddable":true,"href":"https:\/\/yournordichome.com\/de\/wp-json\/wp\/v2\/product_brand?post=1209"},{"taxonomy":"product_cat","embeddable":true,"href":"https:\/\/yournordichome.com\/de\/wp-json\/wp\/v2\/product_cat?post=1209"},{"taxonomy":"product_tag","embeddable":true,"href":"https:\/\/yournordichome.com\/de\/wp-json\/wp\/v2\/product_tag?post=1209"},{"taxonomy":"gyarto","embeddable":true,"href":"https:\/\/yournordichome.com\/de\/wp-json\/wp\/v2\/gyarto?post=1209"}],"curies":[{"name":"wp","href":"https:\/\/api.w.org\/{rel}","templated":true}]}}