{"id":1183,"date":"2023-05-27T11:04:30","date_gmt":"2023-05-27T11:04:30","guid":{"rendered":"https:\/\/yournordichome.com\/product\/table-lamp-black-terracotta\/"},"modified":"2025-08-03T10:32:07","modified_gmt":"2025-08-03T10:32:07","slug":"tischleuchte-schwarz-terracotta","status":"publish","type":"product","link":"https:\/\/yournordichome.com\/de\/product\/table-lamp-black-terracotta\/","title":{"rendered":"Tischlampe schwarz terracotta"},"content":{"rendered":"<p>Schwarze Tischleuchte mit einem Lampenk\u00f6rper aus Terrakotta, der mit den Konturen eines Gesichts verziert ist. Der wei\u00dfe Schirm aus Segeltuch spendet ein angenehmes Licht.<\/p>\n<p>Produktabmessungen: D30,5xH43 cm<br \/>\nGr\u00f6\u00dfe des Lampenschirms: 25,5X30,5XH23 cm<br \/>\nFarbe: Schwarz<br \/>\nZusammensetzung: Terrakotta, Leinen<br \/>\nCE-gepr\u00fcft: Ja<br \/>\nEnergieklasse der Gl\u00fchbirne: A++<br \/>\nInklusive Gl\u00fchbirne: Nein<br \/>\nForm der Gl\u00fchbirne: Typ A<br \/>\nGr\u00f6\u00dfe der Gl\u00fchbirne: E27<br \/>\nGl\u00fchbirnen-Typ: LED oder Energiesparlampe<br \/>\nWattzahl der Gl\u00fchbirne: Max: Gl\u00fchbirne: 25W \/ LED: 4-6W \/ CFL: 7-9W<br \/>\nPflegeanleitung: Mit einem feuchten Tuch abwischen.<br \/>\nFarbe der Kordel: Schwarz<br \/>\nKordell\u00e4nge: 215 cm<br \/>\nMaterial der Schnur: Kunststoff<br \/>\nVerwendung im Freien: Nein<br \/>\nSchalter: Am Kabel<\/p>","protected":false},"excerpt":{"rendered":"<p>Tischleuchte aus Terrakotta mit Schirm aus Segeltuch. Das Besondere an der Lampe ist, dass sie ein Gesicht bildet, was sie zu einer wirklich einzigartigen Erg\u00e4nzung f\u00fcr den Raum macht. Verleiht einen sch\u00f6nen Schein.<\/p>","protected":false},"featured_media":664,"comment_status":"closed","ping_status":"closed","template":"","meta":{"_acf_changed":false,"_kad_post_transparent":"default","_kad_post_title":"","_kad_post_layout":"default","_kad_post_sidebar_id":"","_kad_post_content_style":"default","_kad_post_vertical_padding":"default","_kad_post_feature":"","_kad_post_feature_position":"","_kad_post_header":false,"_kad_post_footer":false,"_kad_post_classname":""},"pwb-brand":[17],"product_brand":[],"product_cat":[73,72],"product_tag":[146,34,117],"gyarto":[],"class_list":{"0":"post-1183","1":"product","2":"type-product","3":"status-publish","4":"has-post-thumbnail","6":"pwb-brand-bloomingville","7":"product_cat-desk-and-table-lamp","8":"product_cat-lamp","9":"product_tag-ethno-style","10":"product_tag-nordic-interior-design","11":"product_tag-nordic-lamp","12":"pa_colour-black","13":"pa_material-terracotta","15":"first","16":"instock","17":"taxable","18":"shipping-taxable","19":"purchasable","20":"product-type-simple","21":"entry","22":"content-bg","23":"loop-entry"},"acf":[],"brands":[{"id":17,"name":"Bloomingville","slug":"bloomingville"}],"_links":{"self":[{"href":"https:\/\/yournordichome.com\/de\/wp-json\/wp\/v2\/product\/1183","targetHints":{"allow":["GET"]}}],"collection":[{"href":"https:\/\/yournordichome.com\/de\/wp-json\/wp\/v2\/product"}],"about":[{"href":"https:\/\/yournordichome.com\/de\/wp-json\/wp\/v2\/types\/product"}],"replies":[{"embeddable":true,"href":"https:\/\/yournordichome.com\/de\/wp-json\/wp\/v2\/comments?post=1183"}],"wp:featuredmedia":[{"embeddable":true,"href":"https:\/\/yournordichome.com\/de\/wp-json\/wp\/v2\/media\/664"}],"wp:attachment":[{"href":"https:\/\/yournordichome.com\/de\/wp-json\/wp\/v2\/media?parent=1183"}],"wp:term":[{"taxonomy":"pwb-brand","embeddable":true,"href":"https:\/\/yournordichome.com\/de\/wp-json\/wp\/v2\/pwb-brand?post=1183"},{"taxonomy":"product_brand","embeddable":true,"href":"https:\/\/yournordichome.com\/de\/wp-json\/wp\/v2\/product_brand?post=1183"},{"taxonomy":"product_cat","embeddable":true,"href":"https:\/\/yournordichome.com\/de\/wp-json\/wp\/v2\/product_cat?post=1183"},{"taxonomy":"product_tag","embeddable":true,"href":"https:\/\/yournordichome.com\/de\/wp-json\/wp\/v2\/product_tag?post=1183"},{"taxonomy":"gyarto","embeddable":true,"href":"https:\/\/yournordichome.com\/de\/wp-json\/wp\/v2\/gyarto?post=1183"}],"curies":[{"name":"wp","href":"https:\/\/api.w.org\/{rel}","templated":true}]}}