{"id":1139,"date":"2023-05-27T08:18:36","date_gmt":"2023-05-27T08:18:36","guid":{"rendered":"https:\/\/yournordichome.com\/product\/sidetable-nature-oak\/"},"modified":"2025-08-13T11:38:30","modified_gmt":"2025-08-13T11:38:30","slug":"beistelltisch-natur-eiche","status":"publish","type":"product","link":"https:\/\/yournordichome.com\/de\/product\/sidetable-nature-oak\/","title":{"rendered":"Beistelltisch Natur Eiche"},"content":{"rendered":"<p>Beistelltisch aus Eichenfurnier, den Sie neben einen Sessel oder ein Sofa stellen k\u00f6nnen. Seine H\u00f6he ist genau richtig, damit Sie die darauf abgestellten Dinge im Sitzen erreichen k\u00f6nnen. Sie k\u00f6nnen ihn nach Belieben dekorieren, aber Sie k\u00f6nnen auch Ihren Kaffee oder ein Buch darauf abstellen.<\/p>\n<p>Produktabmessungen: D44xH54,5 cm<br \/>\nFarbe: Natur<br \/>\nZusammensetzung: Eiche, Eichenfurnier<br \/>\nPflegeanleitung: Mit einem feuchten Tuch abwischen.<br \/>\nNiederschlagung: Nein<br \/>\nMaximale Gewichtskapazit\u00e4t: 20 kg<br \/>\nVerwendung im Freien: Nein<\/p>","protected":false},"excerpt":{"rendered":"<p>Beistelltisch aus Eichenholz mit nat\u00fcrlicher Farbe. Stellen Sie Ihr Buch und Ihre Tasse darauf oder dekorieren Sie sch\u00f6n.<\/p>","protected":false},"featured_media":613,"comment_status":"closed","ping_status":"closed","template":"","meta":{"_acf_changed":false,"_kad_post_transparent":"default","_kad_post_title":"","_kad_post_layout":"default","_kad_post_sidebar_id":"","_kad_post_content_style":"default","_kad_post_vertical_padding":"default","_kad_post_feature":"","_kad_post_feature_position":"","_kad_post_header":false,"_kad_post_footer":false,"_kad_post_classname":""},"pwb-brand":[17],"product_brand":[],"product_cat":[341,157],"product_tag":[34],"gyarto":[],"class_list":{"0":"post-1139","1":"product","2":"type-product","3":"status-publish","4":"has-post-thumbnail","6":"pwb-brand-bloomingville","7":"product_cat-side-table","8":"product_cat-table","9":"product_tag-nordic-interior-design","10":"pa_colour-nature","11":"pa_material-oak","12":"pa_material-wood","14":"first","15":"instock","16":"taxable","17":"shipping-taxable","18":"purchasable","19":"product-type-simple","20":"entry","21":"content-bg","22":"loop-entry"},"acf":[],"brands":[{"id":17,"name":"Bloomingville","slug":"bloomingville"}],"_links":{"self":[{"href":"https:\/\/yournordichome.com\/de\/wp-json\/wp\/v2\/product\/1139","targetHints":{"allow":["GET"]}}],"collection":[{"href":"https:\/\/yournordichome.com\/de\/wp-json\/wp\/v2\/product"}],"about":[{"href":"https:\/\/yournordichome.com\/de\/wp-json\/wp\/v2\/types\/product"}],"replies":[{"embeddable":true,"href":"https:\/\/yournordichome.com\/de\/wp-json\/wp\/v2\/comments?post=1139"}],"wp:featuredmedia":[{"embeddable":true,"href":"https:\/\/yournordichome.com\/de\/wp-json\/wp\/v2\/media\/613"}],"wp:attachment":[{"href":"https:\/\/yournordichome.com\/de\/wp-json\/wp\/v2\/media?parent=1139"}],"wp:term":[{"taxonomy":"pwb-brand","embeddable":true,"href":"https:\/\/yournordichome.com\/de\/wp-json\/wp\/v2\/pwb-brand?post=1139"},{"taxonomy":"product_brand","embeddable":true,"href":"https:\/\/yournordichome.com\/de\/wp-json\/wp\/v2\/product_brand?post=1139"},{"taxonomy":"product_cat","embeddable":true,"href":"https:\/\/yournordichome.com\/de\/wp-json\/wp\/v2\/product_cat?post=1139"},{"taxonomy":"product_tag","embeddable":true,"href":"https:\/\/yournordichome.com\/de\/wp-json\/wp\/v2\/product_tag?post=1139"},{"taxonomy":"gyarto","embeddable":true,"href":"https:\/\/yournordichome.com\/de\/wp-json\/wp\/v2\/gyarto?post=1139"}],"curies":[{"name":"wp","href":"https:\/\/api.w.org\/{rel}","templated":true}]}}