{"id":1129,"date":"2023-05-27T08:18:29","date_gmt":"2023-05-27T08:18:29","guid":{"rendered":"https:\/\/yournordichome.com\/product\/french-wicker-chair\/"},"modified":"2025-08-03T11:00:26","modified_gmt":"2025-08-03T11:00:26","slug":"franzosischer-korbsessel","status":"publish","type":"product","link":"https:\/\/yournordichome.com\/de\/product\/french-wicker-chair\/","title":{"rendered":"Franz\u00f6sischer Korbsessel"},"content":{"rendered":"<p>Abmessungen des Produkts: H91\/L56,5\/B56 cm<br \/>\nZusammensetzung: Gummiholz, Rattan<br \/>\nH\u00f6he der Armlehne: 67 cm<br \/>\nSitzh\u00f6he: 48 cm<\/p>","protected":false},"excerpt":{"rendered":"<p>Korbstuhl im franz\u00f6sischen Stil, ein elegantes St\u00fcck mit geschwungenen Beinen. Er ist aus Kautschukholz und Rattan gefertigt und l\u00e4dt zum Sitzen ein.<\/p>","protected":false},"featured_media":367,"comment_status":"closed","ping_status":"closed","template":"","meta":{"_acf_changed":false,"_kad_post_transparent":"default","_kad_post_title":"","_kad_post_layout":"default","_kad_post_sidebar_id":"","_kad_post_content_style":"default","_kad_post_vertical_padding":"default","_kad_post_feature":"","_kad_post_feature_position":"","_kad_post_header":false,"_kad_post_footer":false,"_kad_post_classname":""},"pwb-brand":[19],"product_brand":[],"product_cat":[152,153],"product_tag":[154,134],"gyarto":[],"class_list":{"0":"post-1129","1":"product","2":"type-product","3":"status-publish","4":"has-post-thumbnail","6":"pwb-brand-chic-antique","7":"product_cat-chair","8":"product_cat-lounge-chair","9":"product_tag-armchair","10":"product_tag-rattan-furniture","11":"pa_colour-nature","12":"pa_material-rattan","13":"pa_material-rubberwood","14":"pa_material-wood","16":"first","17":"instock","18":"taxable","19":"shipping-taxable","20":"purchasable","21":"product-type-simple","22":"entry","23":"content-bg","24":"loop-entry"},"acf":[],"brands":[{"id":19,"name":"Schick antik","slug":"schicke-antiquitat"}],"_links":{"self":[{"href":"https:\/\/yournordichome.com\/de\/wp-json\/wp\/v2\/product\/1129","targetHints":{"allow":["GET"]}}],"collection":[{"href":"https:\/\/yournordichome.com\/de\/wp-json\/wp\/v2\/product"}],"about":[{"href":"https:\/\/yournordichome.com\/de\/wp-json\/wp\/v2\/types\/product"}],"replies":[{"embeddable":true,"href":"https:\/\/yournordichome.com\/de\/wp-json\/wp\/v2\/comments?post=1129"}],"wp:featuredmedia":[{"embeddable":true,"href":"https:\/\/yournordichome.com\/de\/wp-json\/wp\/v2\/media\/367"}],"wp:attachment":[{"href":"https:\/\/yournordichome.com\/de\/wp-json\/wp\/v2\/media?parent=1129"}],"wp:term":[{"taxonomy":"pwb-brand","embeddable":true,"href":"https:\/\/yournordichome.com\/de\/wp-json\/wp\/v2\/pwb-brand?post=1129"},{"taxonomy":"product_brand","embeddable":true,"href":"https:\/\/yournordichome.com\/de\/wp-json\/wp\/v2\/product_brand?post=1129"},{"taxonomy":"product_cat","embeddable":true,"href":"https:\/\/yournordichome.com\/de\/wp-json\/wp\/v2\/product_cat?post=1129"},{"taxonomy":"product_tag","embeddable":true,"href":"https:\/\/yournordichome.com\/de\/wp-json\/wp\/v2\/product_tag?post=1129"},{"taxonomy":"gyarto","embeddable":true,"href":"https:\/\/yournordichome.com\/de\/wp-json\/wp\/v2\/gyarto?post=1129"}],"curies":[{"name":"wp","href":"https:\/\/api.w.org\/{rel}","templated":true}]}}