{"id":1118,"date":"2023-05-27T08:18:29","date_gmt":"2023-05-27T08:18:29","guid":{"rendered":"https:\/\/yournordichome.com\/product\/rattan-floor-lamp\/"},"modified":"2025-08-03T10:59:21","modified_gmt":"2025-08-03T10:59:21","slug":"rattan-stehlampe","status":"publish","type":"product","link":"https:\/\/yournordichome.com\/de\/product\/rattan-floor-lamp\/","title":{"rendered":"Rattan-Stehlampe"},"content":{"rendered":"<p>Rattan-Stehleuchte, die Sie neben Ihren Lieblingssessel, ein Sofa oder einen Konsolentisch stellen k\u00f6nnen. Sie erhellt einen Teil des Raumes mit ihrem angenehmen Licht. In ihrem Licht kann man auch lesen, und sie kann auch Teil der Stimmungsbeleuchtung sein.<\/p>\n<p>Dank seines nat\u00fcrlichen Materials ist es ein echtes nordisches St\u00fcck, das sehr gut zu Accessoires aus \u00e4hnlichen Materialien passt. Dank seines nat\u00fcrlichen Aussehens ist er aber auch eine wunderbare Erg\u00e4nzung zu M\u00f6beln mit anderen Texturen.<\/p>\n<p>Produktabmessungen: T40xH160 cm<br \/>\nGr\u00f6\u00dfe des Schirms cm: L33xB35,5xH40,6 cm<br \/>\nFarbe: Natur<br \/>\nZusammensetzung: Rattan, Eisen, Gummi Holz<br \/>\nCE-gepr\u00fcft: Ja<br \/>\nEnergieklasse der Gl\u00fchbirne: A++ - E<br \/>\nInklusive Gl\u00fchbirne: Nein<br \/>\nForm der Gl\u00fchbirne: Typ A<br \/>\nGr\u00f6\u00dfe der Gl\u00fchbirne: E27<br \/>\nGl\u00fchbirnen-Typ: LED und Energiesparlampe<br \/>\nWattleistung der Gl\u00fchbirne: Max 60W<br \/>\nPflegeanleitung: Mit einem feuchten Tuch abwischen.<br \/>\nFarbe der Kordel: Klar<br \/>\nSchnurl\u00e4nge cm: 200<br \/>\nMaterial der Schnur: Kunststoff<br \/>\nVerwendung im Freien: Nein<br \/>\nSchalter: Am Kabel<\/p>","protected":false},"excerpt":{"rendered":"<p>Stehlampe aus nat\u00fcrlichem Rattan. Setzen Sie sich in Ihren Lieblingssessel und lassen Sie diese sch\u00f6ne Lampe f\u00fcr angenehmes Licht sorgen. Ihre geflochtene Haube sorgt f\u00fcr ein dekoratives Aussehen.<\/p>","protected":false},"featured_media":546,"comment_status":"closed","ping_status":"closed","template":"","meta":{"_acf_changed":false,"_kad_post_transparent":"default","_kad_post_title":"","_kad_post_layout":"default","_kad_post_sidebar_id":"","_kad_post_content_style":"default","_kad_post_vertical_padding":"default","_kad_post_feature":"","_kad_post_feature_position":"","_kad_post_header":false,"_kad_post_footer":false,"_kad_post_classname":""},"pwb-brand":[17],"product_brand":[],"product_cat":[176,72],"product_tag":[34,117,134],"gyarto":[],"class_list":{"0":"post-1118","1":"product","2":"type-product","3":"status-publish","4":"has-post-thumbnail","6":"pwb-brand-bloomingville","7":"product_cat-floor-lamp","8":"product_cat-lamp","9":"product_tag-nordic-interior-design","10":"product_tag-nordic-lamp","11":"product_tag-rattan-furniture","12":"pa_colour-nature","13":"pa_material-rattan","15":"first","16":"instock","17":"taxable","18":"shipping-taxable","19":"purchasable","20":"product-type-simple","21":"entry","22":"content-bg","23":"loop-entry"},"acf":[],"brands":[{"id":17,"name":"Bloomingville","slug":"bloomingville"}],"_links":{"self":[{"href":"https:\/\/yournordichome.com\/de\/wp-json\/wp\/v2\/product\/1118","targetHints":{"allow":["GET"]}}],"collection":[{"href":"https:\/\/yournordichome.com\/de\/wp-json\/wp\/v2\/product"}],"about":[{"href":"https:\/\/yournordichome.com\/de\/wp-json\/wp\/v2\/types\/product"}],"replies":[{"embeddable":true,"href":"https:\/\/yournordichome.com\/de\/wp-json\/wp\/v2\/comments?post=1118"}],"wp:featuredmedia":[{"embeddable":true,"href":"https:\/\/yournordichome.com\/de\/wp-json\/wp\/v2\/media\/546"}],"wp:attachment":[{"href":"https:\/\/yournordichome.com\/de\/wp-json\/wp\/v2\/media?parent=1118"}],"wp:term":[{"taxonomy":"pwb-brand","embeddable":true,"href":"https:\/\/yournordichome.com\/de\/wp-json\/wp\/v2\/pwb-brand?post=1118"},{"taxonomy":"product_brand","embeddable":true,"href":"https:\/\/yournordichome.com\/de\/wp-json\/wp\/v2\/product_brand?post=1118"},{"taxonomy":"product_cat","embeddable":true,"href":"https:\/\/yournordichome.com\/de\/wp-json\/wp\/v2\/product_cat?post=1118"},{"taxonomy":"product_tag","embeddable":true,"href":"https:\/\/yournordichome.com\/de\/wp-json\/wp\/v2\/product_tag?post=1118"},{"taxonomy":"gyarto","embeddable":true,"href":"https:\/\/yournordichome.com\/de\/wp-json\/wp\/v2\/gyarto?post=1118"}],"curies":[{"name":"wp","href":"https:\/\/api.w.org\/{rel}","templated":true}]}}