{"id":1116,"date":"2023-05-27T08:18:29","date_gmt":"2023-05-27T08:18:29","guid":{"rendered":"https:\/\/yournordichome.com\/product\/bamboo-lounge-chair\/"},"modified":"2026-04-15T07:14:37","modified_gmt":"2026-04-15T07:14:37","slug":"bambus-loungesessel","status":"publish","type":"product","link":"https:\/\/yournordichome.com\/de\/product\/bamboo-lounge-chair\/","title":{"rendered":"Loungesessel aus Bambus"},"content":{"rendered":"<p>Produktabmessungen: L80xH75xB77 cm<br \/>\nFarbe: Natur<br \/>\nZusammensetzung: Bambus, Polyester<br \/>\nArmh\u00f6he cm.: 50<br \/>\nNiederschlagung: Ja<br \/>\nMaximale Gewichtskapazit\u00e4t: 120<br \/>\nVerwendung im Freien: Ja<br \/>\nSitzh\u00f6he cm.: 42<br \/>\nPolsterung:<br \/>\nF\u00fcllung: Polyester<br \/>\nBleichen\/Trockenreinigung: Nein<br \/>\nTrocknen: Tumbler niedrig<br \/>\nB\u00fcgeln: Niedrig<br \/>\nWaschanleitung: Maschinenw\u00e4sche 30 Grad<br \/>\nRei\u00dfverschluss: Metall<br \/>\nPflegehinweise: Wenn Bambus Feuchtigkeit ausgesetzt wird, nimmt er Staub und Schmutz auf, und die Farbe wird mit der Zeit grau. Wir empfehlen, den Bambus an einem \u00fcberdachten Ort aufzustellen. Mit einem feuchten Tuch reinigen und mit gepr\u00fcftem Pflege\u00f6l einreiben.<br \/>\nAbweichungen k\u00f6nnen aufgrund von Materialien auftreten<\/p>","protected":false},"excerpt":{"rendered":"<p>Gem\u00fctlich, nat\u00fcrlich und formsch\u00f6n! Der Loungesessel aus Bambus wird mit seinem bequemen Design sicher zu Ihrem Lieblingsplatz auf der Terrasse werden.<\/p>","protected":false},"featured_media":54,"comment_status":"closed","ping_status":"closed","template":"","meta":{"_acf_changed":false,"_kad_post_transparent":"default","_kad_post_title":"","_kad_post_layout":"default","_kad_post_sidebar_id":"","_kad_post_content_style":"default","_kad_post_vertical_padding":"default","_kad_post_feature":"","_kad_post_feature_position":"","_kad_post_header":false,"_kad_post_footer":false,"_kad_post_classname":""},"pwb-brand":[17],"product_brand":[],"product_cat":[94,174],"product_tag":[34,33],"gyarto":[],"class_list":{"0":"post-1116","1":"product","2":"type-product","3":"status-publish","4":"has-post-thumbnail","6":"pwb-brand-bloomingville","7":"product_cat-furniture","8":"product_cat-garden-furniture","9":"product_tag-nordic-interior-design","10":"product_tag-outdoor-furniture","11":"pa_colour-nature","12":"pa_material-bamboo","14":"first","15":"instock","16":"taxable","17":"shipping-taxable","18":"purchasable","19":"product-type-simple","20":"entry","21":"content-bg","22":"loop-entry"},"acf":[],"brands":[{"id":17,"name":"Bloomingville","slug":"bloomingville"}],"_links":{"self":[{"href":"https:\/\/yournordichome.com\/de\/wp-json\/wp\/v2\/product\/1116","targetHints":{"allow":["GET"]}}],"collection":[{"href":"https:\/\/yournordichome.com\/de\/wp-json\/wp\/v2\/product"}],"about":[{"href":"https:\/\/yournordichome.com\/de\/wp-json\/wp\/v2\/types\/product"}],"replies":[{"embeddable":true,"href":"https:\/\/yournordichome.com\/de\/wp-json\/wp\/v2\/comments?post=1116"}],"wp:featuredmedia":[{"embeddable":true,"href":"https:\/\/yournordichome.com\/de\/wp-json\/wp\/v2\/media\/54"}],"wp:attachment":[{"href":"https:\/\/yournordichome.com\/de\/wp-json\/wp\/v2\/media?parent=1116"}],"wp:term":[{"taxonomy":"pwb-brand","embeddable":true,"href":"https:\/\/yournordichome.com\/de\/wp-json\/wp\/v2\/pwb-brand?post=1116"},{"taxonomy":"product_brand","embeddable":true,"href":"https:\/\/yournordichome.com\/de\/wp-json\/wp\/v2\/product_brand?post=1116"},{"taxonomy":"product_cat","embeddable":true,"href":"https:\/\/yournordichome.com\/de\/wp-json\/wp\/v2\/product_cat?post=1116"},{"taxonomy":"product_tag","embeddable":true,"href":"https:\/\/yournordichome.com\/de\/wp-json\/wp\/v2\/product_tag?post=1116"},{"taxonomy":"gyarto","embeddable":true,"href":"https:\/\/yournordichome.com\/de\/wp-json\/wp\/v2\/gyarto?post=1116"}],"curies":[{"name":"wp","href":"https:\/\/api.w.org\/{rel}","templated":true}]}}