{"id":1080,"date":"2023-05-23T19:50:55","date_gmt":"2023-05-23T19:50:55","guid":{"rendered":"https:\/\/yournordichome.com\/product\/grey-terracotta-table-lamp\/"},"modified":"2025-08-03T11:01:42","modified_gmt":"2025-08-03T11:01:42","slug":"graue-terrakotta-tischlampe","status":"publish","type":"product","link":"https:\/\/yournordichome.com\/de\/product\/grey-terracotta-table-lamp\/","title":{"rendered":"Graue Terrakotta-Tischlampe"},"content":{"rendered":"<p>Produktabmessungen: D30,5xH58,5 cm<br \/>\nFarbe: Grau<br \/>\nZusammensetzung: Terrakotta, Leinen, Eisen<br \/>\nCE-gepr\u00fcft: Ja<br \/>\nEnergieklasse der Gl\u00fchbirne: A++<br \/>\nInklusive Gl\u00fchbirne: Nein<br \/>\nForm der Zwiebel: A<br \/>\nGr\u00f6\u00dfe der Gl\u00fchbirne: E27<br \/>\nGl\u00fchbirnen-Typ: LED oder Energiesparlampe<br \/>\nWattleistung der Gl\u00fchbirne: Max 40W<br \/>\nPflegeanleitung: Mit einem feuchten Tuch abwischen.<br \/>\nKordelfarbe: Transparent<br \/>\nL\u00e4nge der Schnur in cm: 250<br \/>\nMaterial der Schnur: Kunststoff<br \/>\nVerwendung im Freien: Nein<br \/>\nSchirmgr\u00f6\u00dfe cm.: 28\u00d725,5<br \/>\nSchalter: Am Kabel<\/p>","protected":false},"excerpt":{"rendered":"<p>Eine Tischleuchte mit einer besonderen Form, hergestellt aus wundersch\u00f6nen nat\u00fcrlichen Materialien. Sie hat ein elegantes, erstaunliches Aussehen.<\/p>","protected":false},"featured_media":387,"comment_status":"closed","ping_status":"closed","template":"","meta":{"_acf_changed":false,"_kad_post_transparent":"default","_kad_post_title":"","_kad_post_layout":"default","_kad_post_sidebar_id":"","_kad_post_content_style":"default","_kad_post_vertical_padding":"default","_kad_post_feature":"","_kad_post_feature_position":"","_kad_post_header":false,"_kad_post_footer":false,"_kad_post_classname":""},"pwb-brand":[17],"product_brand":[],"product_cat":[73,72],"product_tag":[146,34,117],"gyarto":[],"class_list":{"0":"post-1080","1":"product","2":"type-product","3":"status-publish","4":"has-post-thumbnail","6":"pwb-brand-bloomingville","7":"product_cat-desk-and-table-lamp","8":"product_cat-lamp","9":"product_tag-ethno-style","10":"product_tag-nordic-interior-design","11":"product_tag-nordic-lamp","12":"pa_colour-grey","13":"pa_material-terracotta","15":"first","16":"instock","17":"taxable","18":"shipping-taxable","19":"purchasable","20":"product-type-simple","21":"entry","22":"content-bg","23":"loop-entry"},"acf":[],"brands":[{"id":17,"name":"Bloomingville","slug":"bloomingville"}],"_links":{"self":[{"href":"https:\/\/yournordichome.com\/de\/wp-json\/wp\/v2\/product\/1080","targetHints":{"allow":["GET"]}}],"collection":[{"href":"https:\/\/yournordichome.com\/de\/wp-json\/wp\/v2\/product"}],"about":[{"href":"https:\/\/yournordichome.com\/de\/wp-json\/wp\/v2\/types\/product"}],"replies":[{"embeddable":true,"href":"https:\/\/yournordichome.com\/de\/wp-json\/wp\/v2\/comments?post=1080"}],"wp:featuredmedia":[{"embeddable":true,"href":"https:\/\/yournordichome.com\/de\/wp-json\/wp\/v2\/media\/387"}],"wp:attachment":[{"href":"https:\/\/yournordichome.com\/de\/wp-json\/wp\/v2\/media?parent=1080"}],"wp:term":[{"taxonomy":"pwb-brand","embeddable":true,"href":"https:\/\/yournordichome.com\/de\/wp-json\/wp\/v2\/pwb-brand?post=1080"},{"taxonomy":"product_brand","embeddable":true,"href":"https:\/\/yournordichome.com\/de\/wp-json\/wp\/v2\/product_brand?post=1080"},{"taxonomy":"product_cat","embeddable":true,"href":"https:\/\/yournordichome.com\/de\/wp-json\/wp\/v2\/product_cat?post=1080"},{"taxonomy":"product_tag","embeddable":true,"href":"https:\/\/yournordichome.com\/de\/wp-json\/wp\/v2\/product_tag?post=1080"},{"taxonomy":"gyarto","embeddable":true,"href":"https:\/\/yournordichome.com\/de\/wp-json\/wp\/v2\/gyarto?post=1080"}],"curies":[{"name":"wp","href":"https:\/\/api.w.org\/{rel}","templated":true}]}}