{"id":912,"date":"2023-05-13T13:50:16","date_gmt":"2023-05-13T13:50:16","guid":{"rendered":"https:\/\/yournordichome.com\/?page_id=912"},"modified":"2023-10-14T11:16:50","modified_gmt":"2023-10-14T11:16:50","slug":"bedingungen-und-konditionen","status":"publish","type":"page","link":"https:\/\/yournordichome.com\/de\/terms-and-conditions\/","title":{"rendered":"Bedingungen und Konditionen"},"content":{"rendered":"<p>Allgemeines und Kontaktinformationen<\/p>\n<p>Bei Your Nordic Home (yournordichome.com) finden Sie Produkte f\u00fcr die Inneneinrichtung. Nachstehend finden Sie unsere Einkaufsbedingungen. Sie k\u00f6nnen uns kontaktieren:<\/p>\n<p>Peth\u0151 L\u00e1szl\u00f3n\u00e9 EV (EU-Mehrwertsteuer: HU57890364)<br \/>\ncontact@yournordichome.com<br \/>\nKikoto 2.<br \/>\n1212 Budapest<br \/>\nUngarn<br \/>\nTelefon: +36304340994<\/p>\n<p>1. Umgang mit Informationen<\/p>\n<p>Die Informationen, die Sie an https:\/\/yournordichome.com \u00fcbermitteln, werden mit Sorgfalt und Respekt behandelt. YourNordicHome verwendet die pers\u00f6nlichen Daten nur zur Abwicklung von Bestellungen, f\u00fcr den Versand und die Lieferung sowie f\u00fcr sichere Zahlungen. Alle Informationen werden gem\u00e4\u00df unserer Datenschutzrichtlinie behandelt.<\/p>\n<p>2. Eine Bestellung aufgeben<\/p>\n<p>Die Darstellung von Produkten und Preisen stellt kein bindendes Angebot, sondern einen unverbindlichen Online-Katalog dar. Die Informationen auf der Homepage sind freibleibend und k\u00f6nnen ohne vorherige Ank\u00fcndigung ge\u00e4ndert werden. Sie k\u00f6nnen Ihre Bestellung auf unserer Homepage aufgeben, indem Sie die Produkte Ihrer Wahl in den Warenkorb legen. W\u00e4hrend des Bestellvorgangs werden Sie aufgefordert, Angaben zu machen, die Sie bis zum Anklicken des Buttons \"Bestellung aufgeben\" auf der Bestellseite \u00e4ndern k\u00f6nnen.<\/p>\n<p>Wenn Sie auf unserer Website bestellen, ist Ihre Bestellung ein Angebot an uns, die von Ihnen bestellten Waren zu kaufen. Wir best\u00e4tigen Ihre Bestellung, indem wir Ihnen eine automatisch generierte Best\u00e4tigungs-E-Mail schicken, die Informationen \u00fcber die bestellten Produkte, die Preise, die Versandangaben sowie die von Ihnen im Bestellprozess eingegebenen Informationen enth\u00e4lt. Bitte lesen Sie diese E-Mail sorgf\u00e4ltig durch und vergewissern Sie sich, dass alle Angaben korrekt sind. Sollte ein Fehler aufgetreten sein, wenden Sie sich bitte an unseren Kundenservice contact@yournordichome.com. Die Vertragssprache ist Englisch.<\/p>\n<p>3. Preise<\/p>\n<p>Es gelten die zum Zeitpunkt der Bestellung auf der Homepage angegebenen Preise.<\/p>\n<p>Alle Preise sind in EUR angegeben und enthalten die \u00f6rtliche Mehrwertsteuer (MwSt.).<\/p>\n<p>Der Gesamtpreis setzt sich aus dem Preis der Produkte und ggf. den Versandkosten zusammen. Der Gesamtpreis ist auf der Check-out-Seite vor der Best\u00e4tigung der Bestellung sichtbar, sobald Sie Ihr Bestimmungsland ausgew\u00e4hlt haben.<\/p>\n<p>4. Zahlung<\/p>\n<p>Bei YourNordicHome akzeptieren wir die meisten g\u00e4ngigen Kreditkarten, Apple Pay und Google Pay. Unser Partner bei der Abwicklung von Online-Zahlungen ist Stripe.<\/p>\n<p>Stripe Payments Europe Limited<br \/>\n1 Grand Canal Street Lower, Grand Canal Dock, Dublin, D02 H210, Irland<\/p>\n<p>5. Ablehnung der Transaktion<\/p>\n<p>Um Produkte von uns auf dieser Website kaufen und einen Vertrag abschlie\u00dfen zu k\u00f6nnen, m\u00fcssen Sie:<\/p>\n<p>- Mindestens achtzehn Jahre alt sein<br \/>\n- Verwenden Sie Ihren echten Namen, Ihre Telefonnummer, Ihre E-Mail-Adresse und Ihre Zahlungsangaben.<br \/>\n- Geben Sie eine Lieferadresse an, bei der es sich nicht um ein Postfach oder eine Poste restante handelt.<br \/>\n- Verwenden Sie eine g\u00fcltige Kredit-\/Debitkarte, die von unserem Bankpartner akzeptiert wird, oder eine andere akzeptierte Zahlungsmethode<\/p>\n<p>Wir k\u00f6nnen Ihre Bestellung nicht annehmen, wenn einer der folgenden F\u00e4lle eintritt:<\/p>\n<p>- Wenn Ihre Zahlung von unserem zust\u00e4ndigen Zahlungspartner (Stripe) nicht akzeptiert wird<br \/>\n- Wenn wir aus Gr\u00fcnden, die wir nicht zu vertreten haben, nicht liefern k\u00f6nnen - zum Beispiel, wenn ein Produkt von unserem Lieferanten eingestellt wurde.<\/p>\n<p>6. Art der Lieferung und Verf\u00fcgbarkeit<\/p>\n<p>Wir bieten die Lieferung per GLS an. F\u00fcr weitere Informationen, bitte \u00fcberpr\u00fcfen Sie <a href=\"https:\/\/yournordichome.com\/de\/versandinformationen\/\">Informationen zum Versand<\/a>.<\/p>\n<p>Die voraussichtliche Lieferzeit finden Sie neben den Angaben zum ausgew\u00e4hlten Produkt. Wenn Sie mehrere Produkte bestellt haben und die Lieferzeit zwischen den verschiedenen Produkten variiert, liefern wir die Waren zusammen, d.h. es gilt das sp\u00e4teste Datum.<\/p>\n<p>Sobald Ihre Bestellung versandt wurde, erhalten Sie eine Versandbest\u00e4tigung per E-Mail und eine Zustellbenachrichtigung von GLS mit einer Trackingnummer f\u00fcr Ihr Paket.<\/p>\n<p>Alle Bestellungen sind abh\u00e4ngig von der Verf\u00fcgbarkeit.<br \/>\nUnser Ziel ist es, Ihnen Ihre Bestellung so schnell wie m\u00f6glich zu liefern. Im Falle unvorhergesehener Umst\u00e4nde, auf die wir keinen Einfluss haben (z. B. technische St\u00f6rungen, Streiks usw.), kann es jedoch vorkommen, dass wir nicht in der Lage sind, die Ware in der zugesagten Zeit zu liefern.<\/p>\n<p>7. Wir liefern in folgende L\u00e4nder<\/p>\n<p>L\u00e4nder der Europ\u00e4ischen Union: Belgien, Bulgarien, D\u00e4nemark, Deutschland, Estland, Finnland, Frankreich, Griechenland, Italien, Kroatien, Lettland, Litauen, Luxemburg, Niederlande, \u00d6sterreich, Polen, Portugal, Rum\u00e4nien, Schweden, Slowakei, Slowenien, Spanien, Tschechische Republik, Ungarn.<\/p>\n<p>8. Verkehrshaftung<\/p>\n<p>Werden Sendungen mit offensichtlichen Sch\u00e4den angeliefert, sind Sie verpflichtet, diese sofort bei dem Transportunternehmen zu reklamieren und die Annahme der Sendung zu verweigern. Versteckte Sch\u00e4den sind sp\u00e4testens f\u00fcnf Tage nach Erhalt der Sendung bei YourNordicHome (contact@yournordichome.com) zu reklamieren. Unser Kundenbetreuer wird Sie dann \u00fcber das weitere Vorgehen bei der Reklamation informieren.<\/p>\n<p>9. Nicht zugestelltes Paket<\/p>\n<p>In den meisten L\u00e4ndern unternimmt unser Versandpartner mindestens zwei Zustellversuche, bevor er das Paket als R\u00fccksendung an uns weiterleitet. Wenn der Spediteur nicht in der Lage war, das Paket an den Empf\u00e4nger zu liefern und das Paket an uns zur\u00fcckgeschickt wird, hat YourNordicHome das Recht, Ihnen den Betrag von 50 EUR f\u00fcr die R\u00fccksende- und Bearbeitungskosten in Rechnung zu stellen.<\/p>\n<p>10. Beanstandungen<\/p>\n<p>Wenn es ein Problem mit Ihrer Sendung gab, kontaktieren Sie uns bitte unter contact@yournordichome.com. Dazu geh\u00f6ren Probleme wie Transportsch\u00e4den, defekte Produkte oder anderweitig falsche Bestellungen. Wenn das Paket in schlechtem Zustand ankommt und die darin enthaltenen Produkte fehlen oder besch\u00e4digt sind, m\u00fcssen Sie sich auch direkt nach Entdeckung des Problems bei dem zustellenden Unternehmen, z. B. GLS oder dem jeweiligen \u00f6rtlichen Zustelldienst, beschweren.<\/p>\n<p>Bitte beachten Sie, dass wir f\u00fcr die Bearbeitung Ihrer Reklamation immer einen fotografischen Nachweis des Pakets und der besch\u00e4digten Artikel ben\u00f6tigen, der uns per E-Mail zugesandt wird. Wenn Sie ein Produkt zur\u00fccksenden, verwenden Sie nach Absprache mit einem unserer Kundendienstmitarbeiter die Originalverpackung und kennzeichnen Sie das R\u00fccksendepaket mit \"RETURN\". Schicken Sie das Paket an: Petho Laszlone, 1212 Budapest, Kikoto utca 2-8\/A, UNGARN.<\/p>\n<p>11. R\u00fcckgaberecht\/Widerrufsrecht<\/p>\n<p>Wenn Sie mit Ihren Produkten nicht zufrieden sind, k\u00f6nnen Sie sie an uns zur\u00fcckschicken. YourNordicHome h\u00e4lt sich an die E-Commerce-Richtlinie der Europ\u00e4ischen Union. Das bedeutet, dass Sie die M\u00f6glichkeit haben, Ihren Vertrag innerhalb von 365 Tagen zu widerrufen, ohne uns einen Grund zu nennen.<\/p>\n<p>Wir empfehlen dringend, bei der R\u00fccksendung eines Produkts einen verfolgbaren und versicherten Versanddienst zu verwenden. Es ist nicht obligatorisch, aber wir empfehlen, die Originalverpackung oder \u00e4hnliches zu verwenden, um Sch\u00e4den zu vermeiden, wenn Sie ein Produkt an uns zur\u00fcckschicken.<\/p>\n<p>Die Widerrufsfrist endet 365 Tage nach dem Tag, an dem Sie oder ein Dritter, der nicht der Bef\u00f6rderer ist, die letzte Ware in Besitz genommen haben.<\/p>\n<p>Um Ihr Widerrufsrecht auszu\u00fcben, m\u00fcssen Sie uns (contact@yournordichome.com, Petho Laszlone, 1212 Budapest, Kikoto utca 2-8\/A, UNGARN) mittels einer eindeutigen Erkl\u00e4rung \u00fcber Ihren Entschluss informieren, diesen Vertrag zu widerrufen. Dies kann per E-Mail erfolgen.<\/p>\n<p>Wenn Sie von Ihrem R\u00fcckgaberecht Gebrauch machen, tragen Sie die unmittelbaren Kosten der R\u00fccksendung der Waren. Bitte achten Sie darauf, die zur\u00fcckgesendeten Waren gut zu verpacken, um Transportsch\u00e4den zu vermeiden. Sie haben die Waren unverz\u00fcglich und in jedem Fall sp\u00e4testens binnen 14 Tagen ab dem Tag, an dem Sie uns \u00fcber den Widerruf dieses Vertrags unterrichten, zur\u00fcckzusenden.<\/p>\n<p>Das Widerrufsrecht gilt nicht f\u00fcr folgende Vertragsarten: Vertr\u00e4ge zur Lieferung von Waren, die nach den Spezifikationen des Verbrauchers angefertigt werden oder eindeutig auf die pers\u00f6nlichen Bed\u00fcrfnisse zugeschnitten sind.<\/p>\n<p>Wenn Sie diesen Vertrag widerrufen, haben wir Ihnen alle Zahlungen, die wir von Ihnen erhalten haben, einschlie\u00dflich der Lieferkosten, zur\u00fcckerstattet. Wird nur ein Teil einer Bestellung zur\u00fcckgeschickt, werden die Lieferkosten nicht erstattet.<\/p>\n<p>Wir k\u00f6nnen die R\u00fcckzahlung verweigern, bis wir die Waren wieder zur\u00fcckerhalten haben. Wir k\u00f6nnen einen Abzug von der Erstattung des Wertverlustes der gelieferten Waren vornehmen, wenn dieser Wertverlust auf einen zur Pr\u00fcfung der Beschaffenheit, Eigenschaften und Funktionsweise der Waren nicht notwendigen Umgang durch Sie zur\u00fcckzuf\u00fchren ist.<\/p>\n<p>12. Annullierung durch uns<\/p>\n<p>Wir behalten uns das Recht vor, den Vertrag zwischen uns zu k\u00fcndigen, wenn einer der folgenden F\u00e4lle eintritt:<br \/>\n- Wenn wir nicht genug auf Lager haben und ein Produkt nicht nachbestellen k\u00f6nnen, um es zu liefern.<br \/>\n- Unzureichende Informationen wurden uns zur Verf\u00fcgung gestellt, um die Waren zu liefern<br \/>\n- Sie haben im Bestellprozess falsche Angaben gemacht<\/p>\n<p>13. Alternative\/Online-Streitbeilegung<\/p>\n<p>Die Europ\u00e4ische Kommission hat eine Online-Plattform ins Leben gerufen, die es Verbrauchern und H\u00e4ndlern erm\u00f6glichen wird, Streitigkeiten \u00fcber eine alternative oder Online-Streitbeilegung (ADR\/ODR) beizulegen. Diese Plattform wird bei der au\u00dfergerichtlichen Beilegung von Streitigkeiten helfen, um Streitigkeiten kosteng\u00fcnstiger, einfacher und schneller zu l\u00f6sen. Die ODR ist seit dem 9. Januar 2016 in Betrieb und f\u00fcr Verbraucher und Unternehmer zug\u00e4nglich unter: https:\/\/ec.europa.eu\/consumers\/odr\/<\/p>\n<p>14. Gesetze<\/p>\n<p>Die Bedingungen dieses Vertrages unterliegen der EU-Richtlinie \u00fcber den elektronischen Gesch\u00e4ftsverkehr und sind so aufgebaut, dass sie mit dieser \u00fcbereinstimmen. Wir k\u00f6nnen diese Allgemeinen Gesch\u00e4ftsbedingungen jederzeit ohne vorherige Ank\u00fcndigung \u00e4ndern und aktualisieren. F\u00fcr jede Bestellung gelten die Bedingungen, die zum Zeitpunkt der Bestellung auf dieser Website ver\u00f6ffentlicht sind. Zuletzt aktualisiert: 13. Mai 2023.a<\/p>","protected":false},"excerpt":{"rendered":"<p>General and Contact Information At Your Nordic Home (yournordichome.com) you will find home decor products. Below you will find our conditions of purchase. You can contact us: Peth\u0151 L\u00e1szl\u00f3n\u00e9 EV (EU VAT: HU57890364) contact@yournordichome.com Kikoto 2. 1212 Budapest Hungary Tel: +36304340994 1. Handling of Information The information you submit to https:\/\/yournordichome.com will be handled with&#8230;<\/p>","protected":false},"author":2,"featured_media":0,"parent":0,"menu_order":0,"comment_status":"closed","ping_status":"closed","template":"","meta":{"_acf_changed":false,"_kad_post_transparent":"","_kad_post_title":"","_kad_post_layout":"","_kad_post_sidebar_id":"","_kad_post_content_style":"","_kad_post_vertical_padding":"","_kad_post_feature":"","_kad_post_feature_position":"","_kad_post_header":false,"_kad_post_footer":false,"_kad_post_classname":"","footnotes":""},"class_list":["post-912","page","type-page","status-publish","hentry"],"acf":[],"_links":{"self":[{"href":"https:\/\/yournordichome.com\/de\/wp-json\/wp\/v2\/pages\/912","targetHints":{"allow":["GET"]}}],"collection":[{"href":"https:\/\/yournordichome.com\/de\/wp-json\/wp\/v2\/pages"}],"about":[{"href":"https:\/\/yournordichome.com\/de\/wp-json\/wp\/v2\/types\/page"}],"author":[{"embeddable":true,"href":"https:\/\/yournordichome.com\/de\/wp-json\/wp\/v2\/users\/2"}],"replies":[{"embeddable":true,"href":"https:\/\/yournordichome.com\/de\/wp-json\/wp\/v2\/comments?post=912"}],"version-history":[{"count":3,"href":"https:\/\/yournordichome.com\/de\/wp-json\/wp\/v2\/pages\/912\/revisions"}],"predecessor-version":[{"id":3293,"href":"https:\/\/yournordichome.com\/de\/wp-json\/wp\/v2\/pages\/912\/revisions\/3293"}],"wp:attachment":[{"href":"https:\/\/yournordichome.com\/de\/wp-json\/wp\/v2\/media?parent=912"}],"curies":[{"name":"wp","href":"https:\/\/api.w.org\/{rel}","templated":true}]}}