{"id":825,"date":"2023-05-09T17:45:16","date_gmt":"2023-05-09T17:45:16","guid":{"rendered":"https:\/\/yournordichome.com\/product\/baby-play-mat-pink-cotton\/"},"modified":"2025-08-03T11:18:01","modified_gmt":"2025-08-03T11:18:01","slug":"detska-hraci-podlozka-ruzova-bavlna","status":"publish","type":"product","link":"https:\/\/yournordichome.com\/cs\/product\/baby-play-mat-pink-cotton\/","title":{"rendered":"D\u011btsk\u00e1 podlo\u017eka na hran\u00ed - r\u016f\u017eov\u00e1 - bavlna"},"content":{"rendered":"<p>D\u011btsk\u00e1 hrac\u00ed podlo\u017eka z bavlny. R\u016f\u017eov\u00e1 s p\u011bkn\u00fdm vzorem. Lze ji srolovat, zav\u011bsit na rameno, a tak snadno p\u0159en\u00e1\u0161et. Je vhodn\u00e1 na hran\u00ed doma, ale m\u016f\u017eete ji rozlo\u017eit i venku.<\/p>\n<p>Materi\u00e1l: 100% bavlna<br \/>\nN\u00e1pl\u0148: 100% polyester<br \/>\nSTANDARD 100 od OEKO-TEX\u00ae<\/p>\n<p>Velikost: 100 x 100 cm<\/p>\n<p>Pra\u010dka: p\u0159i 30 stupn\u00edch.<\/p>","protected":false},"excerpt":{"rendered":"<p>M\u011bkk\u00e1 d\u011btsk\u00e1 hrac\u00ed podlo\u017eka STANDARD 100 by OEKO-TEX\u00ae na piknik nebo na doma. R\u016f\u017eov\u00e1, se vzorem padaj\u00edc\u00edho zaj\u00ed\u010dka, na zadn\u00ed stran\u011b mr\u00e1\u010dky. Lze ji srolovat a snadno p\u0159en\u00e1\u0161et.<\/p>\n<p>100 x 100 cm.<\/p>","protected":false},"featured_media":39,"comment_status":"closed","ping_status":"closed","template":"","meta":{"_acf_changed":false,"_kad_post_transparent":"default","_kad_post_title":"","_kad_post_layout":"default","_kad_post_sidebar_id":"","_kad_post_content_style":"default","_kad_post_vertical_padding":"default","_kad_post_feature":"","_kad_post_feature_position":"","_kad_post_header":false,"_kad_post_footer":false,"_kad_post_classname":""},"pwb-brand":[17],"product_brand":[],"product_cat":[77,47],"product_tag":[24],"gyarto":[],"class_list":{"0":"post-825","1":"product","2":"type-product","3":"status-publish","4":"has-post-thumbnail","6":"pwb-brand-bloomingville","7":"product_cat-childrens-furniture","8":"product_cat-kids","9":"product_tag-christmas-gift-ideas","10":"pa_colour-pink","11":"pa_material-cotton","13":"first","14":"instock","15":"taxable","16":"shipping-taxable","17":"purchasable","18":"product-type-simple","19":"entry","20":"content-bg","21":"loop-entry"},"acf":[],"brands":[{"id":17,"name":"Bloomingville","slug":"bloomingville"}],"_links":{"self":[{"href":"https:\/\/yournordichome.com\/cs\/wp-json\/wp\/v2\/product\/825","targetHints":{"allow":["GET"]}}],"collection":[{"href":"https:\/\/yournordichome.com\/cs\/wp-json\/wp\/v2\/product"}],"about":[{"href":"https:\/\/yournordichome.com\/cs\/wp-json\/wp\/v2\/types\/product"}],"replies":[{"embeddable":true,"href":"https:\/\/yournordichome.com\/cs\/wp-json\/wp\/v2\/comments?post=825"}],"wp:featuredmedia":[{"embeddable":true,"href":"https:\/\/yournordichome.com\/cs\/wp-json\/wp\/v2\/media\/39"}],"wp:attachment":[{"href":"https:\/\/yournordichome.com\/cs\/wp-json\/wp\/v2\/media?parent=825"}],"wp:term":[{"taxonomy":"pwb-brand","embeddable":true,"href":"https:\/\/yournordichome.com\/cs\/wp-json\/wp\/v2\/pwb-brand?post=825"},{"taxonomy":"product_brand","embeddable":true,"href":"https:\/\/yournordichome.com\/cs\/wp-json\/wp\/v2\/product_brand?post=825"},{"taxonomy":"product_cat","embeddable":true,"href":"https:\/\/yournordichome.com\/cs\/wp-json\/wp\/v2\/product_cat?post=825"},{"taxonomy":"product_tag","embeddable":true,"href":"https:\/\/yournordichome.com\/cs\/wp-json\/wp\/v2\/product_tag?post=825"},{"taxonomy":"gyarto","embeddable":true,"href":"https:\/\/yournordichome.com\/cs\/wp-json\/wp\/v2\/gyarto?post=825"}],"curies":[{"name":"wp","href":"https:\/\/api.w.org\/{rel}","templated":true}]}}