{"id":824,"date":"2023-05-09T17:45:16","date_gmt":"2023-05-09T17:45:16","guid":{"rendered":"https:\/\/yournordichome.com\/product\/cloud-shaped-rug-beige\/"},"modified":"2025-08-03T11:18:37","modified_gmt":"2025-08-03T11:18:37","slug":"bezovy-koberec-ve-tvaru-mraku","status":"publish","type":"product","link":"https:\/\/yournordichome.com\/cs\/product\/cloud-shaped-rug-beige\/","title":{"rendered":"Koberec ve tvaru mraku - b\u00e9\u017eov\u00fd"},"content":{"rendered":"<p>Velikost:<br \/>\nV\u00fd\u0161ka: 57 cm<br \/>\n\u0160\u00ed\u0159ka: 82 cm<\/p>\n<p>Barva: p\u0159\u00edrodn\u00ed, b\u00e9\u017eov\u00e1.<\/p>","protected":false},"excerpt":{"rendered":"<p>Koberec ve tvaru mrak\u016f do d\u011btsk\u00e9ho pokoje ve skandin\u00e1vsk\u00e9m stylu. Nad\u00fdchan\u00fd a m\u011bkk\u00fd.<\/p>\n<p>Materi\u00e1l: 100% bavlna<\/p>","protected":false},"featured_media":253,"comment_status":"closed","ping_status":"closed","template":"","meta":{"_acf_changed":false,"_kad_post_transparent":"default","_kad_post_title":"","_kad_post_layout":"default","_kad_post_sidebar_id":"","_kad_post_content_style":"default","_kad_post_vertical_padding":"default","_kad_post_feature":"","_kad_post_feature_position":"","_kad_post_header":false,"_kad_post_footer":false,"_kad_post_classname":""},"pwb-brand":[17],"product_brand":[],"product_cat":[77,47],"product_tag":[82,24,79,34,80],"gyarto":[],"class_list":{"0":"post-824","1":"product","2":"type-product","3":"status-publish","4":"has-post-thumbnail","6":"pwb-brand-bloomingville","7":"product_cat-childrens-furniture","8":"product_cat-kids","9":"product_tag-carpet","10":"product_tag-christmas-gift-ideas","11":"product_tag-cotton-rug","12":"product_tag-nordic-interior-design","13":"product_tag-nordic-style-rug","14":"pa_colour-beige","15":"pa_material-cotton","17":"first","18":"instock","19":"taxable","20":"shipping-taxable","21":"purchasable","22":"product-type-simple","23":"entry","24":"content-bg","25":"loop-entry"},"acf":[],"brands":[{"id":17,"name":"Bloomingville","slug":"bloomingville"}],"_links":{"self":[{"href":"https:\/\/yournordichome.com\/cs\/wp-json\/wp\/v2\/product\/824","targetHints":{"allow":["GET"]}}],"collection":[{"href":"https:\/\/yournordichome.com\/cs\/wp-json\/wp\/v2\/product"}],"about":[{"href":"https:\/\/yournordichome.com\/cs\/wp-json\/wp\/v2\/types\/product"}],"replies":[{"embeddable":true,"href":"https:\/\/yournordichome.com\/cs\/wp-json\/wp\/v2\/comments?post=824"}],"wp:featuredmedia":[{"embeddable":true,"href":"https:\/\/yournordichome.com\/cs\/wp-json\/wp\/v2\/media\/253"}],"wp:attachment":[{"href":"https:\/\/yournordichome.com\/cs\/wp-json\/wp\/v2\/media?parent=824"}],"wp:term":[{"taxonomy":"pwb-brand","embeddable":true,"href":"https:\/\/yournordichome.com\/cs\/wp-json\/wp\/v2\/pwb-brand?post=824"},{"taxonomy":"product_brand","embeddable":true,"href":"https:\/\/yournordichome.com\/cs\/wp-json\/wp\/v2\/product_brand?post=824"},{"taxonomy":"product_cat","embeddable":true,"href":"https:\/\/yournordichome.com\/cs\/wp-json\/wp\/v2\/product_cat?post=824"},{"taxonomy":"product_tag","embeddable":true,"href":"https:\/\/yournordichome.com\/cs\/wp-json\/wp\/v2\/product_tag?post=824"},{"taxonomy":"gyarto","embeddable":true,"href":"https:\/\/yournordichome.com\/cs\/wp-json\/wp\/v2\/gyarto?post=824"}],"curies":[{"name":"wp","href":"https:\/\/api.w.org\/{rel}","templated":true}]}}