{"id":816,"date":"2023-05-09T17:45:16","date_gmt":"2023-05-09T17:45:16","guid":{"rendered":"https:\/\/yournordichome.com\/product\/ceramic-hanging-planter-gray\/"},"modified":"2025-08-03T11:10:56","modified_gmt":"2025-08-03T11:10:56","slug":"keramicky-zavesny-kvetinac-sedy","status":"publish","type":"product","link":"https:\/\/yournordichome.com\/cs\/product\/ceramic-hanging-planter-gray\/","title":{"rendered":"Keramick\u00fd z\u00e1v\u011bsn\u00fd kv\u011btin\u00e1\u010d - \u0161ed\u00fd"},"content":{"rendered":"<p>Tento \u0161ed\u00fd keramick\u00fd kv\u011btin\u00e1\u010d, kter\u00fd m\u016f\u017eete zav\u011bsit na terasu nebo kamkoli do bytu, je kr\u00e1sn\u00fdm domovem pro va\u0161i obl\u00edbenou rostlinu.<\/p>\n<p>Velikost: 14 cm x 100 cm x 14 cm<br \/>\nMateri\u00e1l: kamenina<\/p>","protected":false},"excerpt":{"rendered":"<p>Keramick\u00fd kv\u011btin\u00e1\u010d, kter\u00fd m\u016f\u017eete zav\u011bsit na terasu nebo do bytu. Nab\u00edz\u00ed kr\u00e1sn\u00fd domov pro va\u0161e obl\u00edben\u00e9 rostliny.<\/p>","protected":false},"featured_media":225,"comment_status":"closed","ping_status":"closed","template":"","meta":{"_acf_changed":false,"_kad_post_transparent":"default","_kad_post_title":"","_kad_post_layout":"default","_kad_post_sidebar_id":"","_kad_post_content_style":"default","_kad_post_vertical_padding":"default","_kad_post_feature":"","_kad_post_feature_position":"","_kad_post_header":false,"_kad_post_footer":false,"_kad_post_classname":""},"pwb-brand":[17],"product_brand":[],"product_cat":[58],"product_tag":[24,33],"gyarto":[],"class_list":{"0":"post-816","1":"product","2":"type-product","3":"status-publish","4":"has-post-thumbnail","6":"pwb-brand-bloomingville","7":"product_cat-flower-pot","8":"product_tag-christmas-gift-ideas","9":"product_tag-outdoor-furniture","10":"pa_colour-grey","11":"pa_material-stoneware","13":"first","14":"instock","15":"taxable","16":"shipping-taxable","17":"purchasable","18":"product-type-simple","19":"entry","20":"content-bg","21":"loop-entry"},"acf":[],"brands":[{"id":17,"name":"Bloomingville","slug":"bloomingville"}],"_links":{"self":[{"href":"https:\/\/yournordichome.com\/cs\/wp-json\/wp\/v2\/product\/816","targetHints":{"allow":["GET"]}}],"collection":[{"href":"https:\/\/yournordichome.com\/cs\/wp-json\/wp\/v2\/product"}],"about":[{"href":"https:\/\/yournordichome.com\/cs\/wp-json\/wp\/v2\/types\/product"}],"replies":[{"embeddable":true,"href":"https:\/\/yournordichome.com\/cs\/wp-json\/wp\/v2\/comments?post=816"}],"wp:featuredmedia":[{"embeddable":true,"href":"https:\/\/yournordichome.com\/cs\/wp-json\/wp\/v2\/media\/225"}],"wp:attachment":[{"href":"https:\/\/yournordichome.com\/cs\/wp-json\/wp\/v2\/media?parent=816"}],"wp:term":[{"taxonomy":"pwb-brand","embeddable":true,"href":"https:\/\/yournordichome.com\/cs\/wp-json\/wp\/v2\/pwb-brand?post=816"},{"taxonomy":"product_brand","embeddable":true,"href":"https:\/\/yournordichome.com\/cs\/wp-json\/wp\/v2\/product_brand?post=816"},{"taxonomy":"product_cat","embeddable":true,"href":"https:\/\/yournordichome.com\/cs\/wp-json\/wp\/v2\/product_cat?post=816"},{"taxonomy":"product_tag","embeddable":true,"href":"https:\/\/yournordichome.com\/cs\/wp-json\/wp\/v2\/product_tag?post=816"},{"taxonomy":"gyarto","embeddable":true,"href":"https:\/\/yournordichome.com\/cs\/wp-json\/wp\/v2\/gyarto?post=816"}],"curies":[{"name":"wp","href":"https:\/\/api.w.org\/{rel}","templated":true}]}}