{"id":7649,"date":"2025-08-08T09:35:54","date_gmt":"2025-08-08T09:35:54","guid":{"rendered":"https:\/\/yournordichome.com\/product\/bear-rug-in-wool\/"},"modified":"2025-08-13T10:09:31","modified_gmt":"2025-08-13T10:09:31","slug":"vlneny-koberec-s-medvedem","status":"publish","type":"product","link":"https:\/\/yournordichome.com\/cs\/product\/bear-rug-in-wool\/","title":{"rendered":"Medv\u011bd\u00ed koberec z vlny"},"content":{"rendered":"<p>Vln\u011bn\u00fd koberec Medv\u011bd je pr\u00e9miov\u00fd v\u00fdrobek sv\u011btozn\u00e1m\u00e9 zna\u010dky Bloomingville, kter\u00fd sv\u00fdm speci\u00e1ln\u00edm tvarem medv\u011bda a kvalitn\u00edm materi\u00e1lem ud\u011bl\u00e1 ka\u017ed\u00fd d\u011btsk\u00fd pokoj a pokoj\u00ed\u010dek jedine\u010dn\u00fdm. Tento koberec je nejen bytovou dekorac\u00ed, ale tak\u00e9 skute\u010dn\u00fdm z\u00e1\u017eitkov\u00fdm kouskem, kter\u00fd v sob\u011b spojuje design inspirovan\u00fd p\u0159\u00edrodou, hravost a h\u0159ejivou rodinnou atmosf\u00e9ru.<\/p>\n<p>Vln\u011bn\u00fd koberec Bear je vyroben z \u010dist\u00e9 vlny 100%, kter\u00e1 je mimo\u0159\u00e1dn\u011b m\u011bkk\u00e1 a p\u0159\u00edjemn\u00e1 na dotek. D\u00edky pou\u017eit\u00ed kvalitn\u00edch materi\u00e1l\u016f se jedn\u00e1 o nad\u010dasov\u00fd, pr\u00e9miov\u00fd kousek, kter\u00fd si zachov\u00e1v\u00e1 svou kr\u00e1su a tvar po dlouh\u00e1 l\u00e9ta. Detailn\u00ed zpracov\u00e1n\u00ed a p\u0159\u00e1telsk\u00fd tvar medv\u011bda podpo\u0159\u00ed d\u011btskou p\u0159edstavivost a z\u00e1rove\u0148 poskytne p\u0159irozen\u00e9 teplo a atraktivn\u00ed pohodl\u00ed p\u0159i hran\u00ed nebo \u010dten\u00ed. Vln\u011bn\u00fd koberec Medv\u011bd vypad\u00e1 skv\u011ble v d\u011btsk\u00e9m pokoji, ale tak\u00e9 v hern\u011b, \u010dten\u00e1\u0159sk\u00e9m koutku nebo d\u011btsky p\u0159\u00edv\u011btiv\u00e9 \u010d\u00e1sti ob\u00fdvac\u00edho pokoje.<\/p>\n<h2>Rozm\u011bry v\u00fdrobku<\/h2>\n<p>Rozm\u011bry v\u00fdrobku: Rozm\u011bry: D200x\u0160140 cm<br \/>\nMateri\u00e1l v\u00fdrobku: 100% Vlna<br \/>\nB\u011blen\u00ed: Ne<br \/>\n\u010ci\u0161t\u011bn\u00ed v \u010dist\u00edrn\u011b: Ne<br \/>\nSu\u0161en\u00ed: Ne<br \/>\n\u017dehlen\u00ed: Ne<br \/>\nPokyny pro pran\u00ed: Pouze bodov\u00e9 \u010di\u0161t\u011bn\u00ed<\/p>\n<h2>Pro\u010d si vybrat koberec Bear Rug in Wool?<\/h2>\n<p>- Vyrobeno z p\u0159\u00edrodn\u00ed vlny 100% prvot\u0159\u00eddn\u00ed kvality.<br \/>\n- Z\u00e1ruka zna\u010dky Bloomingville pro trvanlivost a sofistikovan\u00fd design<br \/>\n- Charakteristick\u00fd tvar medv\u011bda, kter\u00fd vn\u00e1\u0161\u00ed do prostoru hravost.<br \/>\n- Vynikaj\u00edc\u00ed tepeln\u00e1 izolace a m\u011bkkost, ide\u00e1ln\u00ed pro d\u011bti<br \/>\n- Jedine\u010dn\u00e1 a vesel\u00e1 bytov\u00e1 dekorace, kter\u00e1 z\u00fatuln\u00ed ka\u017edou m\u00edstnost.<br \/>\n- Snadn\u00e1 \u00fadr\u017eba pomoc\u00ed bodov\u00e9ho \u010di\u0161t\u011bn\u00ed<\/p>\n<h2>Kde to vypad\u00e1 nejl\u00e9pe?<\/h2>\n<p>- V d\u011btsk\u00fdch a kojeneck\u00fdch pokoj\u00edch, kde vytv\u00e1\u0159\u00ed hravou a \u00fatulnou atmosf\u00e9ru.<br \/>\n- V hern\u011b, aby bylo hran\u00ed je\u0161t\u011b z\u00e1bavn\u011bj\u0161\u00ed.<br \/>\n- V koutku na \u010dten\u00ed, kde se na n\u011bj mohou d\u011bti pohodln\u011b nat\u00e1hnout.<br \/>\n- V d\u011btsk\u00fdch prostor\u00e1ch modern\u00edch rodinn\u00fdch dom\u016f nebo rodinn\u00fdch dom\u016f ve skandin\u00e1vsk\u00e9m stylu.<br \/>\n- Skv\u011bl\u00e1 volba tak\u00e9 jako d\u00e1rek k n\u00e1v\u0161t\u011bv\u011b d\u00edt\u011bte nebo k narozenin\u00e1m.<\/p>\n<p>Vln\u011bn\u00fd koberec Bear rozz\u00e1\u0159\u00ed d\u011btsk\u00fd pokoj, vyza\u0159uje teplo a vesel\u00ed a bude skute\u010dn\u00fdm st\u0159edobodem ka\u017ed\u00e9ho rodinn\u00e9ho domu!<\/p>","protected":false},"excerpt":{"rendered":"<p>Vln\u011bn\u00fd koberec Bear je vyroben z m\u011bkk\u00e9 vlny 100% a m\u00e1 hrav\u00fd tvar medv\u00eddka, tak\u017ee se stane skute\u010dnou ozdobou d\u011btsk\u00e9ho pokoje. Do va\u0161eho domova vnese teplo a styl!<\/p>","protected":false},"featured_media":7524,"comment_status":"closed","ping_status":"closed","template":"","meta":{"_acf_changed":false,"_kad_post_transparent":"default","_kad_post_title":"","_kad_post_layout":"default","_kad_post_sidebar_id":"","_kad_post_content_style":"default","_kad_post_vertical_padding":"default","_kad_post_feature":"","_kad_post_feature_position":"","_kad_post_header":false,"_kad_post_footer":false,"_kad_post_classname":""},"pwb-brand":[17],"product_brand":[],"product_cat":[77,47,88,65],"product_tag":[1097,82,334,398,206,397,89],"gyarto":[],"class_list":{"0":"post-7649","1":"product","2":"type-product","3":"status-publish","4":"has-post-thumbnail","6":"pwb-brand-bloomingville","7":"product_cat-childrens-furniture","8":"product_cat-kids","9":"product_cat-rug","10":"product_cat-rugs-and-textiles","11":"product_tag-autumn-winter-2025","12":"product_tag-carpet","13":"product_tag-new-arrivals","14":"product_tag-nordic-design","15":"product_tag-nordic-furniture","16":"product_tag-nordic-home","17":"product_tag-wool-rug","18":"pa_colour-nature","19":"pa_material-wool","21":"first","22":"instock","23":"taxable","24":"shipping-taxable","25":"purchasable","26":"product-type-simple","27":"entry","28":"content-bg","29":"loop-entry"},"acf":[],"brands":[{"id":17,"name":"Bloomingville","slug":"bloomingville"}],"_links":{"self":[{"href":"https:\/\/yournordichome.com\/cs\/wp-json\/wp\/v2\/product\/7649","targetHints":{"allow":["GET"]}}],"collection":[{"href":"https:\/\/yournordichome.com\/cs\/wp-json\/wp\/v2\/product"}],"about":[{"href":"https:\/\/yournordichome.com\/cs\/wp-json\/wp\/v2\/types\/product"}],"replies":[{"embeddable":true,"href":"https:\/\/yournordichome.com\/cs\/wp-json\/wp\/v2\/comments?post=7649"}],"wp:featuredmedia":[{"embeddable":true,"href":"https:\/\/yournordichome.com\/cs\/wp-json\/wp\/v2\/media\/7524"}],"wp:attachment":[{"href":"https:\/\/yournordichome.com\/cs\/wp-json\/wp\/v2\/media?parent=7649"}],"wp:term":[{"taxonomy":"pwb-brand","embeddable":true,"href":"https:\/\/yournordichome.com\/cs\/wp-json\/wp\/v2\/pwb-brand?post=7649"},{"taxonomy":"product_brand","embeddable":true,"href":"https:\/\/yournordichome.com\/cs\/wp-json\/wp\/v2\/product_brand?post=7649"},{"taxonomy":"product_cat","embeddable":true,"href":"https:\/\/yournordichome.com\/cs\/wp-json\/wp\/v2\/product_cat?post=7649"},{"taxonomy":"product_tag","embeddable":true,"href":"https:\/\/yournordichome.com\/cs\/wp-json\/wp\/v2\/product_tag?post=7649"},{"taxonomy":"gyarto","embeddable":true,"href":"https:\/\/yournordichome.com\/cs\/wp-json\/wp\/v2\/gyarto?post=7649"}],"curies":[{"name":"wp","href":"https:\/\/api.w.org\/{rel}","templated":true}]}}