{"id":7648,"date":"2025-08-08T09:35:54","date_gmt":"2025-08-08T09:35:54","guid":{"rendered":"https:\/\/yournordichome.com\/product\/chola-cotton-rug\/"},"modified":"2025-09-20T07:31:00","modified_gmt":"2025-09-20T07:31:00","slug":"bavlneny-koberec-chola","status":"publish","type":"product","link":"https:\/\/yournordichome.com\/cs\/product\/chola-cotton-rug\/","title":{"rendered":"Bavln\u011bn\u00fd koberec Chola"},"content":{"rendered":"<p>Kostkovan\u00fd bavln\u011bn\u00fd koberec Bloomingville Chola 140\u00d7200 cm je ide\u00e1ln\u00ed volbou, pokud jste p\u0159\u00edznivci p\u0159\u00edrodn\u00edch materi\u00e1l\u016f a modern\u00edho skandin\u00e1vsk\u00e9ho designu. Tento koberec pr\u00e9miov\u00e9 kvality je vyroben z bavlny, barven\u00fd p\u0159\u00edz\u00ed a d\u00edky sv\u00e9mu poutav\u00e9mu zlato-kr\u00e9mov\u00e9mu kostkovan\u00e9mu vzoru se m\u016f\u017ee st\u00e1t jedn\u00edm z nejzaj\u00edmav\u011bj\u0161\u00edch dekorativn\u00edch prvk\u016f ve va\u0161em interi\u00e9ru. Hust\u00e1 vazba zaji\u0161\u0165uje, \u017ee koberec je p\u0159\u00edjemn\u011b m\u011bkk\u00fd na dotek, a z\u00e1rove\u0148 z\u016fst\u00e1v\u00e1 dlouho odoln\u00fd a trvanliv\u00fd.<\/p>\n<p>Kostkovan\u00fd bavln\u011bn\u00fd koberec Chola 140\u00d7200 cm je nejen funk\u010dn\u00ed, ale tak\u00e9 dekorativn\u00ed. Koberec je vyroben z kvalitn\u00edch materi\u00e1l\u016f, obsahuje bavlnu 83% a dod\u00e1 va\u0161emu domovu p\u0159irozenou m\u011bkkost a h\u0159ejivou atmosf\u00e9ru. Jeho jedine\u010dn\u00e1 barevnost a vzor zaru\u010duj\u00ed stylov\u00fd vzhled a d\u00edky bohat\u00e9 vazb\u011b poskytuje p\u0159\u00edjemn\u00fd pocit i naboso. Velmi snadno se pere: sta\u010d\u00ed pou\u017e\u00edt bodov\u00e9 \u010di\u0161t\u011bn\u00ed, aby si dlouhodob\u011b zachoval svou p\u016fvodn\u00ed kr\u00e1su.<\/p>\n<h2>Rozm\u011bry v\u00fdrobku<\/h2>\n<p>Rozm\u011bry v\u00fdrobku: Rozm\u011bry: D200x\u0160140 cm<br \/>\nMateri\u00e1l v\u00fdrobku: Materi\u00e1l: 83% bavlna, 8% PL, 7% VI, 1% akryl, 1% nylon.<br \/>\nBarevn\u00e1 \u00faprava: Barven\u00e1 p\u0159\u00edze<br \/>\nChemick\u00e9 \u010di\u0161t\u011bn\u00ed: Ano<br \/>\nSu\u0161en\u00ed: Ne<br \/>\n\u017dehlen\u00ed: Ne<br \/>\nPovrchov\u00e1 \u00faprava v\u00fdrobku: Tkan\u00fd<br \/>\nPokyny pro pran\u00ed: Pouze bodov\u00e9 \u010di\u0161t\u011bn\u00ed<\/p>\n<h2>Pro\u010d si vybrat bavln\u011bn\u00fd koberec Chola?<\/h2>\n<p>- 100% Bloomingville kvalita, kter\u00e1 z\u016fstane kr\u00e1sn\u00e1 po mnoho let<br \/>\n- Prvot\u0159\u00eddn\u00ed bavln\u011bn\u00fd materi\u00e1l poskytuje p\u0159irozen\u00fd a m\u011bkk\u00fd dotek<br \/>\n- D\u00edky sv\u00e9mu modern\u00edmu, \u010dist\u00e9mu kostkovan\u00e9mu vzoru m\u016f\u017ee b\u00fdt stylov\u00fdm dopl\u0148kem ka\u017ed\u00e9 dom\u00e1cnosti.<br \/>\n- D\u00edky technice barven\u00ed p\u0159\u00edze m\u00e1 z\u00e1\u0159iv\u00e9 a dlouhotrvaj\u00edc\u00ed barvy.<br \/>\n- Jedine\u010dn\u00e1 textura a h\u0159ejivost pro ka\u017ed\u00fd interi\u00e9r<br \/>\n- Snadno se \u010dist\u00ed, tak\u017ee je praktickou volbou pro m\u00edstnosti s vysok\u00fdm provozem.<\/p>\n<h2>Kde to vypad\u00e1 nejl\u00e9pe?<\/h2>\n<p>- V ob\u00fdvac\u00edm pokoji p\u0159ed pohovkou nebo konferen\u010dn\u00edm stolkem, kde rodina \u010dasto odpo\u010d\u00edv\u00e1.<br \/>\n- V lo\u017enici, vedle postele, abyste r\u00e1no mohli \u0161l\u00e1pnout na m\u011bkkou texturu.<br \/>\n- V d\u011btsk\u00e9m pokoji pod hrac\u00edm koutkem, proto\u017ee je tam teplo a p\u0159\u00edjemn\u011b.<br \/>\n- Ve studii, kde je p\u0159\u00edrodn\u00ed materi\u00e1l p\u0159\u00edzniv\u00fd pro koncentraci<br \/>\n- Na chodb\u011b nebo ve vstupn\u00ed hale, kde jsou host\u00e9 p\u0159iv\u00edt\u00e1ni stylovou harmoni\u00ed.<\/p>\n<p>Pokud je pro v\u00e1s d\u016fle\u017eit\u00e1 p\u0159irozenost, design a kvalita, vyberte si kostkovan\u00fd bavln\u011bn\u00fd koberec Chola v rozm\u011bru 140 \u00d7 200 cm - s t\u00edmto pr\u00e9miov\u00fdm dopl\u0148kem z\u00edsk\u00e1te ze sv\u00e9ho domova maximum!<\/p>","protected":false},"excerpt":{"rendered":"<p>Kostkovan\u00fd bavln\u011bn\u00fd koberec Chola 140\u00d7200 cm je vyroben z p\u0159\u00edrodn\u00ed bavlny a d\u00edky vkusn\u00e9mu kostkovan\u00e9mu vzoru a p\u0159\u00edjemn\u00e9 m\u011bkkosti stylov\u011b obohat\u00ed ka\u017edou m\u00edstnost ve va\u0161\u00ed dom\u00e1cnosti.<\/p>","protected":false},"featured_media":7540,"comment_status":"closed","ping_status":"closed","template":"","meta":{"_acf_changed":false,"_kad_post_transparent":"default","_kad_post_title":"","_kad_post_layout":"default","_kad_post_sidebar_id":"","_kad_post_content_style":"default","_kad_post_vertical_padding":"default","_kad_post_feature":"","_kad_post_feature_position":"","_kad_post_header":false,"_kad_post_footer":false,"_kad_post_classname":""},"pwb-brand":[17],"product_brand":[],"product_cat":[88,65],"product_tag":[1097,82,79,334,398,206,397],"gyarto":[1099],"class_list":{"0":"post-7648","1":"product","2":"type-product","3":"status-publish","4":"has-post-thumbnail","6":"pwb-brand-bloomingville","7":"product_cat-rug","8":"product_cat-rugs-and-textiles","9":"product_tag-autumn-winter-2025","10":"product_tag-carpet","11":"product_tag-cotton-rug","12":"product_tag-new-arrivals","13":"product_tag-nordic-design","14":"product_tag-nordic-furniture","15":"product_tag-nordic-home","16":"pa_colour-nature","17":"pa_material-cotton","18":"gyarto-bloomingville","20":"first","21":"instock","22":"featured","23":"taxable","24":"shipping-taxable","25":"purchasable","26":"product-type-simple","27":"entry","28":"content-bg","29":"loop-entry"},"acf":[],"brands":[{"id":17,"name":"Bloomingville","slug":"bloomingville"}],"_links":{"self":[{"href":"https:\/\/yournordichome.com\/cs\/wp-json\/wp\/v2\/product\/7648","targetHints":{"allow":["GET"]}}],"collection":[{"href":"https:\/\/yournordichome.com\/cs\/wp-json\/wp\/v2\/product"}],"about":[{"href":"https:\/\/yournordichome.com\/cs\/wp-json\/wp\/v2\/types\/product"}],"replies":[{"embeddable":true,"href":"https:\/\/yournordichome.com\/cs\/wp-json\/wp\/v2\/comments?post=7648"}],"wp:featuredmedia":[{"embeddable":true,"href":"https:\/\/yournordichome.com\/cs\/wp-json\/wp\/v2\/media\/7540"}],"wp:attachment":[{"href":"https:\/\/yournordichome.com\/cs\/wp-json\/wp\/v2\/media?parent=7648"}],"wp:term":[{"taxonomy":"pwb-brand","embeddable":true,"href":"https:\/\/yournordichome.com\/cs\/wp-json\/wp\/v2\/pwb-brand?post=7648"},{"taxonomy":"product_brand","embeddable":true,"href":"https:\/\/yournordichome.com\/cs\/wp-json\/wp\/v2\/product_brand?post=7648"},{"taxonomy":"product_cat","embeddable":true,"href":"https:\/\/yournordichome.com\/cs\/wp-json\/wp\/v2\/product_cat?post=7648"},{"taxonomy":"product_tag","embeddable":true,"href":"https:\/\/yournordichome.com\/cs\/wp-json\/wp\/v2\/product_tag?post=7648"},{"taxonomy":"gyarto","embeddable":true,"href":"https:\/\/yournordichome.com\/cs\/wp-json\/wp\/v2\/gyarto?post=7648"}],"curies":[{"name":"wp","href":"https:\/\/api.w.org\/{rel}","templated":true}]}}