{"id":7641,"date":"2025-08-08T09:35:54","date_gmt":"2025-08-08T09:35:54","guid":{"rendered":"https:\/\/yournordichome.com\/product\/isola-rose-side-table\/"},"modified":"2025-08-29T14:06:22","modified_gmt":"2025-08-29T14:06:22","slug":"postranni-stolek-isola-rose","status":"publish","type":"product","link":"https:\/\/yournordichome.com\/cs\/product\/isola-rose-side-table\/","title":{"rendered":"Postrann\u00ed stolek Isola Rose"},"content":{"rendered":"<p>R\u016f\u017eov\u00fd odkl\u00e1dac\u00ed stolek Isola je speci\u00e1ln\u00ed kousek z kreativn\u00ed kolekce Bloomingville, kter\u00fd je vyroben z p\u0159\u00edrodn\u00edho borovicov\u00e9ho d\u0159eva a d\u00edky jemn\u00e9mu patinovan\u00e9mu r\u016f\u017eov\u00e9mu odst\u00ednu je skute\u010dn\u011b jedine\u010dn\u00fd. Jeho \u010dist\u00fd design, jemn\u011b zak\u0159iven\u00e1 deska stolu a multifunk\u010dn\u00ed spodn\u00ed poli\u010dka jsou nejen esteticky v\u00fdjime\u010dn\u00e9, ale tak\u00e9 mimo\u0159\u00e1dn\u011b praktick\u00e9 p\u0159i ka\u017edodenn\u00edm pou\u017e\u00edv\u00e1n\u00ed. St\u016fl je 68 cm vysok\u00fd, 60 cm \u0161irok\u00fd a 40 cm hlubok\u00fd, tak\u017ee je ide\u00e1ln\u00ed jak do men\u0161\u00edch prostor, tak do prostorn\u00fdch ob\u00fdvac\u00edch pokoj\u016f.<\/p>\n<p>Pe\u010dliv\u011b vyroben\u00fd r\u016f\u017eov\u00fd odkl\u00e1dac\u00ed stolek Isola z borovicov\u00e9ho d\u0159eva nen\u00ed jen kusem n\u00e1bytku, ale i \u017eivotn\u00edho stylu, kter\u00fd se d\u00edky sv\u00e9 prvot\u0159\u00eddn\u00ed kvalit\u011b a p\u0159\u00edv\u011btiv\u00e9 pastelov\u00e9 barv\u011b dokonale hod\u00ed k modern\u00edmu, skandin\u00e1vsk\u00e9mu nebo dokonce boh\u00e9msk\u00e9mu n\u00e1bytku. Jeho povrch se staro\u017eitn\u00fdm efektem elegantn\u011b odr\u00e1\u017e\u00ed filozofii kvality spole\u010dnosti Bloomingville a vn\u00e1\u0161\u00ed do ka\u017ed\u00e9ho interi\u00e9ru v\u00fdjime\u010dn\u00fd, jedine\u010dn\u00fd charakter.<\/p>\n<p>R\u016f\u017eov\u00fd odkl\u00e1dac\u00ed stolek Isola bez z\u00e1suvek a se dv\u011bma policemi m\u016f\u017ee b\u00fdt z\u00e1rove\u0148 domovem pro dekorativn\u00ed p\u0159edm\u011bty, knihy, rostliny nebo jin\u00e9 kr\u00e1sn\u00e9 dopl\u0148ky. Krom\u011b sv\u00e9 prakti\u010dnosti se snadno \u010dist\u00ed, k \u00fadr\u017eb\u011b sta\u010d\u00ed vlhk\u00fd had\u0159\u00edk. Speci\u00e1ln\u00ed zak\u0159iven\u00e1 deska stolku dod\u00e1v\u00e1 tomuto stylov\u00e9mu bo\u010dn\u00edmu stolku exkluzivn\u00ed vzhled.<\/p>\n<h2>Rozm\u011bry v\u00fdrobku<\/h2>\n<p>Rozm\u011bry v\u00fdrobku: D60xV68x\u016040 cm<br \/>\nV\u00fd\u0161ka police od podlahy: 9 cm<br \/>\nMateri\u00e1l v\u00fdrobku: 100% Borovice<br \/>\nPovrchov\u00e1 \u00faprava v\u00fdrobku: Staro\u017eitn\u00fd vzhled<br \/>\nPokyny pro p\u00e9\u010di: Ot\u0159ete vlhk\u00fdm had\u0159\u00edkem.<\/p>\n<h2>Pro\u010d si vybrat postrann\u00ed stolek Isola Rose?<\/h2>\n<p>- Vyrobeno z kvalitn\u00edho a odoln\u00e9ho borovicov\u00e9ho d\u0159eva<br \/>\n- Jemn\u011b patinovan\u00fd r\u016f\u017eov\u00fd povrch s exkluzivn\u00edm vzhledem<br \/>\n- S praktickou spodn\u00ed polic\u00ed pro dal\u0161\u00ed \u00falo\u017en\u00fd prostor<br \/>\n- Lze snadno kombinovat s mnoha styly interi\u00e9ru<br \/>\n- P\u0159edstavuje vynikaj\u00edc\u00ed kvalitu a jedine\u010dn\u00fd styl spole\u010dnosti Bloomingville.<br \/>\n- Vypad\u00e1 skv\u011ble v men\u0161\u00edch i v\u011bt\u0161\u00edch prostor\u00e1ch, v byt\u011b i dom\u011b.<\/p>\n<h2>Kde to vypad\u00e1 nejl\u00e9pe?<\/h2>\n<p>- V ob\u00fdvac\u00edm pokoji jako odkl\u00e1dac\u00ed stolek vedle pohovky<br \/>\n- V lo\u017enici jako no\u010dn\u00ed stolek nebo dekora\u010dn\u00ed stolek<br \/>\n- V p\u0159eds\u00edni k um\u00edst\u011bn\u00ed kv\u011btin nebo dekorativn\u00edch p\u0159edm\u011bt\u016f.<br \/>\n- V d\u011btsk\u00e9m pokoji k ulo\u017een\u00ed hra\u010dek nebo knih.<br \/>\n- V dom\u00e1c\u00ed kancel\u00e1\u0159i jako sou\u010d\u00e1st inspira\u010dn\u00edho koutku<\/p>","protected":false},"excerpt":{"rendered":"<p>R\u016f\u017eov\u00fd odkl\u00e1dac\u00ed stolek Isola je vyroben z elegantn\u00edho borovicov\u00e9ho d\u0159eva se starobyl\u00fdm vzhledem, kter\u00fd m\u016f\u017ee b\u00fdt d\u00edky harmonick\u00e9mu barevn\u00e9mu proveden\u00ed a praktick\u00e9mu designu ozdobou ka\u017ed\u00e9 dom\u00e1cnosti.<\/p>","protected":false},"featured_media":7572,"comment_status":"closed","ping_status":"closed","template":"","meta":{"_acf_changed":false,"_kad_post_transparent":"default","_kad_post_title":"","_kad_post_layout":"default","_kad_post_sidebar_id":"","_kad_post_content_style":"default","_kad_post_vertical_padding":"default","_kad_post_feature":"","_kad_post_feature_position":"","_kad_post_header":false,"_kad_post_footer":false,"_kad_post_classname":""},"pwb-brand":[17],"product_brand":[],"product_cat":[341,157],"product_tag":[1097,334,398,206,397,257,98],"gyarto":[],"class_list":{"0":"post-7641","1":"product","2":"type-product","3":"status-publish","4":"has-post-thumbnail","6":"pwb-brand-bloomingville","7":"product_cat-side-table","8":"product_cat-table","9":"product_tag-autumn-winter-2025","10":"product_tag-new-arrivals","11":"product_tag-nordic-design","12":"product_tag-nordic-furniture","13":"product_tag-nordic-home","14":"product_tag-pinewood-furniture","15":"product_tag-vintage-style","16":"pa_colour-rose","17":"pa_material-pine-wood","19":"first","20":"instock","21":"taxable","22":"shipping-taxable","23":"purchasable","24":"product-type-simple","25":"entry","26":"content-bg","27":"loop-entry"},"acf":[],"brands":[{"id":17,"name":"Bloomingville","slug":"bloomingville"}],"_links":{"self":[{"href":"https:\/\/yournordichome.com\/cs\/wp-json\/wp\/v2\/product\/7641","targetHints":{"allow":["GET"]}}],"collection":[{"href":"https:\/\/yournordichome.com\/cs\/wp-json\/wp\/v2\/product"}],"about":[{"href":"https:\/\/yournordichome.com\/cs\/wp-json\/wp\/v2\/types\/product"}],"replies":[{"embeddable":true,"href":"https:\/\/yournordichome.com\/cs\/wp-json\/wp\/v2\/comments?post=7641"}],"wp:featuredmedia":[{"embeddable":true,"href":"https:\/\/yournordichome.com\/cs\/wp-json\/wp\/v2\/media\/7572"}],"wp:attachment":[{"href":"https:\/\/yournordichome.com\/cs\/wp-json\/wp\/v2\/media?parent=7641"}],"wp:term":[{"taxonomy":"pwb-brand","embeddable":true,"href":"https:\/\/yournordichome.com\/cs\/wp-json\/wp\/v2\/pwb-brand?post=7641"},{"taxonomy":"product_brand","embeddable":true,"href":"https:\/\/yournordichome.com\/cs\/wp-json\/wp\/v2\/product_brand?post=7641"},{"taxonomy":"product_cat","embeddable":true,"href":"https:\/\/yournordichome.com\/cs\/wp-json\/wp\/v2\/product_cat?post=7641"},{"taxonomy":"product_tag","embeddable":true,"href":"https:\/\/yournordichome.com\/cs\/wp-json\/wp\/v2\/product_tag?post=7641"},{"taxonomy":"gyarto","embeddable":true,"href":"https:\/\/yournordichome.com\/cs\/wp-json\/wp\/v2\/gyarto?post=7641"}],"curies":[{"name":"wp","href":"https:\/\/api.w.org\/{rel}","templated":true}]}}