{"id":7639,"date":"2025-08-08T09:35:54","date_gmt":"2025-08-08T09:35:54","guid":{"rendered":"https:\/\/yournordichome.com\/product\/edith-white-side-table\/"},"modified":"2026-04-15T07:17:42","modified_gmt":"2026-04-15T07:17:42","slug":"bily-bocni-stolek-edith","status":"publish","type":"product","link":"https:\/\/yournordichome.com\/cs\/product\/edith-white-side-table\/","title":{"rendered":"B\u00edl\u00fd postrann\u00ed stolek Edith"},"content":{"rendered":"<p>B\u00edl\u00fd odkl\u00e1dac\u00ed stolek Edith od spole\u010dnosti Bloomingville je skute\u010dn\u011b jedine\u010dn\u00fd modern\u00ed kus n\u00e1bytku, kter\u00fd kombinuje skandin\u00e1vsk\u00fd minimalistick\u00fd styl s h\u0159ejivost\u00ed p\u0159\u00edrodn\u00edch materi\u00e1l\u016f. Kulat\u00e1 deska stolu o pr\u016fm\u011bru 40 cm a jedine\u010dn\u00e1 podno\u017e s dr\u00e1\u017ekami decentn\u011b odr\u00e1\u017eej\u00ed \u010distou estetiku \u017e\u00e1danou v dne\u0161n\u00edch interi\u00e9rech. B\u00edl\u00fd odkl\u00e1dac\u00ed stolek Edith je vyroben z borovicov\u00e9ho d\u0159eva a MDF a jeho b\u00edle lakovan\u00fd povrch mu dod\u00e1v\u00e1 prvot\u0159\u00eddn\u00ed vzhled a z\u00e1rove\u0148 vyza\u0159uje nad\u010dasovou eleganci.<\/p>\n<p>B\u00edl\u00fd odkl\u00e1dac\u00ed stolek Edith je nejen praktick\u00fdm kouskem pro ka\u017edodenn\u00ed pou\u017eit\u00ed, ale m\u016f\u017ee se st\u00e1t i vizu\u00e1ln\u00edm st\u0159edobodem ka\u017ed\u00e9 m\u00edstnosti. D\u00edky sv\u00fdm kompaktn\u00edm rozm\u011br\u016fm (v\u00fd\u0161ka: 50 cm, pr\u016fm\u011br: 40 cm) jej lze vyu\u017e\u00edt mnoha zp\u016fsoby: je ide\u00e1ln\u00ed volbou jako konferen\u010dn\u00ed stolek v ob\u00fdvac\u00edm pokoji, jako no\u010dn\u00ed stolek v lo\u017enici nebo i pro um\u00edst\u011bn\u00ed dekorativn\u00edch p\u0159edm\u011bt\u016f a kv\u011btin v \u00fatuln\u00e9m koutku. Jeho odoln\u00fd a snadno \u010distiteln\u00fd materi\u00e1l mu umo\u017e\u0148uje dlouhodob\u011b si zachovat svou kr\u00e1su - sta\u010d\u00ed ho \u010das od \u010dasu ot\u0159\u00edt vlhk\u00fdm had\u0159\u00edkem.<\/p>\n<h2>Rozm\u011bry v\u00fdrobku<\/h2>\n<p>Rozm\u011bry v\u00fdrobku: D40xH50 cm<br \/>\nMateri\u00e1l v\u00fdrobku: 50% Firwood, 50% MDF<br \/>\nMateri\u00e1l nohou: Jedlov\u00e9 d\u0159evo<br \/>\nPokyny pro p\u00e9\u010di: Ot\u0159ete vlhk\u00fdm had\u0159\u00edkem.<\/p>\n<h2>Pro\u010d si vybrat b\u00edl\u00fd odkl\u00e1dac\u00ed stolek Edith?<\/h2>\n<ul>\n<li>Jedine\u010dn\u00fd modern\u00ed design od spole\u010dnosti Bloomingville, kter\u00fd se bude skv\u011ble vyj\u00edmat v ka\u017ed\u00e9 dom\u00e1cnosti.<\/li>\n<li>Je vyroben z vysoce kvalitn\u00edho borovicov\u00e9ho d\u0159eva a MDF desek, co\u017e zaru\u010duje dlouhou \u017eivotnost a prvot\u0159\u00eddn\u00ed vzhled.<\/li>\n<li>Kompaktn\u00ed velikost pro v\u0161estrann\u00e9 pou\u017eit\u00ed.<\/li>\n<li>Snadno se \u010dist\u00ed, ide\u00e1ln\u00ed pro ka\u017edodenn\u00ed pou\u017eit\u00ed.<\/li>\n<li>Dr\u00e1\u017ekovan\u00e1 z\u00e1kladna dod\u00e1v\u00e1 m\u00f3dn\u00ed, ale p\u0159irozen\u00fd vzhled.<\/li>\n<\/ul>\n<h2>Kde to vypad\u00e1 nejl\u00e9pe?<\/h2>\n<ul>\n<li>V ob\u00fdvac\u00edm pokoji jako \u010dist\u00fd konferen\u010dn\u00ed stolek nebo bo\u010dn\u00ed stolek.<\/li>\n<li>V lo\u017enici jako modern\u00ed no\u010dn\u00ed stolek.<\/li>\n<li>Na chodb\u011b nebo v p\u0159eds\u00edni jako dekorativn\u00ed stolek.<\/li>\n<li>V koutku na \u010dten\u00ed, pobl\u00ed\u017e lampy nebo obl\u00edben\u00fdch knih.<\/li>\n<li>V men\u0161\u00edch prostor\u00e1ch, kde je d\u016fle\u017eit\u00e1 praktick\u00e1 velikost a elegance bez n\u00e1mahy.<\/li>\n<\/ul>\n<p>B\u00edl\u00fd koncov\u00fd stolek Edith je funk\u010dn\u00ed a stylov\u00fd, a\u0165 u\u017e se jedn\u00e1 o skandin\u00e1vsk\u00fd, minimalistick\u00fd nebo eklektick\u00fd interi\u00e9r. Zd\u016fraz\u0148uje p\u0159\u00edrodn\u00ed materi\u00e1ly, zat\u00edmco b\u00edl\u00fd lak mu dod\u00e1v\u00e1 st\u0159\u00eddm\u00fd, ale osobit\u00fd vzhled.<\/p>","protected":false},"excerpt":{"rendered":"<p>B\u00edl\u00fd odkl\u00e1dac\u00ed stolek Edith m\u00e1 modern\u00ed, \u010dist\u00fd design, dr\u00e1\u017ekovanou podno\u017e a je vyroben z kvalitn\u00edho borovicov\u00e9ho d\u0159eva. Je ide\u00e1ln\u00ed volbou do stylov\u00fdch prostor.<\/p>","protected":false},"featured_media":7549,"comment_status":"closed","ping_status":"closed","template":"","meta":{"_acf_changed":false,"_kad_post_transparent":"default","_kad_post_title":"","_kad_post_layout":"default","_kad_post_sidebar_id":"","_kad_post_content_style":"default","_kad_post_vertical_padding":"default","_kad_post_feature":"","_kad_post_feature_position":"","_kad_post_header":false,"_kad_post_footer":false,"_kad_post_classname":""},"pwb-brand":[],"product_brand":[],"product_cat":[341,157],"product_tag":[1097,285,334,398,206,397,257,433],"gyarto":[1099],"class_list":{"0":"post-7639","1":"product","2":"type-product","3":"status-publish","4":"has-post-thumbnail","6":"product_cat-side-table","7":"product_cat-table","8":"product_tag-autumn-winter-2025","9":"product_tag-minimalist-furniture","10":"product_tag-new-arrivals","11":"product_tag-nordic-design","12":"product_tag-nordic-furniture","13":"product_tag-nordic-home","14":"product_tag-pinewood-furniture","15":"product_tag-round-coffee-table","16":"pa_colour-white","17":"pa_material-firwood","18":"gyarto-bloomingville","20":"first","21":"instock","22":"taxable","23":"shipping-taxable","24":"purchasable","25":"product-type-simple","26":"entry","27":"content-bg","28":"loop-entry"},"acf":[],"brands":[],"_links":{"self":[{"href":"https:\/\/yournordichome.com\/cs\/wp-json\/wp\/v2\/product\/7639","targetHints":{"allow":["GET"]}}],"collection":[{"href":"https:\/\/yournordichome.com\/cs\/wp-json\/wp\/v2\/product"}],"about":[{"href":"https:\/\/yournordichome.com\/cs\/wp-json\/wp\/v2\/types\/product"}],"replies":[{"embeddable":true,"href":"https:\/\/yournordichome.com\/cs\/wp-json\/wp\/v2\/comments?post=7639"}],"wp:featuredmedia":[{"embeddable":true,"href":"https:\/\/yournordichome.com\/cs\/wp-json\/wp\/v2\/media\/7549"}],"wp:attachment":[{"href":"https:\/\/yournordichome.com\/cs\/wp-json\/wp\/v2\/media?parent=7639"}],"wp:term":[{"taxonomy":"pwb-brand","embeddable":true,"href":"https:\/\/yournordichome.com\/cs\/wp-json\/wp\/v2\/pwb-brand?post=7639"},{"taxonomy":"product_brand","embeddable":true,"href":"https:\/\/yournordichome.com\/cs\/wp-json\/wp\/v2\/product_brand?post=7639"},{"taxonomy":"product_cat","embeddable":true,"href":"https:\/\/yournordichome.com\/cs\/wp-json\/wp\/v2\/product_cat?post=7639"},{"taxonomy":"product_tag","embeddable":true,"href":"https:\/\/yournordichome.com\/cs\/wp-json\/wp\/v2\/product_tag?post=7639"},{"taxonomy":"gyarto","embeddable":true,"href":"https:\/\/yournordichome.com\/cs\/wp-json\/wp\/v2\/gyarto?post=7639"}],"curies":[{"name":"wp","href":"https:\/\/api.w.org\/{rel}","templated":true}]}}