{"id":7638,"date":"2025-08-08T09:35:54","date_gmt":"2025-08-08T09:35:54","guid":{"rendered":"https:\/\/yournordichome.com\/product\/vixen-black-dining-table\/"},"modified":"2025-08-29T13:56:05","modified_gmt":"2025-08-29T13:56:05","slug":"cerny-jidelni-stul-vixen","status":"publish","type":"product","link":"https:\/\/yournordichome.com\/cs\/product\/vixen-black-dining-table\/","title":{"rendered":"\u010cern\u00fd j\u00eddeln\u00ed st\u016fl Vixen"},"content":{"rendered":"<p>\u010cern\u00fd j\u00eddeln\u00ed st\u016fl Vixen od zna\u010dky Bloomingville je prvot\u0159\u00eddn\u00ed volbou pro ty, kte\u0159\u00ed cht\u011bj\u00ed spojit \u010dist\u00fd, modern\u00ed design s nad\u010dasovost\u00ed p\u0159\u00edrodn\u00edch materi\u00e1l\u016f. D\u00edky stylov\u00e9mu, \u010dern\u011b lakovan\u00e9mu povrchu z borovicov\u00e9ho d\u0159eva a jedine\u010dn\u00e9mu, socha\u0159sk\u00e9mu designu nohou je skute\u010dn\u011b poutav\u00fdm kouskem, kter\u00fd se bude vyj\u00edmat v ka\u017ed\u00e9m interi\u00e9ru. Jeho \u010dist\u00fd design a sofistikovan\u00e9 zpracov\u00e1n\u00ed evokuj\u00ed nad\u010dasovou eleganci skandin\u00e1vsk\u00e9ho designu.<\/p>\n<p>\u010cern\u00fd j\u00eddeln\u00ed st\u016fl Vixen nen\u00ed jen kusem n\u00e1bytku, ale zp\u016fsobem \u017eivota - pou\u017eit\u00ed kvalitn\u00edch materi\u00e1l\u016f, mezi kter\u00e9 pat\u0159\u00ed borovice 50% a MDF 50%, zaji\u0161\u0165uje odolnost a stabilitu. Jeho \u010dern\u00fd odst\u00edn a lak, kter\u00fd zv\u00fdraz\u0148uje p\u0159irozenou kresbu d\u0159eva, se hod\u00ed ke sv\u011btl\u00fdm i tmav\u00fdm t\u00f3n\u016fm, tak\u017ee jej lze pou\u017e\u00edt v minimalistick\u00e9m, boh\u00e9msk\u00e9m i klasick\u00e9m interi\u00e9ru. St\u016fl o pr\u016fm\u011bru 80 cm a v\u00fd\u0161ce 75 cm je ide\u00e1ln\u00ed volbou pro rodinn\u00e9 ve\u010de\u0159e pro \u010dty\u0159i osoby, p\u0159\u00edjemn\u00e9 rozhovory nebo stylov\u00e9 sn\u00eddan\u011b. Deska stolu m\u00e1 tlou\u0161\u0165ku 4 cm, tak\u017ee vypad\u00e1 opravdu p\u016fsobiv\u011b a z\u00e1rove\u0148 spo\u010d\u00edv\u00e1 na stabiln\u00ed z\u00e1kladn\u011b.<\/p>\n<p>\u010cern\u00fd j\u00eddeln\u00ed st\u016fl Vixen se snadno udr\u017euje v \u010distot\u011b: sta\u010d\u00ed ot\u0159\u00edt jeho povrch vlhk\u00fdm had\u0159\u00edkem, aby dlouho vypadal jako nov\u00fd. D\u00edky sv\u00e9mu \u010dist\u00e9mu a z\u00e1rove\u0148 osobit\u00e9mu vzhledu se stane jedn\u00edm z nejobl\u00edben\u011bj\u0161\u00edch kus\u016f n\u00e1bytku ve va\u0161\u00ed dom\u00e1cnosti a vytvo\u0159\u00ed inspirativn\u00ed prost\u0159ed\u00ed pro ka\u017edodenn\u00ed stolov\u00e1n\u00ed nebo spole\u010dn\u00e9 chv\u00edle.<\/p>\n<h2>Rozm\u011bry v\u00fdrobku<\/h2>\n<p>Rozm\u011bry v\u00fdrobku: D80xV75 cm<br \/>\nMateri\u00e1l v\u00fdrobku: 50% Firwood, 50% MDF<br \/>\nMateri\u00e1l nohou: Jedlov\u00e9 d\u0159evo<br \/>\nPokyny pro p\u00e9\u010di: Ot\u0159ete vlhk\u00fdm had\u0159\u00edkem.<\/p>\n<h2>Pro\u010d si vybrat \u010dern\u00fd j\u00eddeln\u00ed st\u016fl Vixen?<\/h2>\n<ul>\n<li>Pr\u00e9miov\u00e1 kvalita, v\u00fdrobek zna\u010dky Bloomingville<\/li>\n<li>\u010cern\u00fd, lakovan\u00fd povrch z borovicov\u00e9ho d\u0159eva s jedine\u010dnou kresbou d\u0159eva<\/li>\n<li>Speci\u00e1ln\u00ed socha\u0159sk\u00fd design nohou pro modern\u00ed interi\u00e9r<\/li>\n<li>Odoln\u00e1, pevn\u00e1 konstrukce a nad\u010dasov\u00e9 pou\u017eit\u00ed materi\u00e1l\u016f<\/li>\n<li>\u00a0Snadno se \u010dist\u00ed, praktick\u00e9 \u0159e\u0161en\u00ed<\/li>\n<\/ul>\n<h2>Kde to vypad\u00e1 nejl\u00e9pe?<\/h2>\n<ul>\n<li>Ve stylov\u00e9 j\u00eddeln\u011b jako \u00fast\u0159edn\u00ed kus n\u00e1bytku<\/li>\n<li>V modern\u00edm ob\u00fdvac\u00edm pokoji, vedle \u010dtec\u00edho koutku, jako designov\u00fd dopln\u011bk<\/li>\n<li>Minimalistick\u00fd skandin\u00e1vsk\u00fd interi\u00e9r v kombinaci s p\u0159\u00edrodn\u00edmi barvami<\/li>\n<li>\u00a0V podkrovn\u00edch nebo pr\u016fmyslov\u00fdch prostor\u00e1ch jako osobit\u00fd akcent.<\/li>\n<\/ul>","protected":false},"excerpt":{"rendered":"<p>\u010cern\u00fd j\u00eddeln\u00ed st\u016fl Vixen s elegantn\u00edm designem a speci\u00e1ln\u00edm lakovan\u00fdm povrchem z borovice dod\u00e1 ka\u017ed\u00e9 j\u00eddeln\u011b nebo ob\u00fdvac\u00edmu pokoji skute\u010dn\u011b stylov\u00fd vzhled.<\/p>","protected":false},"featured_media":7626,"comment_status":"closed","ping_status":"closed","template":"","meta":{"_acf_changed":false,"_kad_post_transparent":"default","_kad_post_title":"","_kad_post_layout":"default","_kad_post_sidebar_id":"","_kad_post_content_style":"default","_kad_post_vertical_padding":"default","_kad_post_feature":"","_kad_post_feature_position":"","_kad_post_header":false,"_kad_post_footer":false,"_kad_post_classname":""},"pwb-brand":[],"product_brand":[],"product_cat":[240,157],"product_tag":[1097,285,334,398,206,397,257],"gyarto":[1099],"class_list":{"0":"post-7638","1":"product","2":"type-product","3":"status-publish","4":"has-post-thumbnail","6":"product_cat-dining-table","7":"product_cat-table","8":"product_tag-autumn-winter-2025","9":"product_tag-minimalist-furniture","10":"product_tag-new-arrivals","11":"product_tag-nordic-design","12":"product_tag-nordic-furniture","13":"product_tag-nordic-home","14":"product_tag-pinewood-furniture","15":"pa_colour-black","16":"pa_material-firwood","17":"gyarto-bloomingville","19":"first","20":"instock","21":"taxable","22":"shipping-taxable","23":"purchasable","24":"product-type-simple","25":"entry","26":"content-bg","27":"loop-entry"},"acf":[],"brands":[],"_links":{"self":[{"href":"https:\/\/yournordichome.com\/cs\/wp-json\/wp\/v2\/product\/7638","targetHints":{"allow":["GET"]}}],"collection":[{"href":"https:\/\/yournordichome.com\/cs\/wp-json\/wp\/v2\/product"}],"about":[{"href":"https:\/\/yournordichome.com\/cs\/wp-json\/wp\/v2\/types\/product"}],"replies":[{"embeddable":true,"href":"https:\/\/yournordichome.com\/cs\/wp-json\/wp\/v2\/comments?post=7638"}],"wp:featuredmedia":[{"embeddable":true,"href":"https:\/\/yournordichome.com\/cs\/wp-json\/wp\/v2\/media\/7626"}],"wp:attachment":[{"href":"https:\/\/yournordichome.com\/cs\/wp-json\/wp\/v2\/media?parent=7638"}],"wp:term":[{"taxonomy":"pwb-brand","embeddable":true,"href":"https:\/\/yournordichome.com\/cs\/wp-json\/wp\/v2\/pwb-brand?post=7638"},{"taxonomy":"product_brand","embeddable":true,"href":"https:\/\/yournordichome.com\/cs\/wp-json\/wp\/v2\/product_brand?post=7638"},{"taxonomy":"product_cat","embeddable":true,"href":"https:\/\/yournordichome.com\/cs\/wp-json\/wp\/v2\/product_cat?post=7638"},{"taxonomy":"product_tag","embeddable":true,"href":"https:\/\/yournordichome.com\/cs\/wp-json\/wp\/v2\/product_tag?post=7638"},{"taxonomy":"gyarto","embeddable":true,"href":"https:\/\/yournordichome.com\/cs\/wp-json\/wp\/v2\/gyarto?post=7638"}],"curies":[{"name":"wp","href":"https:\/\/api.w.org\/{rel}","templated":true}]}}